{"id":59656,"date":"2023-08-24T12:31:04","date_gmt":"2023-08-24T16:31:04","guid":{"rendered":"https:\/\/www.mancinileather.com\/product\/buffalo-briefcase-with-dual-compartments-for-15-6-laptop"},"modified":"2025-07-24T02:23:32","modified_gmt":"2025-07-24T06:23:32","slug":"mallette-buffalo-avec-double-compartiment-pour-ordinateur-portable-156-pouces","status":"publish","type":"product","link":"https:\/\/www.mancinileather.com\/fr\/produit\/mallette-buffalo-avec-double-compartiment-pour-ordinateur-portable-156-pouces","title":{"rendered":"Mallette Buffalo avec Double Compartiment pour Ordinateur Portable 15,6 pouces"},"content":{"rendered":"<div class=\"fusion-fullwidth fullwidth-box fusion-builder-row-1 fusion-flex-container has-pattern-background has-mask-background nonhundred-percent-fullwidth non-hundred-percent-height-scrolling\" style=\"--awb-border-radius-top-left:0px;--awb-border-radius-top-right:0px;--awb-border-radius-bottom-right:0px;--awb-border-radius-bottom-left:0px;--awb-flex-wrap:wrap;\" ><div class=\"fusion-builder-row fusion-row fusion-flex-align-items-flex-start fusion-flex-content-wrap\" style=\"max-width:1430px;margin-left: calc(-4% \/ 2 );margin-right: calc(-4% \/ 2 );\"><div class=\"fusion-layout-column fusion_builder_column fusion-builder-column-0 fusion_builder_column_1_1 1_1 fusion-flex-column\" style=\"--awb-bg-size:cover;--awb-width-large:100%;--awb-margin-top-large:0px;--awb-spacing-right-large:1.92%;--awb-margin-bottom-large:20px;--awb-spacing-left-large:1.92%;--awb-width-medium:100%;--awb-order-medium:0;--awb-spacing-right-medium:1.92%;--awb-spacing-left-medium:1.92%;--awb-width-small:100%;--awb-order-small:0;--awb-spacing-right-small:1.92%;--awb-spacing-left-small:1.92%;\"><div class=\"fusion-column-wrapper fusion-column-has-shadow fusion-flex-justify-content-flex-start fusion-content-layout-column\"><div class=\"fusion-text fusion-text-1\"><p>Notre collection\u00a0<strong>Buffalo<\/strong>\u00a0repr\u00e9sente la fusion de style contemporain avec le look urbain brut. Dot\u00e9 de compartiments rembourr\u00e9s pour prot\u00e9ger votre tablette et portable, cette collection comblera tous vos besoins avec style. Articles fabriqu\u00e9s \u00e0 la main en cuir de buffle pleine fleure cire grasse.<\/p>\n<p>Pr\u00e9sentant une mallette pour ordinateur portable arborant un compartiment zipp\u00e9 con\u00e7u sur mesure avec une pochette matelass\u00e9e pour garantir la s\u00e9curit\u00e9 et la protection de vos appareils. D\u00e9couvrez une fonctionnalit\u00e9 am\u00e9lior\u00e9e avec un organiseur comprenant une gamme de poches pratiques. L&#8217;arri\u00e8re de la mallette est soigneusement con\u00e7u avec une poche zipp\u00e9e et une sangle attach-a-bag, facilitant une fixation sans faille \u00e0 d&#8217;autres bagages. En compl\u00e9ment de sa fonctionnalit\u00e9, de multiples poches avant offrent un acc\u00e8s facile \u00e0 vos essentiels.<\/p>\n<\/div><\/div><\/div><\/div><\/div>\n","protected":false},"excerpt":{"rendered":"","protected":false},"featured_media":59655,"comment_status":"open","ping_status":"closed","template":"","meta":[],"pwb-brand":[],"product_brand":[],"product_cat":[1630,1638,1592,1509,1493,1467],"product_tag":[],"class_list":{"0":"post-59656","1":"product","2":"type-product","3":"status-publish","4":"has-post-thumbnail","6":"product_cat-femme","7":"product_cat-hommes","8":"product_cat-malettes","9":"product_cat-porte-documents-cuir-pour-femmes","10":"product_cat-porte-documents-cuir-pour-hommes","11":"product_cat-porte-documents-pour-laptop-tablette","12":"pa_collection-buffalo-fr","13":"pa_color-brun","14":"pa_color-noir-fr","15":"pa_material-cuir-de-buffle-pleine-fleur-cire-grasse","17":"first","18":"instock","19":"taxable","20":"shipping-taxable","21":"purchasable","22":"product-type-variable","23":"has-default-attributes"},"yoast_head":"<!-- This site is optimized with the Yoast SEO plugin v27.4 - https:\/\/yoast.com\/product\/yoast-seo-wordpress\/ -->\n<title>Mallette Buffalo avec Double Compartiment pour Ordinateur Portable 15,6 pouces - Mancini<\/title>\n<meta name=\"robots\" content=\"index, follow, max-snippet:-1, max-image-preview:large, max-video-preview:-1\" \/>\n<link rel=\"canonical\" href=\"https:\/\/www.mancinileather.com\/fr\/produit\/mallette-buffalo-avec-double-compartiment-pour-ordinateur-portable-156-pouces\" \/>\n<meta property=\"og:locale\" content=\"fr_FR\" \/>\n<meta property=\"og:type\" content=\"article\" \/>\n<meta property=\"og:title\" content=\"Mallette Buffalo avec Double Compartiment pour Ordinateur Portable 15,6 pouces - Mancini\" \/>\n<meta property=\"og:url\" content=\"https:\/\/www.mancinileather.com\/fr\/produit\/mallette-buffalo-avec-double-compartiment-pour-ordinateur-portable-156-pouces\" \/>\n<meta property=\"og:site_name\" content=\"Mancini\" \/>\n<meta property=\"article:modified_time\" content=\"2025-07-24T06:23:32+00:00\" \/>\n<meta property=\"og:image\" content=\"https:\/\/www.mancinileather.com\/wp-content\/uploads\/2023\/08\/99-5485_Brown_1.jpg\" \/>\n\t<meta property=\"og:image:width\" content=\"2000\" \/>\n\t<meta property=\"og:image:height\" content=\"2000\" \/>\n\t<meta property=\"og:image:type\" content=\"image\/jpeg\" \/>\n<meta name=\"twitter:card\" content=\"summary_large_image\" \/>\n<meta name=\"twitter:label1\" content=\"Est. reading time\" \/>\n\t<meta name=\"twitter:data1\" content=\"3 minutes\" \/>\n<script type=\"application\/ld+json\" class=\"yoast-schema-graph\">{\"@context\":\"https:\\\/\\\/schema.org\",\"@graph\":[{\"@type\":\"WebPage\",\"@id\":\"https:\\\/\\\/www.mancinileather.com\\\/fr\\\/produit\\\/mallette-buffalo-avec-double-compartiment-pour-ordinateur-portable-156-pouces\",\"url\":\"https:\\\/\\\/www.mancinileather.com\\\/fr\\\/produit\\\/mallette-buffalo-avec-double-compartiment-pour-ordinateur-portable-156-pouces\",\"name\":\"Mallette Buffalo avec Double Compartiment pour Ordinateur Portable 15,6 pouces - Mancini\",\"isPartOf\":{\"@id\":\"https:\\\/\\\/www.mancinileather.com\\\/fr#website\"},\"primaryImageOfPage\":{\"@id\":\"https:\\\/\\\/www.mancinileather.com\\\/fr\\\/produit\\\/mallette-buffalo-avec-double-compartiment-pour-ordinateur-portable-156-pouces#primaryimage\"},\"image\":{\"@id\":\"https:\\\/\\\/www.mancinileather.com\\\/fr\\\/produit\\\/mallette-buffalo-avec-double-compartiment-pour-ordinateur-portable-156-pouces#primaryimage\"},\"thumbnailUrl\":\"https:\\\/\\\/www.mancinileather.com\\\/wp-content\\\/uploads\\\/2023\\\/08\\\/99-5485_Brown_1.jpg\",\"datePublished\":\"2023-08-24T16:31:04+00:00\",\"dateModified\":\"2025-07-24T06:23:32+00:00\",\"breadcrumb\":{\"@id\":\"https:\\\/\\\/www.mancinileather.com\\\/fr\\\/produit\\\/mallette-buffalo-avec-double-compartiment-pour-ordinateur-portable-156-pouces#breadcrumb\"},\"inLanguage\":\"fr-FR\",\"potentialAction\":[{\"@type\":\"ReadAction\",\"target\":[\"https:\\\/\\\/www.mancinileather.com\\\/fr\\\/produit\\\/mallette-buffalo-avec-double-compartiment-pour-ordinateur-portable-156-pouces\"]}]},{\"@type\":\"ImageObject\",\"inLanguage\":\"fr-FR\",\"@id\":\"https:\\\/\\\/www.mancinileather.com\\\/fr\\\/produit\\\/mallette-buffalo-avec-double-compartiment-pour-ordinateur-portable-156-pouces#primaryimage\",\"url\":\"https:\\\/\\\/www.mancinileather.com\\\/wp-content\\\/uploads\\\/2023\\\/08\\\/99-5485_Brown_1.jpg\",\"contentUrl\":\"https:\\\/\\\/www.mancinileather.com\\\/wp-content\\\/uploads\\\/2023\\\/08\\\/99-5485_Brown_1.jpg\",\"width\":2000,\"height\":2000},{\"@type\":\"BreadcrumbList\",\"@id\":\"https:\\\/\\\/www.mancinileather.com\\\/fr\\\/produit\\\/mallette-buffalo-avec-double-compartiment-pour-ordinateur-portable-156-pouces#breadcrumb\",\"itemListElement\":[{\"@type\":\"ListItem\",\"position\":1,\"name\":\"Home\",\"item\":\"https:\\\/\\\/www.mancinileather.com\\\/fr\"},{\"@type\":\"ListItem\",\"position\":2,\"name\":\"Boutique\",\"item\":\"https:\\\/\\\/www.mancinileather.com\\\/fr\\\/boutique\"},{\"@type\":\"ListItem\",\"position\":3,\"name\":\"Mallette Buffalo avec Double Compartiment pour Ordinateur Portable 15,6 pouces\"}]},{\"@type\":\"WebSite\",\"@id\":\"https:\\\/\\\/www.mancinileather.com\\\/fr#website\",\"url\":\"https:\\\/\\\/www.mancinileather.com\\\/fr\",\"name\":\"Mancini\",\"description\":\"Online Leather Store and Products\",\"potentialAction\":[{\"@type\":\"SearchAction\",\"target\":{\"@type\":\"EntryPoint\",\"urlTemplate\":\"https:\\\/\\\/www.mancinileather.com\\\/fr?s={search_term_string}\"},\"query-input\":{\"@type\":\"PropertyValueSpecification\",\"valueRequired\":true,\"valueName\":\"search_term_string\"}}],\"inLanguage\":\"fr-FR\"}]}<\/script>\n<!-- \/ Yoast SEO plugin. -->","yoast_head_json":{"title":"Mallette Buffalo avec Double Compartiment pour Ordinateur Portable 15,6 pouces - Mancini","robots":{"index":"index","follow":"follow","max-snippet":"max-snippet:-1","max-image-preview":"max-image-preview:large","max-video-preview":"max-video-preview:-1"},"canonical":"https:\/\/www.mancinileather.com\/fr\/produit\/mallette-buffalo-avec-double-compartiment-pour-ordinateur-portable-156-pouces","og_locale":"fr_FR","og_type":"article","og_title":"Mallette Buffalo avec Double Compartiment pour Ordinateur Portable 15,6 pouces - Mancini","og_url":"https:\/\/www.mancinileather.com\/fr\/produit\/mallette-buffalo-avec-double-compartiment-pour-ordinateur-portable-156-pouces","og_site_name":"Mancini","article_modified_time":"2025-07-24T06:23:32+00:00","og_image":[{"width":2000,"height":2000,"url":"https:\/\/www.mancinileather.com\/wp-content\/uploads\/2023\/08\/99-5485_Brown_1.jpg","type":"image\/jpeg"}],"twitter_card":"summary_large_image","twitter_misc":{"Est. reading time":"3 minutes"},"schema":{"@context":"https:\/\/schema.org","@graph":[{"@type":"WebPage","@id":"https:\/\/www.mancinileather.com\/fr\/produit\/mallette-buffalo-avec-double-compartiment-pour-ordinateur-portable-156-pouces","url":"https:\/\/www.mancinileather.com\/fr\/produit\/mallette-buffalo-avec-double-compartiment-pour-ordinateur-portable-156-pouces","name":"Mallette Buffalo avec Double Compartiment pour Ordinateur Portable 15,6 pouces - Mancini","isPartOf":{"@id":"https:\/\/www.mancinileather.com\/fr#website"},"primaryImageOfPage":{"@id":"https:\/\/www.mancinileather.com\/fr\/produit\/mallette-buffalo-avec-double-compartiment-pour-ordinateur-portable-156-pouces#primaryimage"},"image":{"@id":"https:\/\/www.mancinileather.com\/fr\/produit\/mallette-buffalo-avec-double-compartiment-pour-ordinateur-portable-156-pouces#primaryimage"},"thumbnailUrl":"https:\/\/www.mancinileather.com\/wp-content\/uploads\/2023\/08\/99-5485_Brown_1.jpg","datePublished":"2023-08-24T16:31:04+00:00","dateModified":"2025-07-24T06:23:32+00:00","breadcrumb":{"@id":"https:\/\/www.mancinileather.com\/fr\/produit\/mallette-buffalo-avec-double-compartiment-pour-ordinateur-portable-156-pouces#breadcrumb"},"inLanguage":"fr-FR","potentialAction":[{"@type":"ReadAction","target":["https:\/\/www.mancinileather.com\/fr\/produit\/mallette-buffalo-avec-double-compartiment-pour-ordinateur-portable-156-pouces"]}]},{"@type":"ImageObject","inLanguage":"fr-FR","@id":"https:\/\/www.mancinileather.com\/fr\/produit\/mallette-buffalo-avec-double-compartiment-pour-ordinateur-portable-156-pouces#primaryimage","url":"https:\/\/www.mancinileather.com\/wp-content\/uploads\/2023\/08\/99-5485_Brown_1.jpg","contentUrl":"https:\/\/www.mancinileather.com\/wp-content\/uploads\/2023\/08\/99-5485_Brown_1.jpg","width":2000,"height":2000},{"@type":"BreadcrumbList","@id":"https:\/\/www.mancinileather.com\/fr\/produit\/mallette-buffalo-avec-double-compartiment-pour-ordinateur-portable-156-pouces#breadcrumb","itemListElement":[{"@type":"ListItem","position":1,"name":"Home","item":"https:\/\/www.mancinileather.com\/fr"},{"@type":"ListItem","position":2,"name":"Boutique","item":"https:\/\/www.mancinileather.com\/fr\/boutique"},{"@type":"ListItem","position":3,"name":"Mallette Buffalo avec Double Compartiment pour Ordinateur Portable 15,6 pouces"}]},{"@type":"WebSite","@id":"https:\/\/www.mancinileather.com\/fr#website","url":"https:\/\/www.mancinileather.com\/fr","name":"Mancini","description":"Online Leather Store and Products","potentialAction":[{"@type":"SearchAction","target":{"@type":"EntryPoint","urlTemplate":"https:\/\/www.mancinileather.com\/fr?s={search_term_string}"},"query-input":{"@type":"PropertyValueSpecification","valueRequired":true,"valueName":"search_term_string"}}],"inLanguage":"fr-FR"}]}},"brands":[],"_links":{"self":[{"href":"https:\/\/www.mancinileather.com\/fr\/wp-json\/wp\/v2\/product\/59656","targetHints":{"allow":["GET"]}}],"collection":[{"href":"https:\/\/www.mancinileather.com\/fr\/wp-json\/wp\/v2\/product"}],"about":[{"href":"https:\/\/www.mancinileather.com\/fr\/wp-json\/wp\/v2\/types\/product"}],"replies":[{"embeddable":true,"href":"https:\/\/www.mancinileather.com\/fr\/wp-json\/wp\/v2\/comments?post=59656"}],"wp:featuredmedia":[{"embeddable":true,"href":"https:\/\/www.mancinileather.com\/fr\/wp-json\/wp\/v2\/media\/59655"}],"wp:attachment":[{"href":"https:\/\/www.mancinileather.com\/fr\/wp-json\/wp\/v2\/media?parent=59656"}],"wp:term":[{"taxonomy":"pwb-brand","embeddable":true,"href":"https:\/\/www.mancinileather.com\/fr\/wp-json\/wp\/v2\/pwb-brand?post=59656"},{"taxonomy":"product_brand","embeddable":true,"href":"https:\/\/www.mancinileather.com\/fr\/wp-json\/wp\/v2\/product_brand?post=59656"},{"taxonomy":"product_cat","embeddable":true,"href":"https:\/\/www.mancinileather.com\/fr\/wp-json\/wp\/v2\/product_cat?post=59656"},{"taxonomy":"product_tag","embeddable":true,"href":"https:\/\/www.mancinileather.com\/fr\/wp-json\/wp\/v2\/product_tag?post=59656"}],"curies":[{"name":"wp","href":"https:\/\/api.w.org\/{rel}","templated":true}]}}