{"id":59701,"date":"2023-08-24T14:51:06","date_gmt":"2023-08-24T18:51:06","guid":{"rendered":"https:\/\/www.mancinileather.com\/product\/buffalo-backpack-with-zippered-laptop-tablet-compartment"},"modified":"2025-07-24T02:23:32","modified_gmt":"2025-07-24T06:23:32","slug":"sac-a-dos-buffalo-avec-compartiment-zippe-pour-ordinateur-portable-tablette","status":"publish","type":"product","link":"https:\/\/www.mancinileather.com\/fr\/produit\/sac-a-dos-buffalo-avec-compartiment-zippe-pour-ordinateur-portable-tablette","title":{"rendered":"Sac \u00e0 dos Buffalo avec compartiment zipp\u00e9 pour ordinateur portable\/tablette"},"content":{"rendered":"<div class=\"fusion-fullwidth fullwidth-box fusion-builder-row-1 fusion-flex-container has-pattern-background has-mask-background nonhundred-percent-fullwidth non-hundred-percent-height-scrolling\" style=\"--awb-border-radius-top-left:0px;--awb-border-radius-top-right:0px;--awb-border-radius-bottom-right:0px;--awb-border-radius-bottom-left:0px;--awb-flex-wrap:wrap;\" ><div class=\"fusion-builder-row fusion-row fusion-flex-align-items-flex-start fusion-flex-content-wrap\" style=\"max-width:1430px;margin-left: calc(-4% \/ 2 );margin-right: calc(-4% \/ 2 );\"><div class=\"fusion-layout-column fusion_builder_column fusion-builder-column-0 fusion_builder_column_1_1 1_1 fusion-flex-column\" style=\"--awb-bg-size:cover;--awb-width-large:100%;--awb-margin-top-large:0px;--awb-spacing-right-large:1.92%;--awb-margin-bottom-large:20px;--awb-spacing-left-large:1.92%;--awb-width-medium:100%;--awb-order-medium:0;--awb-spacing-right-medium:1.92%;--awb-spacing-left-medium:1.92%;--awb-width-small:100%;--awb-order-small:0;--awb-spacing-right-small:1.92%;--awb-spacing-left-small:1.92%;\"><div class=\"fusion-column-wrapper fusion-column-has-shadow fusion-flex-justify-content-flex-start fusion-content-layout-column\"><div class=\"fusion-text fusion-text-1\"><p>Notre collection\u00a0<strong>Buffalo<\/strong>\u00a0repr\u00e9sente la fusion de style contemporain avec le look urbain brut. Dot\u00e9 de compartiments rembourr\u00e9s pour prot\u00e9ger votre tablette et portable, cette collection comblera tous vos besoins avec style. Articles fabriqu\u00e9s \u00e0 la main en cuir de buffle pleine fleure cire grasse.<\/p>\n<p>Plongez dans la sophistication avec ce sac \u00e0 dos remarquable qui arbore un compartiment matelass\u00e9 zipp\u00e9 con\u00e7u pour prot\u00e9ger votre ordinateur portable et votre tablette. \u00c9levez votre organisation avec un organiseur frontal, \u00e9quip\u00e9 de plusieurs emplacements pour cartes de cr\u00e9dit et poches, accompagn\u00e9 de poches zipp\u00e9es pratiques des deux c\u00f4t\u00e9s. Comme une touche de modernit\u00e9, l&#8217;organisateur int\u00e8gre une technologie avanc\u00e9e de blocage d&#8217;ondes RFID pour garantir la s\u00e9curit\u00e9 de vos donn\u00e9es et de vos cartes.<\/p>\n<\/div><\/div><\/div><\/div><\/div>\n","protected":false},"excerpt":{"rendered":"","protected":false},"featured_media":59692,"comment_status":"open","ping_status":"closed","template":"","meta":[],"pwb-brand":[],"product_brand":[],"product_cat":[1463,1509,1493,1467,1630,1638,1592],"product_tag":[],"class_list":{"0":"post-59701","1":"product","2":"type-product","3":"status-publish","4":"has-post-thumbnail","6":"product_cat-sacs-a-dos-homme-femme","7":"product_cat-porte-documents-cuir-pour-femmes","8":"product_cat-porte-documents-cuir-pour-hommes","9":"product_cat-porte-documents-pour-laptop-tablette","10":"product_cat-femme","11":"product_cat-hommes","12":"product_cat-malettes","13":"pa_collection-buffalo-fr","14":"pa_color-brun","15":"pa_color-noir-fr","16":"pa_material-cuir-de-buffle-pleine-fleur-cire-grasse","18":"first","19":"instock","20":"taxable","21":"shipping-taxable","22":"purchasable","23":"product-type-variable","24":"has-default-attributes"},"yoast_head":"<!-- This site is optimized with the Yoast SEO plugin v25.5 - https:\/\/yoast.com\/wordpress\/plugins\/seo\/ -->\n<title>Sac \u00e0 dos Buffalo avec compartiment zipp\u00e9 pour ordinateur portable\/tablette - Mancini<\/title>\n<meta name=\"robots\" content=\"index, follow, max-snippet:-1, max-image-preview:large, max-video-preview:-1\" \/>\n<link rel=\"canonical\" href=\"https:\/\/www.mancinileather.com\/fr\/produit\/sac-a-dos-buffalo-avec-compartiment-zippe-pour-ordinateur-portable-tablette\" \/>\n<meta property=\"og:locale\" content=\"fr_FR\" \/>\n<meta property=\"og:type\" content=\"article\" \/>\n<meta property=\"og:title\" content=\"Sac \u00e0 dos Buffalo avec compartiment zipp\u00e9 pour ordinateur portable\/tablette - Mancini\" \/>\n<meta property=\"og:url\" content=\"https:\/\/www.mancinileather.com\/fr\/produit\/sac-a-dos-buffalo-avec-compartiment-zippe-pour-ordinateur-portable-tablette\" \/>\n<meta property=\"og:site_name\" content=\"Mancini\" \/>\n<meta property=\"article:modified_time\" content=\"2025-07-24T06:23:32+00:00\" \/>\n<meta property=\"og:image\" content=\"https:\/\/www.mancinileather.com\/wp-content\/uploads\/2023\/08\/99-5486_Black_1.jpg\" \/>\n\t<meta property=\"og:image:width\" content=\"2000\" \/>\n\t<meta property=\"og:image:height\" content=\"2000\" \/>\n\t<meta property=\"og:image:type\" content=\"image\/jpeg\" \/>\n<meta name=\"twitter:card\" content=\"summary_large_image\" \/>\n<meta name=\"twitter:label1\" content=\"Est. reading time\" \/>\n\t<meta name=\"twitter:data1\" content=\"3 minutes\" \/>\n<script type=\"application\/ld+json\" class=\"yoast-schema-graph\">{\"@context\":\"https:\/\/schema.org\",\"@graph\":[{\"@type\":\"WebPage\",\"@id\":\"https:\/\/www.mancinileather.com\/fr\/produit\/sac-a-dos-buffalo-avec-compartiment-zippe-pour-ordinateur-portable-tablette\",\"url\":\"https:\/\/www.mancinileather.com\/fr\/produit\/sac-a-dos-buffalo-avec-compartiment-zippe-pour-ordinateur-portable-tablette\",\"name\":\"Sac \u00e0 dos Buffalo avec compartiment zipp\u00e9 pour ordinateur portable\/tablette - Mancini\",\"isPartOf\":{\"@id\":\"https:\/\/www.mancinileather.com\/fr#website\"},\"primaryImageOfPage\":{\"@id\":\"https:\/\/www.mancinileather.com\/fr\/produit\/sac-a-dos-buffalo-avec-compartiment-zippe-pour-ordinateur-portable-tablette#primaryimage\"},\"image\":{\"@id\":\"https:\/\/www.mancinileather.com\/fr\/produit\/sac-a-dos-buffalo-avec-compartiment-zippe-pour-ordinateur-portable-tablette#primaryimage\"},\"thumbnailUrl\":\"https:\/\/www.mancinileather.com\/wp-content\/uploads\/2023\/08\/99-5486_Black_1.jpg\",\"datePublished\":\"2023-08-24T18:51:06+00:00\",\"dateModified\":\"2025-07-24T06:23:32+00:00\",\"breadcrumb\":{\"@id\":\"https:\/\/www.mancinileather.com\/fr\/produit\/sac-a-dos-buffalo-avec-compartiment-zippe-pour-ordinateur-portable-tablette#breadcrumb\"},\"inLanguage\":\"fr-FR\",\"potentialAction\":[{\"@type\":\"ReadAction\",\"target\":[\"https:\/\/www.mancinileather.com\/fr\/produit\/sac-a-dos-buffalo-avec-compartiment-zippe-pour-ordinateur-portable-tablette\"]}]},{\"@type\":\"ImageObject\",\"inLanguage\":\"fr-FR\",\"@id\":\"https:\/\/www.mancinileather.com\/fr\/produit\/sac-a-dos-buffalo-avec-compartiment-zippe-pour-ordinateur-portable-tablette#primaryimage\",\"url\":\"https:\/\/www.mancinileather.com\/wp-content\/uploads\/2023\/08\/99-5486_Black_1.jpg\",\"contentUrl\":\"https:\/\/www.mancinileather.com\/wp-content\/uploads\/2023\/08\/99-5486_Black_1.jpg\",\"width\":2000,\"height\":2000,\"caption\":\"Black backpack\"},{\"@type\":\"BreadcrumbList\",\"@id\":\"https:\/\/www.mancinileather.com\/fr\/produit\/sac-a-dos-buffalo-avec-compartiment-zippe-pour-ordinateur-portable-tablette#breadcrumb\",\"itemListElement\":[{\"@type\":\"ListItem\",\"position\":1,\"name\":\"Home\",\"item\":\"https:\/\/www.mancinileather.com\/fr\"},{\"@type\":\"ListItem\",\"position\":2,\"name\":\"Boutique\",\"item\":\"https:\/\/www.mancinileather.com\/fr\/boutique\"},{\"@type\":\"ListItem\",\"position\":3,\"name\":\"Sac \u00e0 dos Buffalo avec compartiment zipp\u00e9 pour ordinateur portable\/tablette\"}]},{\"@type\":\"WebSite\",\"@id\":\"https:\/\/www.mancinileather.com\/fr#website\",\"url\":\"https:\/\/www.mancinileather.com\/fr\",\"name\":\"Mancini\",\"description\":\"Online Leather Store and Products\",\"potentialAction\":[{\"@type\":\"SearchAction\",\"target\":{\"@type\":\"EntryPoint\",\"urlTemplate\":\"https:\/\/www.mancinileather.com\/fr?s={search_term_string}\"},\"query-input\":{\"@type\":\"PropertyValueSpecification\",\"valueRequired\":true,\"valueName\":\"search_term_string\"}}],\"inLanguage\":\"fr-FR\"}]}<\/script>\n<!-- \/ Yoast SEO plugin. -->","yoast_head_json":{"title":"Sac \u00e0 dos Buffalo avec compartiment zipp\u00e9 pour ordinateur portable\/tablette - Mancini","robots":{"index":"index","follow":"follow","max-snippet":"max-snippet:-1","max-image-preview":"max-image-preview:large","max-video-preview":"max-video-preview:-1"},"canonical":"https:\/\/www.mancinileather.com\/fr\/produit\/sac-a-dos-buffalo-avec-compartiment-zippe-pour-ordinateur-portable-tablette","og_locale":"fr_FR","og_type":"article","og_title":"Sac \u00e0 dos Buffalo avec compartiment zipp\u00e9 pour ordinateur portable\/tablette - Mancini","og_url":"https:\/\/www.mancinileather.com\/fr\/produit\/sac-a-dos-buffalo-avec-compartiment-zippe-pour-ordinateur-portable-tablette","og_site_name":"Mancini","article_modified_time":"2025-07-24T06:23:32+00:00","og_image":[{"width":2000,"height":2000,"url":"https:\/\/www.mancinileather.com\/wp-content\/uploads\/2023\/08\/99-5486_Black_1.jpg","type":"image\/jpeg"}],"twitter_card":"summary_large_image","twitter_misc":{"Est. reading time":"3 minutes"},"schema":{"@context":"https:\/\/schema.org","@graph":[{"@type":"WebPage","@id":"https:\/\/www.mancinileather.com\/fr\/produit\/sac-a-dos-buffalo-avec-compartiment-zippe-pour-ordinateur-portable-tablette","url":"https:\/\/www.mancinileather.com\/fr\/produit\/sac-a-dos-buffalo-avec-compartiment-zippe-pour-ordinateur-portable-tablette","name":"Sac \u00e0 dos Buffalo avec compartiment zipp\u00e9 pour ordinateur portable\/tablette - Mancini","isPartOf":{"@id":"https:\/\/www.mancinileather.com\/fr#website"},"primaryImageOfPage":{"@id":"https:\/\/www.mancinileather.com\/fr\/produit\/sac-a-dos-buffalo-avec-compartiment-zippe-pour-ordinateur-portable-tablette#primaryimage"},"image":{"@id":"https:\/\/www.mancinileather.com\/fr\/produit\/sac-a-dos-buffalo-avec-compartiment-zippe-pour-ordinateur-portable-tablette#primaryimage"},"thumbnailUrl":"https:\/\/www.mancinileather.com\/wp-content\/uploads\/2023\/08\/99-5486_Black_1.jpg","datePublished":"2023-08-24T18:51:06+00:00","dateModified":"2025-07-24T06:23:32+00:00","breadcrumb":{"@id":"https:\/\/www.mancinileather.com\/fr\/produit\/sac-a-dos-buffalo-avec-compartiment-zippe-pour-ordinateur-portable-tablette#breadcrumb"},"inLanguage":"fr-FR","potentialAction":[{"@type":"ReadAction","target":["https:\/\/www.mancinileather.com\/fr\/produit\/sac-a-dos-buffalo-avec-compartiment-zippe-pour-ordinateur-portable-tablette"]}]},{"@type":"ImageObject","inLanguage":"fr-FR","@id":"https:\/\/www.mancinileather.com\/fr\/produit\/sac-a-dos-buffalo-avec-compartiment-zippe-pour-ordinateur-portable-tablette#primaryimage","url":"https:\/\/www.mancinileather.com\/wp-content\/uploads\/2023\/08\/99-5486_Black_1.jpg","contentUrl":"https:\/\/www.mancinileather.com\/wp-content\/uploads\/2023\/08\/99-5486_Black_1.jpg","width":2000,"height":2000,"caption":"Black backpack"},{"@type":"BreadcrumbList","@id":"https:\/\/www.mancinileather.com\/fr\/produit\/sac-a-dos-buffalo-avec-compartiment-zippe-pour-ordinateur-portable-tablette#breadcrumb","itemListElement":[{"@type":"ListItem","position":1,"name":"Home","item":"https:\/\/www.mancinileather.com\/fr"},{"@type":"ListItem","position":2,"name":"Boutique","item":"https:\/\/www.mancinileather.com\/fr\/boutique"},{"@type":"ListItem","position":3,"name":"Sac \u00e0 dos Buffalo avec compartiment zipp\u00e9 pour ordinateur portable\/tablette"}]},{"@type":"WebSite","@id":"https:\/\/www.mancinileather.com\/fr#website","url":"https:\/\/www.mancinileather.com\/fr","name":"Mancini","description":"Online Leather Store and Products","potentialAction":[{"@type":"SearchAction","target":{"@type":"EntryPoint","urlTemplate":"https:\/\/www.mancinileather.com\/fr?s={search_term_string}"},"query-input":{"@type":"PropertyValueSpecification","valueRequired":true,"valueName":"search_term_string"}}],"inLanguage":"fr-FR"}]}},"brands":[],"_links":{"self":[{"href":"https:\/\/www.mancinileather.com\/fr\/wp-json\/wp\/v2\/product\/59701","targetHints":{"allow":["GET"]}}],"collection":[{"href":"https:\/\/www.mancinileather.com\/fr\/wp-json\/wp\/v2\/product"}],"about":[{"href":"https:\/\/www.mancinileather.com\/fr\/wp-json\/wp\/v2\/types\/product"}],"replies":[{"embeddable":true,"href":"https:\/\/www.mancinileather.com\/fr\/wp-json\/wp\/v2\/comments?post=59701"}],"wp:featuredmedia":[{"embeddable":true,"href":"https:\/\/www.mancinileather.com\/fr\/wp-json\/wp\/v2\/media\/59692"}],"wp:attachment":[{"href":"https:\/\/www.mancinileather.com\/fr\/wp-json\/wp\/v2\/media?parent=59701"}],"wp:term":[{"taxonomy":"pwb-brand","embeddable":true,"href":"https:\/\/www.mancinileather.com\/fr\/wp-json\/wp\/v2\/pwb-brand?post=59701"},{"taxonomy":"product_brand","embeddable":true,"href":"https:\/\/www.mancinileather.com\/fr\/wp-json\/wp\/v2\/product_brand?post=59701"},{"taxonomy":"product_cat","embeddable":true,"href":"https:\/\/www.mancinileather.com\/fr\/wp-json\/wp\/v2\/product_cat?post=59701"},{"taxonomy":"product_tag","embeddable":true,"href":"https:\/\/www.mancinileather.com\/fr\/wp-json\/wp\/v2\/product_tag?post=59701"}],"curies":[{"name":"wp","href":"https:\/\/api.w.org\/{rel}","templated":true}]}}