{"id":59845,"date":"2023-09-08T11:53:39","date_gmt":"2023-09-08T15:53:39","guid":{"rendered":"https:\/\/www.mancinileather.com\/product\/sonoma-rfid-secure-center-wing-wallet"},"modified":"2025-07-24T02:23:31","modified_gmt":"2025-07-24T06:23:31","slug":"portefeuille-a-double-volet-central-securise-sonoma-avec-protection-rfid","status":"publish","type":"product","link":"https:\/\/www.mancinileather.com\/fr\/produit\/portefeuille-a-double-volet-central-securise-sonoma-avec-protection-rfid","title":{"rendered":"Portefeuille \u00e0 Double Volet Central S\u00e9curis\u00e9 avec Protection RFID Sonoma"},"content":{"rendered":"<div class=\"fusion-fullwidth fullwidth-box fusion-builder-row-1 fusion-flex-container has-pattern-background has-mask-background nonhundred-percent-fullwidth non-hundred-percent-height-scrolling\" style=\"--awb-border-radius-top-left:0px;--awb-border-radius-top-right:0px;--awb-border-radius-bottom-right:0px;--awb-border-radius-bottom-left:0px;--awb-flex-wrap:wrap;\" ><div class=\"fusion-builder-row fusion-row fusion-flex-align-items-flex-start fusion-flex-content-wrap\" style=\"max-width:1430px;margin-left: calc(-4% \/ 2 );margin-right: calc(-4% \/ 2 );\"><div class=\"fusion-layout-column fusion_builder_column fusion-builder-column-0 fusion_builder_column_1_1 1_1 fusion-flex-column\" style=\"--awb-bg-size:cover;--awb-width-large:100%;--awb-margin-top-large:0px;--awb-spacing-right-large:1.92%;--awb-margin-bottom-large:20px;--awb-spacing-left-large:1.92%;--awb-width-medium:100%;--awb-order-medium:0;--awb-spacing-right-medium:1.92%;--awb-spacing-left-medium:1.92%;--awb-width-small:100%;--awb-order-small:0;--awb-spacing-right-small:1.92%;--awb-spacing-left-small:1.92%;\"><div class=\"fusion-column-wrapper fusion-column-has-shadow fusion-flex-justify-content-flex-start fusion-content-layout-column\"><div class=\"fusion-text fusion-text-1\"><p>Sonoma, en Californie, connue pour ses vignobles pittoresques et sa campagne charmante, est d\u00e9sormais devenue l&#8217;inspiration derri\u00e8re une remarquable collection de portefeuilles pour hommes et femmes. Cette collection incarne l&#8217;essence de l&#8217;\u00e9l\u00e9gance rustique de Sonoma, m\u00ealant un artisanat de qualit\u00e9 avec la beaut\u00e9 naturelle de la r\u00e9gion. Fabriqu\u00e9s \u00e0 partir du cuir de la plus haute qualit\u00e9 et orn\u00e9s de d\u00e9tails complexes rappelant les rang\u00e9es de vignes de Sonoma, ces portefeuilles sont \u00e0 la fois fonctionnels et \u00e0 la mode.<\/p>\n<p>Ce portefeuille spacieux a volet central offre de nombreuses fentes pour cartes de cr\u00e9dit et une discr\u00e8te section \u00e0 deux volets pour les billets. Confectionn\u00e9 dans un cuir exquis, ce portefeuille d\u00e9gage une \u00e9l\u00e9gance classique intemporelle.<\/p>\n<\/div><\/div><\/div><\/div><\/div>\n","protected":false},"excerpt":{"rendered":"","protected":false},"featured_media":59832,"comment_status":"open","ping_status":"closed","template":"","meta":[],"pwb-brand":[],"product_brand":[],"product_cat":[1457,1638],"product_tag":[],"class_list":{"0":"post-59845","1":"product","2":"type-product","3":"status-publish","4":"has-post-thumbnail","6":"product_cat-portefeuilles-en-cuir-homme","7":"product_cat-hommes","8":"pa_collection-sonoma-fr","9":"pa_color-brun","10":"pa_color-noir-fr","11":"pa_material-cuir-de-vachette-pleine-fleur-teint-au-tambour","13":"first","14":"instock","15":"taxable","16":"shipping-taxable","17":"purchasable","18":"product-type-variable","19":"has-default-attributes"},"yoast_head":"<!-- This site is optimized with the Yoast SEO plugin v25.5 - https:\/\/yoast.com\/wordpress\/plugins\/seo\/ -->\n<title>Portefeuille \u00e0 Double Volet Central S\u00e9curis\u00e9 avec Protection RFID Sonoma - Mancini<\/title>\n<meta name=\"description\" content=\"Le portefeuille Sonoma RFID avec volet central offre style, organisation et protection, id\u00e9al pour s\u00e9curiser vos cartes au quotidien.\" \/>\n<meta name=\"robots\" content=\"index, follow, max-snippet:-1, max-image-preview:large, max-video-preview:-1\" \/>\n<link rel=\"canonical\" href=\"https:\/\/www.mancinileather.com\/fr\/produit\/portefeuille-a-double-volet-central-securise-sonoma-avec-protection-rfid\" \/>\n<meta property=\"og:locale\" content=\"fr_FR\" \/>\n<meta property=\"og:type\" content=\"article\" \/>\n<meta property=\"og:title\" content=\"Portefeuille \u00e0 Double Volet Central S\u00e9curis\u00e9 avec Protection RFID Sonoma - Mancini\" \/>\n<meta property=\"og:description\" content=\"Le portefeuille Sonoma RFID avec volet central offre style, organisation et protection, id\u00e9al pour s\u00e9curiser vos cartes au quotidien.\" \/>\n<meta property=\"og:url\" content=\"https:\/\/www.mancinileather.com\/fr\/produit\/portefeuille-a-double-volet-central-securise-sonoma-avec-protection-rfid\" \/>\n<meta property=\"og:site_name\" content=\"Mancini\" \/>\n<meta property=\"article:modified_time\" content=\"2025-07-24T06:23:31+00:00\" \/>\n<meta property=\"og:image\" content=\"https:\/\/www.mancinileather.com\/wp-content\/uploads\/2023\/09\/6800153-Brown_1.jpg\" \/>\n\t<meta property=\"og:image:width\" content=\"2000\" \/>\n\t<meta property=\"og:image:height\" content=\"2000\" \/>\n\t<meta property=\"og:image:type\" content=\"image\/jpeg\" \/>\n<meta name=\"twitter:card\" content=\"summary_large_image\" \/>\n<meta name=\"twitter:label1\" content=\"Est. reading time\" \/>\n\t<meta name=\"twitter:data1\" content=\"1 minute\" \/>\n<script type=\"application\/ld+json\" class=\"yoast-schema-graph\">{\"@context\":\"https:\/\/schema.org\",\"@graph\":[{\"@type\":\"WebPage\",\"@id\":\"https:\/\/www.mancinileather.com\/fr\/produit\/portefeuille-a-double-volet-central-securise-sonoma-avec-protection-rfid\",\"url\":\"https:\/\/www.mancinileather.com\/fr\/produit\/portefeuille-a-double-volet-central-securise-sonoma-avec-protection-rfid\",\"name\":\"Portefeuille \u00e0 Double Volet Central S\u00e9curis\u00e9 avec Protection RFID Sonoma - Mancini\",\"isPartOf\":{\"@id\":\"https:\/\/www.mancinileather.com\/fr#website\"},\"primaryImageOfPage\":{\"@id\":\"https:\/\/www.mancinileather.com\/fr\/produit\/portefeuille-a-double-volet-central-securise-sonoma-avec-protection-rfid#primaryimage\"},\"image\":{\"@id\":\"https:\/\/www.mancinileather.com\/fr\/produit\/portefeuille-a-double-volet-central-securise-sonoma-avec-protection-rfid#primaryimage\"},\"thumbnailUrl\":\"https:\/\/www.mancinileather.com\/wp-content\/uploads\/2023\/09\/6800153-Brown_1.jpg\",\"datePublished\":\"2023-09-08T15:53:39+00:00\",\"dateModified\":\"2025-07-24T06:23:31+00:00\",\"description\":\"Le portefeuille Sonoma RFID avec volet central offre style, organisation et protection, id\u00e9al pour s\u00e9curiser vos cartes au quotidien.\",\"breadcrumb\":{\"@id\":\"https:\/\/www.mancinileather.com\/fr\/produit\/portefeuille-a-double-volet-central-securise-sonoma-avec-protection-rfid#breadcrumb\"},\"inLanguage\":\"fr-FR\",\"potentialAction\":[{\"@type\":\"ReadAction\",\"target\":[\"https:\/\/www.mancinileather.com\/fr\/produit\/portefeuille-a-double-volet-central-securise-sonoma-avec-protection-rfid\"]}]},{\"@type\":\"ImageObject\",\"inLanguage\":\"fr-FR\",\"@id\":\"https:\/\/www.mancinileather.com\/fr\/produit\/portefeuille-a-double-volet-central-securise-sonoma-avec-protection-rfid#primaryimage\",\"url\":\"https:\/\/www.mancinileather.com\/wp-content\/uploads\/2023\/09\/6800153-Brown_1.jpg\",\"contentUrl\":\"https:\/\/www.mancinileather.com\/wp-content\/uploads\/2023\/09\/6800153-Brown_1.jpg\",\"width\":2000,\"height\":2000},{\"@type\":\"BreadcrumbList\",\"@id\":\"https:\/\/www.mancinileather.com\/fr\/produit\/portefeuille-a-double-volet-central-securise-sonoma-avec-protection-rfid#breadcrumb\",\"itemListElement\":[{\"@type\":\"ListItem\",\"position\":1,\"name\":\"Home\",\"item\":\"https:\/\/www.mancinileather.com\/fr\"},{\"@type\":\"ListItem\",\"position\":2,\"name\":\"Boutique\",\"item\":\"https:\/\/www.mancinileather.com\/fr\/boutique\"},{\"@type\":\"ListItem\",\"position\":3,\"name\":\"Portefeuille \u00e0 Double Volet Central S\u00e9curis\u00e9 avec Protection RFID Sonoma\"}]},{\"@type\":\"WebSite\",\"@id\":\"https:\/\/www.mancinileather.com\/fr#website\",\"url\":\"https:\/\/www.mancinileather.com\/fr\",\"name\":\"Mancini\",\"description\":\"Online Leather Store and Products\",\"potentialAction\":[{\"@type\":\"SearchAction\",\"target\":{\"@type\":\"EntryPoint\",\"urlTemplate\":\"https:\/\/www.mancinileather.com\/fr?s={search_term_string}\"},\"query-input\":{\"@type\":\"PropertyValueSpecification\",\"valueRequired\":true,\"valueName\":\"search_term_string\"}}],\"inLanguage\":\"fr-FR\"}]}<\/script>\n<!-- \/ Yoast SEO plugin. -->","yoast_head_json":{"title":"Portefeuille \u00e0 Double Volet Central S\u00e9curis\u00e9 avec Protection RFID Sonoma - Mancini","description":"Le portefeuille Sonoma RFID avec volet central offre style, organisation et protection, id\u00e9al pour s\u00e9curiser vos cartes au quotidien.","robots":{"index":"index","follow":"follow","max-snippet":"max-snippet:-1","max-image-preview":"max-image-preview:large","max-video-preview":"max-video-preview:-1"},"canonical":"https:\/\/www.mancinileather.com\/fr\/produit\/portefeuille-a-double-volet-central-securise-sonoma-avec-protection-rfid","og_locale":"fr_FR","og_type":"article","og_title":"Portefeuille \u00e0 Double Volet Central S\u00e9curis\u00e9 avec Protection RFID Sonoma - Mancini","og_description":"Le portefeuille Sonoma RFID avec volet central offre style, organisation et protection, id\u00e9al pour s\u00e9curiser vos cartes au quotidien.","og_url":"https:\/\/www.mancinileather.com\/fr\/produit\/portefeuille-a-double-volet-central-securise-sonoma-avec-protection-rfid","og_site_name":"Mancini","article_modified_time":"2025-07-24T06:23:31+00:00","og_image":[{"width":2000,"height":2000,"url":"https:\/\/www.mancinileather.com\/wp-content\/uploads\/2023\/09\/6800153-Brown_1.jpg","type":"image\/jpeg"}],"twitter_card":"summary_large_image","twitter_misc":{"Est. reading time":"1 minute"},"schema":{"@context":"https:\/\/schema.org","@graph":[{"@type":"WebPage","@id":"https:\/\/www.mancinileather.com\/fr\/produit\/portefeuille-a-double-volet-central-securise-sonoma-avec-protection-rfid","url":"https:\/\/www.mancinileather.com\/fr\/produit\/portefeuille-a-double-volet-central-securise-sonoma-avec-protection-rfid","name":"Portefeuille \u00e0 Double Volet Central S\u00e9curis\u00e9 avec Protection RFID Sonoma - Mancini","isPartOf":{"@id":"https:\/\/www.mancinileather.com\/fr#website"},"primaryImageOfPage":{"@id":"https:\/\/www.mancinileather.com\/fr\/produit\/portefeuille-a-double-volet-central-securise-sonoma-avec-protection-rfid#primaryimage"},"image":{"@id":"https:\/\/www.mancinileather.com\/fr\/produit\/portefeuille-a-double-volet-central-securise-sonoma-avec-protection-rfid#primaryimage"},"thumbnailUrl":"https:\/\/www.mancinileather.com\/wp-content\/uploads\/2023\/09\/6800153-Brown_1.jpg","datePublished":"2023-09-08T15:53:39+00:00","dateModified":"2025-07-24T06:23:31+00:00","description":"Le portefeuille Sonoma RFID avec volet central offre style, organisation et protection, id\u00e9al pour s\u00e9curiser vos cartes au quotidien.","breadcrumb":{"@id":"https:\/\/www.mancinileather.com\/fr\/produit\/portefeuille-a-double-volet-central-securise-sonoma-avec-protection-rfid#breadcrumb"},"inLanguage":"fr-FR","potentialAction":[{"@type":"ReadAction","target":["https:\/\/www.mancinileather.com\/fr\/produit\/portefeuille-a-double-volet-central-securise-sonoma-avec-protection-rfid"]}]},{"@type":"ImageObject","inLanguage":"fr-FR","@id":"https:\/\/www.mancinileather.com\/fr\/produit\/portefeuille-a-double-volet-central-securise-sonoma-avec-protection-rfid#primaryimage","url":"https:\/\/www.mancinileather.com\/wp-content\/uploads\/2023\/09\/6800153-Brown_1.jpg","contentUrl":"https:\/\/www.mancinileather.com\/wp-content\/uploads\/2023\/09\/6800153-Brown_1.jpg","width":2000,"height":2000},{"@type":"BreadcrumbList","@id":"https:\/\/www.mancinileather.com\/fr\/produit\/portefeuille-a-double-volet-central-securise-sonoma-avec-protection-rfid#breadcrumb","itemListElement":[{"@type":"ListItem","position":1,"name":"Home","item":"https:\/\/www.mancinileather.com\/fr"},{"@type":"ListItem","position":2,"name":"Boutique","item":"https:\/\/www.mancinileather.com\/fr\/boutique"},{"@type":"ListItem","position":3,"name":"Portefeuille \u00e0 Double Volet Central S\u00e9curis\u00e9 avec Protection RFID Sonoma"}]},{"@type":"WebSite","@id":"https:\/\/www.mancinileather.com\/fr#website","url":"https:\/\/www.mancinileather.com\/fr","name":"Mancini","description":"Online Leather Store and Products","potentialAction":[{"@type":"SearchAction","target":{"@type":"EntryPoint","urlTemplate":"https:\/\/www.mancinileather.com\/fr?s={search_term_string}"},"query-input":{"@type":"PropertyValueSpecification","valueRequired":true,"valueName":"search_term_string"}}],"inLanguage":"fr-FR"}]}},"brands":[],"_links":{"self":[{"href":"https:\/\/www.mancinileather.com\/fr\/wp-json\/wp\/v2\/product\/59845","targetHints":{"allow":["GET"]}}],"collection":[{"href":"https:\/\/www.mancinileather.com\/fr\/wp-json\/wp\/v2\/product"}],"about":[{"href":"https:\/\/www.mancinileather.com\/fr\/wp-json\/wp\/v2\/types\/product"}],"replies":[{"embeddable":true,"href":"https:\/\/www.mancinileather.com\/fr\/wp-json\/wp\/v2\/comments?post=59845"}],"wp:featuredmedia":[{"embeddable":true,"href":"https:\/\/www.mancinileather.com\/fr\/wp-json\/wp\/v2\/media\/59832"}],"wp:attachment":[{"href":"https:\/\/www.mancinileather.com\/fr\/wp-json\/wp\/v2\/media?parent=59845"}],"wp:term":[{"taxonomy":"pwb-brand","embeddable":true,"href":"https:\/\/www.mancinileather.com\/fr\/wp-json\/wp\/v2\/pwb-brand?post=59845"},{"taxonomy":"product_brand","embeddable":true,"href":"https:\/\/www.mancinileather.com\/fr\/wp-json\/wp\/v2\/product_brand?post=59845"},{"taxonomy":"product_cat","embeddable":true,"href":"https:\/\/www.mancinileather.com\/fr\/wp-json\/wp\/v2\/product_cat?post=59845"},{"taxonomy":"product_tag","embeddable":true,"href":"https:\/\/www.mancinileather.com\/fr\/wp-json\/wp\/v2\/product_tag?post=59845"}],"curies":[{"name":"wp","href":"https:\/\/api.w.org\/{rel}","templated":true}]}}