{"id":60143,"date":"2023-09-20T10:30:49","date_gmt":"2023-09-20T14:30:49","guid":{"rendered":"https:\/\/www.mancinileather.com\/product\/sonoma-womens-medium-clutch-wallet-with-enhanced-rfid-protection"},"modified":"2025-07-24T02:23:31","modified_gmt":"2025-07-24T06:23:31","slug":"portefeuille-dembrayage-moyen-sonoma-pour-femmes-avec-protection-rfid-renforcee","status":"publish","type":"product","link":"https:\/\/www.mancinileather.com\/fr\/produit\/portefeuille-dembrayage-moyen-sonoma-pour-femmes-avec-protection-rfid-renforcee","title":{"rendered":"Portefeuille d\u2019embrayage moyen Sonoma pour femmes avec protection RFID renforc\u00e9e"},"content":{"rendered":"<div class=\"fusion-fullwidth fullwidth-box fusion-builder-row-1 fusion-flex-container has-pattern-background has-mask-background nonhundred-percent-fullwidth non-hundred-percent-height-scrolling\" style=\"--awb-border-radius-top-left:0px;--awb-border-radius-top-right:0px;--awb-border-radius-bottom-right:0px;--awb-border-radius-bottom-left:0px;--awb-flex-wrap:wrap;\" ><div class=\"fusion-builder-row fusion-row fusion-flex-align-items-flex-start fusion-flex-content-wrap\" style=\"max-width:1430px;margin-left: calc(-4% \/ 2 );margin-right: calc(-4% \/ 2 );\"><div class=\"fusion-layout-column fusion_builder_column fusion-builder-column-0 fusion_builder_column_1_1 1_1 fusion-flex-column\" style=\"--awb-bg-size:cover;--awb-width-large:100%;--awb-margin-top-large:0px;--awb-spacing-right-large:1.92%;--awb-margin-bottom-large:20px;--awb-spacing-left-large:1.92%;--awb-width-medium:100%;--awb-order-medium:0;--awb-spacing-right-medium:1.92%;--awb-spacing-left-medium:1.92%;--awb-width-small:100%;--awb-order-small:0;--awb-spacing-right-small:1.92%;--awb-spacing-left-small:1.92%;\"><div class=\"fusion-column-wrapper fusion-column-has-shadow fusion-flex-justify-content-flex-start fusion-content-layout-column\"><div class=\"fusion-text fusion-text-1\"><p>Sonoma, en Californie, connue pour ses vignobles pittoresques et sa campagne charmante, est d\u00e9sormais devenue l&#8217;inspiration derri\u00e8re une remarquable collection de portefeuilles pour hommes et femmes. Cette collection incarne l&#8217;essence de l&#8217;\u00e9l\u00e9gance rustique de Sonoma, m\u00ealant un artisanat de qualit\u00e9 avec la beaut\u00e9 naturelle de la r\u00e9gion. Fabriqu\u00e9s \u00e0 partir du cuir de la plus haute qualit\u00e9 et orn\u00e9s de d\u00e9tails complexes rappelant les rang\u00e9es de vignes de Sonoma, ces portefeuilles sont \u00e0 la fois fonctionnels et \u00e0 la mode.<\/p>\n<p>\u00c9levez vos essentiels avec le portefeuille bifold intemporel, une fusion de style et de praticit\u00e9. Fa\u00e7onn\u00e9 \u00e0 la perfection, cet accessoire transcende l&#8217;organisation ordinaire &#8211; des cartes et des pi\u00e8ces d&#8217;identit\u00e9 aux billets et aux re\u00e7us, chaque \u00e9l\u00e9ment trouve sa place dans une symphonie de sophistication. P\u00e9n\u00e9trez dans le futur de la s\u00e9curit\u00e9 avec la technologie de blocage d&#8217;ondes RFID int\u00e9gr\u00e9e, assurant la protection de vos donn\u00e9es et de vos cartes tout en affirmant une d\u00e9claration de mode audacieuse.<\/p>\n<\/div><\/div><\/div><\/div><\/div>\n","protected":false},"excerpt":{"rendered":"","protected":false},"featured_media":60134,"comment_status":"open","ping_status":"closed","template":"","meta":[],"pwb-brand":[],"product_brand":[],"product_cat":[1459,1630],"product_tag":[],"class_list":{"0":"post-60143","1":"product","2":"type-product","3":"status-publish","4":"has-post-thumbnail","6":"product_cat-portefeuilles-en-cuir-femme","7":"product_cat-femme","8":"pa_collection-sonoma-fr","9":"pa_color-brun","10":"pa_color-noir-fr","11":"pa_color-rouge-fr","12":"pa_color-tan-fr-2","13":"pa_material-cuir-de-vachette-pleine-fleur-teint-au-tambour","15":"first","16":"instock","17":"taxable","18":"shipping-taxable","19":"purchasable","20":"product-type-variable","21":"has-default-attributes"},"yoast_head":"<!-- This site is optimized with the Yoast SEO plugin v25.5 - https:\/\/yoast.com\/wordpress\/plugins\/seo\/ -->\n<title>Portefeuille d\u2019embrayage moyen Sonoma pour femmes avec protection RFID renforc\u00e9e - Brun<\/title>\n<meta name=\"robots\" content=\"index, follow, max-snippet:-1, max-image-preview:large, max-video-preview:-1\" \/>\n<link rel=\"canonical\" href=\"https:\/\/www.mancinileather.com\/fr\/produit\/portefeuille-dembrayage-moyen-sonoma-pour-femmes-avec-protection-rfid-renforcee\" \/>\n<meta property=\"og:locale\" content=\"fr_FR\" \/>\n<meta property=\"og:type\" content=\"article\" \/>\n<meta property=\"og:title\" content=\"Portefeuille d\u2019embrayage moyen Sonoma pour femmes avec protection RFID renforc\u00e9e - Brun\" \/>\n<meta property=\"og:url\" content=\"https:\/\/www.mancinileather.com\/fr\/produit\/portefeuille-dembrayage-moyen-sonoma-pour-femmes-avec-protection-rfid-renforcee\" \/>\n<meta property=\"og:site_name\" content=\"Mancini\" \/>\n<meta property=\"article:modified_time\" content=\"2025-07-24T06:23:31+00:00\" \/>\n<meta property=\"og:image\" content=\"https:\/\/www.mancinileather.com\/wp-content\/uploads\/2023\/09\/6800371-Black_1.jpg\" \/>\n\t<meta property=\"og:image:width\" content=\"2000\" \/>\n\t<meta property=\"og:image:height\" content=\"2000\" \/>\n\t<meta property=\"og:image:type\" content=\"image\/jpeg\" \/>\n<meta name=\"twitter:card\" content=\"summary_large_image\" \/>\n<meta name=\"twitter:label1\" content=\"Est. reading time\" \/>\n\t<meta name=\"twitter:data1\" content=\"1 minute\" \/>\n<script type=\"application\/ld+json\" class=\"yoast-schema-graph\">{\"@context\":\"https:\/\/schema.org\",\"@graph\":[{\"@type\":\"WebPage\",\"@id\":\"https:\/\/www.mancinileather.com\/fr\/produit\/portefeuille-dembrayage-moyen-sonoma-pour-femmes-avec-protection-rfid-renforcee\",\"url\":\"https:\/\/www.mancinileather.com\/fr\/produit\/portefeuille-dembrayage-moyen-sonoma-pour-femmes-avec-protection-rfid-renforcee\",\"name\":\"Portefeuille d\u2019embrayage moyen Sonoma pour femmes avec protection RFID renforc\u00e9e - Brun\",\"isPartOf\":{\"@id\":\"https:\/\/www.mancinileather.com\/fr#website\"},\"primaryImageOfPage\":{\"@id\":\"https:\/\/www.mancinileather.com\/fr\/produit\/portefeuille-dembrayage-moyen-sonoma-pour-femmes-avec-protection-rfid-renforcee#primaryimage\"},\"image\":{\"@id\":\"https:\/\/www.mancinileather.com\/fr\/produit\/portefeuille-dembrayage-moyen-sonoma-pour-femmes-avec-protection-rfid-renforcee#primaryimage\"},\"thumbnailUrl\":\"https:\/\/www.mancinileather.com\/wp-content\/uploads\/2023\/09\/6800371-Black_1.jpg\",\"datePublished\":\"2023-09-20T14:30:49+00:00\",\"dateModified\":\"2025-07-24T06:23:31+00:00\",\"breadcrumb\":{\"@id\":\"https:\/\/www.mancinileather.com\/fr\/produit\/portefeuille-dembrayage-moyen-sonoma-pour-femmes-avec-protection-rfid-renforcee#breadcrumb\"},\"inLanguage\":\"fr-FR\",\"potentialAction\":[{\"@type\":\"ReadAction\",\"target\":[\"https:\/\/www.mancinileather.com\/fr\/produit\/portefeuille-dembrayage-moyen-sonoma-pour-femmes-avec-protection-rfid-renforcee\"]}]},{\"@type\":\"ImageObject\",\"inLanguage\":\"fr-FR\",\"@id\":\"https:\/\/www.mancinileather.com\/fr\/produit\/portefeuille-dembrayage-moyen-sonoma-pour-femmes-avec-protection-rfid-renforcee#primaryimage\",\"url\":\"https:\/\/www.mancinileather.com\/wp-content\/uploads\/2023\/09\/6800371-Black_1.jpg\",\"contentUrl\":\"https:\/\/www.mancinileather.com\/wp-content\/uploads\/2023\/09\/6800371-Black_1.jpg\",\"width\":2000,\"height\":2000},{\"@type\":\"BreadcrumbList\",\"@id\":\"https:\/\/www.mancinileather.com\/fr\/produit\/portefeuille-dembrayage-moyen-sonoma-pour-femmes-avec-protection-rfid-renforcee#breadcrumb\",\"itemListElement\":[{\"@type\":\"ListItem\",\"position\":1,\"name\":\"Home\",\"item\":\"https:\/\/www.mancinileather.com\/fr\"},{\"@type\":\"ListItem\",\"position\":2,\"name\":\"Boutique\",\"item\":\"https:\/\/www.mancinileather.com\/fr\/boutique\"},{\"@type\":\"ListItem\",\"position\":3,\"name\":\"Portefeuille d\u2019embrayage moyen Sonoma pour femmes avec protection RFID renforc\u00e9e\"}]},{\"@type\":\"WebSite\",\"@id\":\"https:\/\/www.mancinileather.com\/fr#website\",\"url\":\"https:\/\/www.mancinileather.com\/fr\",\"name\":\"Mancini\",\"description\":\"Online Leather Store and Products\",\"potentialAction\":[{\"@type\":\"SearchAction\",\"target\":{\"@type\":\"EntryPoint\",\"urlTemplate\":\"https:\/\/www.mancinileather.com\/fr?s={search_term_string}\"},\"query-input\":{\"@type\":\"PropertyValueSpecification\",\"valueRequired\":true,\"valueName\":\"search_term_string\"}}],\"inLanguage\":\"fr-FR\"}]}<\/script>\n<!-- \/ Yoast SEO plugin. -->","yoast_head_json":{"title":"Portefeuille d\u2019embrayage moyen Sonoma pour femmes avec protection RFID renforc\u00e9e - Brun","robots":{"index":"index","follow":"follow","max-snippet":"max-snippet:-1","max-image-preview":"max-image-preview:large","max-video-preview":"max-video-preview:-1"},"canonical":"https:\/\/www.mancinileather.com\/fr\/produit\/portefeuille-dembrayage-moyen-sonoma-pour-femmes-avec-protection-rfid-renforcee","og_locale":"fr_FR","og_type":"article","og_title":"Portefeuille d\u2019embrayage moyen Sonoma pour femmes avec protection RFID renforc\u00e9e - Brun","og_url":"https:\/\/www.mancinileather.com\/fr\/produit\/portefeuille-dembrayage-moyen-sonoma-pour-femmes-avec-protection-rfid-renforcee","og_site_name":"Mancini","article_modified_time":"2025-07-24T06:23:31+00:00","og_image":[{"width":2000,"height":2000,"url":"https:\/\/www.mancinileather.com\/wp-content\/uploads\/2023\/09\/6800371-Black_1.jpg","type":"image\/jpeg"}],"twitter_card":"summary_large_image","twitter_misc":{"Est. reading time":"1 minute"},"schema":{"@context":"https:\/\/schema.org","@graph":[{"@type":"WebPage","@id":"https:\/\/www.mancinileather.com\/fr\/produit\/portefeuille-dembrayage-moyen-sonoma-pour-femmes-avec-protection-rfid-renforcee","url":"https:\/\/www.mancinileather.com\/fr\/produit\/portefeuille-dembrayage-moyen-sonoma-pour-femmes-avec-protection-rfid-renforcee","name":"Portefeuille d\u2019embrayage moyen Sonoma pour femmes avec protection RFID renforc\u00e9e - Brun","isPartOf":{"@id":"https:\/\/www.mancinileather.com\/fr#website"},"primaryImageOfPage":{"@id":"https:\/\/www.mancinileather.com\/fr\/produit\/portefeuille-dembrayage-moyen-sonoma-pour-femmes-avec-protection-rfid-renforcee#primaryimage"},"image":{"@id":"https:\/\/www.mancinileather.com\/fr\/produit\/portefeuille-dembrayage-moyen-sonoma-pour-femmes-avec-protection-rfid-renforcee#primaryimage"},"thumbnailUrl":"https:\/\/www.mancinileather.com\/wp-content\/uploads\/2023\/09\/6800371-Black_1.jpg","datePublished":"2023-09-20T14:30:49+00:00","dateModified":"2025-07-24T06:23:31+00:00","breadcrumb":{"@id":"https:\/\/www.mancinileather.com\/fr\/produit\/portefeuille-dembrayage-moyen-sonoma-pour-femmes-avec-protection-rfid-renforcee#breadcrumb"},"inLanguage":"fr-FR","potentialAction":[{"@type":"ReadAction","target":["https:\/\/www.mancinileather.com\/fr\/produit\/portefeuille-dembrayage-moyen-sonoma-pour-femmes-avec-protection-rfid-renforcee"]}]},{"@type":"ImageObject","inLanguage":"fr-FR","@id":"https:\/\/www.mancinileather.com\/fr\/produit\/portefeuille-dembrayage-moyen-sonoma-pour-femmes-avec-protection-rfid-renforcee#primaryimage","url":"https:\/\/www.mancinileather.com\/wp-content\/uploads\/2023\/09\/6800371-Black_1.jpg","contentUrl":"https:\/\/www.mancinileather.com\/wp-content\/uploads\/2023\/09\/6800371-Black_1.jpg","width":2000,"height":2000},{"@type":"BreadcrumbList","@id":"https:\/\/www.mancinileather.com\/fr\/produit\/portefeuille-dembrayage-moyen-sonoma-pour-femmes-avec-protection-rfid-renforcee#breadcrumb","itemListElement":[{"@type":"ListItem","position":1,"name":"Home","item":"https:\/\/www.mancinileather.com\/fr"},{"@type":"ListItem","position":2,"name":"Boutique","item":"https:\/\/www.mancinileather.com\/fr\/boutique"},{"@type":"ListItem","position":3,"name":"Portefeuille d\u2019embrayage moyen Sonoma pour femmes avec protection RFID renforc\u00e9e"}]},{"@type":"WebSite","@id":"https:\/\/www.mancinileather.com\/fr#website","url":"https:\/\/www.mancinileather.com\/fr","name":"Mancini","description":"Online Leather Store and Products","potentialAction":[{"@type":"SearchAction","target":{"@type":"EntryPoint","urlTemplate":"https:\/\/www.mancinileather.com\/fr?s={search_term_string}"},"query-input":{"@type":"PropertyValueSpecification","valueRequired":true,"valueName":"search_term_string"}}],"inLanguage":"fr-FR"}]}},"brands":[],"_links":{"self":[{"href":"https:\/\/www.mancinileather.com\/fr\/wp-json\/wp\/v2\/product\/60143","targetHints":{"allow":["GET"]}}],"collection":[{"href":"https:\/\/www.mancinileather.com\/fr\/wp-json\/wp\/v2\/product"}],"about":[{"href":"https:\/\/www.mancinileather.com\/fr\/wp-json\/wp\/v2\/types\/product"}],"replies":[{"embeddable":true,"href":"https:\/\/www.mancinileather.com\/fr\/wp-json\/wp\/v2\/comments?post=60143"}],"wp:featuredmedia":[{"embeddable":true,"href":"https:\/\/www.mancinileather.com\/fr\/wp-json\/wp\/v2\/media\/60134"}],"wp:attachment":[{"href":"https:\/\/www.mancinileather.com\/fr\/wp-json\/wp\/v2\/media?parent=60143"}],"wp:term":[{"taxonomy":"pwb-brand","embeddable":true,"href":"https:\/\/www.mancinileather.com\/fr\/wp-json\/wp\/v2\/pwb-brand?post=60143"},{"taxonomy":"product_brand","embeddable":true,"href":"https:\/\/www.mancinileather.com\/fr\/wp-json\/wp\/v2\/product_brand?post=60143"},{"taxonomy":"product_cat","embeddable":true,"href":"https:\/\/www.mancinileather.com\/fr\/wp-json\/wp\/v2\/product_cat?post=60143"},{"taxonomy":"product_tag","embeddable":true,"href":"https:\/\/www.mancinileather.com\/fr\/wp-json\/wp\/v2\/product_tag?post=60143"}],"curies":[{"name":"wp","href":"https:\/\/api.w.org\/{rel}","templated":true}]}}