{"id":63050,"date":"2024-08-08T12:23:47","date_gmt":"2024-08-08T16:23:47","guid":{"rendered":"https:\/\/www.mancinileather.com\/product\/buffalo-unisex-bag-with-zippered-organizer-pocket"},"modified":"2025-07-24T02:23:29","modified_gmt":"2025-07-24T06:23:29","slug":"sac-unisex-buffalo-avec-organisateur-zippee","status":"publish","type":"product","link":"https:\/\/www.mancinileather.com\/fr\/produit\/sac-unisex-buffalo-avec-organisateur-zippee","title":{"rendered":"Sac unisex Buffalo avec organisateur zipp\u00e9e"},"content":{"rendered":"<div class=\"fusion-fullwidth fullwidth-box fusion-builder-row-1 fusion-flex-container has-pattern-background has-mask-background nonhundred-percent-fullwidth non-hundred-percent-height-scrolling\" style=\"--awb-border-radius-top-left:0px;--awb-border-radius-top-right:0px;--awb-border-radius-bottom-right:0px;--awb-border-radius-bottom-left:0px;--awb-flex-wrap:wrap;\" ><div class=\"fusion-builder-row fusion-row fusion-flex-align-items-flex-start fusion-flex-content-wrap\" style=\"max-width:1430px;margin-left: calc(-4% \/ 2 );margin-right: calc(-4% \/ 2 );\"><div class=\"fusion-layout-column fusion_builder_column fusion-builder-column-0 fusion_builder_column_1_1 1_1 fusion-flex-column\" style=\"--awb-bg-size:cover;--awb-width-large:100%;--awb-margin-top-large:0px;--awb-spacing-right-large:1.92%;--awb-margin-bottom-large:20px;--awb-spacing-left-large:1.92%;--awb-width-medium:100%;--awb-order-medium:0;--awb-spacing-right-medium:1.92%;--awb-spacing-left-medium:1.92%;--awb-width-small:100%;--awb-order-small:0;--awb-spacing-right-small:1.92%;--awb-spacing-left-small:1.92%;\"><div class=\"fusion-column-wrapper fusion-column-has-shadow fusion-flex-justify-content-flex-start fusion-content-layout-column\"><div class=\"fusion-text fusion-text-1\"><p>Notre collection <strong>Buffalo<\/strong> repr\u00e9sente la fusion de style contemporain avec le look urbain brut. Dot\u00e9 de compartiments rembourr\u00e9s pour prot\u00e9ger votre tablette et portable, cette collection comblera tous vos besoins avec style. Articles fabriqu\u00e9s \u00e0 la main en cuir de buffle pleine fleure cire grasse.<\/p>\n<p>Ce sac unisexe est \u00e9quip\u00e9 d&#8217;un compartiment principal zipp\u00e9, un organisateur avec plusieurs fentes ainsi que des poches zipp\u00e9es pratiques sur le devant et le dos. Une bandouli\u00e8re et une poign\u00e9e d\u00e9tachables sont incluses.<\/p>\n<\/div><\/div><\/div><\/div><\/div>\n","protected":false},"excerpt":{"rendered":"","protected":false},"featured_media":63049,"comment_status":"open","ping_status":"closed","template":"","meta":[],"pwb-brand":[],"product_brand":[],"product_cat":[1630,1638,1477],"product_tag":[],"class_list":{"0":"post-63050","1":"product","2":"type-product","3":"status-publish","4":"has-post-thumbnail","6":"product_cat-femme","7":"product_cat-hommes","8":"product_cat-sacs-unisex","9":"pa_collection-buffalo-fr","10":"pa_color-brun","11":"pa_color-noir-fr","12":"pa_material-cuir-de-buffle-pleine-fleur-cire-grasse","14":"first","15":"instock","16":"taxable","17":"shipping-taxable","18":"purchasable","19":"product-type-variable"},"yoast_head":"<!-- This site is optimized with the Yoast SEO plugin v27.4 - https:\/\/yoast.com\/product\/yoast-seo-wordpress\/ -->\n<title>Sac unisex Buffalo avec organisateur zipp\u00e9e - Mancini<\/title>\n<meta name=\"robots\" content=\"index, follow, max-snippet:-1, max-image-preview:large, max-video-preview:-1\" \/>\n<link rel=\"canonical\" href=\"https:\/\/www.mancinileather.com\/fr\/produit\/sac-unisex-buffalo-avec-organisateur-zippee\" \/>\n<meta property=\"og:locale\" content=\"fr_FR\" \/>\n<meta property=\"og:type\" content=\"article\" \/>\n<meta property=\"og:title\" content=\"Sac unisex Buffalo avec organisateur zipp\u00e9e - Mancini\" \/>\n<meta property=\"og:url\" content=\"https:\/\/www.mancinileather.com\/fr\/produit\/sac-unisex-buffalo-avec-organisateur-zippee\" \/>\n<meta property=\"og:site_name\" content=\"Mancini\" \/>\n<meta property=\"article:modified_time\" content=\"2025-07-24T06:23:29+00:00\" \/>\n<meta property=\"og:image\" content=\"https:\/\/www.mancinileather.com\/wp-content\/uploads\/2024\/08\/99-5409_Brown_1.jpg\" \/>\n\t<meta property=\"og:image:width\" content=\"2000\" \/>\n\t<meta property=\"og:image:height\" content=\"2000\" \/>\n\t<meta property=\"og:image:type\" content=\"image\/jpeg\" \/>\n<meta name=\"twitter:card\" content=\"summary_large_image\" \/>\n<meta name=\"twitter:label1\" content=\"Est. reading time\" \/>\n\t<meta name=\"twitter:data1\" content=\"1 minute\" \/>\n<script type=\"application\/ld+json\" class=\"yoast-schema-graph\">{\"@context\":\"https:\\\/\\\/schema.org\",\"@graph\":[{\"@type\":\"WebPage\",\"@id\":\"https:\\\/\\\/www.mancinileather.com\\\/fr\\\/produit\\\/sac-unisex-buffalo-avec-organisateur-zippee\",\"url\":\"https:\\\/\\\/www.mancinileather.com\\\/fr\\\/produit\\\/sac-unisex-buffalo-avec-organisateur-zippee\",\"name\":\"Sac unisex Buffalo avec organisateur zipp\u00e9e - Mancini\",\"isPartOf\":{\"@id\":\"https:\\\/\\\/www.mancinileather.com\\\/fr#website\"},\"primaryImageOfPage\":{\"@id\":\"https:\\\/\\\/www.mancinileather.com\\\/fr\\\/produit\\\/sac-unisex-buffalo-avec-organisateur-zippee#primaryimage\"},\"image\":{\"@id\":\"https:\\\/\\\/www.mancinileather.com\\\/fr\\\/produit\\\/sac-unisex-buffalo-avec-organisateur-zippee#primaryimage\"},\"thumbnailUrl\":\"https:\\\/\\\/www.mancinileather.com\\\/wp-content\\\/uploads\\\/2024\\\/08\\\/99-5409_Brown_1.jpg\",\"datePublished\":\"2024-08-08T16:23:47+00:00\",\"dateModified\":\"2025-07-24T06:23:29+00:00\",\"breadcrumb\":{\"@id\":\"https:\\\/\\\/www.mancinileather.com\\\/fr\\\/produit\\\/sac-unisex-buffalo-avec-organisateur-zippee#breadcrumb\"},\"inLanguage\":\"fr-FR\",\"potentialAction\":[{\"@type\":\"ReadAction\",\"target\":[\"https:\\\/\\\/www.mancinileather.com\\\/fr\\\/produit\\\/sac-unisex-buffalo-avec-organisateur-zippee\"]}]},{\"@type\":\"ImageObject\",\"inLanguage\":\"fr-FR\",\"@id\":\"https:\\\/\\\/www.mancinileather.com\\\/fr\\\/produit\\\/sac-unisex-buffalo-avec-organisateur-zippee#primaryimage\",\"url\":\"https:\\\/\\\/www.mancinileather.com\\\/wp-content\\\/uploads\\\/2024\\\/08\\\/99-5409_Brown_1.jpg\",\"contentUrl\":\"https:\\\/\\\/www.mancinileather.com\\\/wp-content\\\/uploads\\\/2024\\\/08\\\/99-5409_Brown_1.jpg\",\"width\":2000,\"height\":2000},{\"@type\":\"BreadcrumbList\",\"@id\":\"https:\\\/\\\/www.mancinileather.com\\\/fr\\\/produit\\\/sac-unisex-buffalo-avec-organisateur-zippee#breadcrumb\",\"itemListElement\":[{\"@type\":\"ListItem\",\"position\":1,\"name\":\"Home\",\"item\":\"https:\\\/\\\/www.mancinileather.com\\\/fr\"},{\"@type\":\"ListItem\",\"position\":2,\"name\":\"Boutique\",\"item\":\"https:\\\/\\\/www.mancinileather.com\\\/fr\\\/boutique\"},{\"@type\":\"ListItem\",\"position\":3,\"name\":\"Sac unisex Buffalo avec organisateur zipp\u00e9e\"}]},{\"@type\":\"WebSite\",\"@id\":\"https:\\\/\\\/www.mancinileather.com\\\/fr#website\",\"url\":\"https:\\\/\\\/www.mancinileather.com\\\/fr\",\"name\":\"Mancini\",\"description\":\"Online Leather Store and Products\",\"potentialAction\":[{\"@type\":\"SearchAction\",\"target\":{\"@type\":\"EntryPoint\",\"urlTemplate\":\"https:\\\/\\\/www.mancinileather.com\\\/fr?s={search_term_string}\"},\"query-input\":{\"@type\":\"PropertyValueSpecification\",\"valueRequired\":true,\"valueName\":\"search_term_string\"}}],\"inLanguage\":\"fr-FR\"}]}<\/script>\n<!-- \/ Yoast SEO plugin. -->","yoast_head_json":{"title":"Sac unisex Buffalo avec organisateur zipp\u00e9e - Mancini","robots":{"index":"index","follow":"follow","max-snippet":"max-snippet:-1","max-image-preview":"max-image-preview:large","max-video-preview":"max-video-preview:-1"},"canonical":"https:\/\/www.mancinileather.com\/fr\/produit\/sac-unisex-buffalo-avec-organisateur-zippee","og_locale":"fr_FR","og_type":"article","og_title":"Sac unisex Buffalo avec organisateur zipp\u00e9e - Mancini","og_url":"https:\/\/www.mancinileather.com\/fr\/produit\/sac-unisex-buffalo-avec-organisateur-zippee","og_site_name":"Mancini","article_modified_time":"2025-07-24T06:23:29+00:00","og_image":[{"width":2000,"height":2000,"url":"https:\/\/www.mancinileather.com\/wp-content\/uploads\/2024\/08\/99-5409_Brown_1.jpg","type":"image\/jpeg"}],"twitter_card":"summary_large_image","twitter_misc":{"Est. reading time":"1 minute"},"schema":{"@context":"https:\/\/schema.org","@graph":[{"@type":"WebPage","@id":"https:\/\/www.mancinileather.com\/fr\/produit\/sac-unisex-buffalo-avec-organisateur-zippee","url":"https:\/\/www.mancinileather.com\/fr\/produit\/sac-unisex-buffalo-avec-organisateur-zippee","name":"Sac unisex Buffalo avec organisateur zipp\u00e9e - Mancini","isPartOf":{"@id":"https:\/\/www.mancinileather.com\/fr#website"},"primaryImageOfPage":{"@id":"https:\/\/www.mancinileather.com\/fr\/produit\/sac-unisex-buffalo-avec-organisateur-zippee#primaryimage"},"image":{"@id":"https:\/\/www.mancinileather.com\/fr\/produit\/sac-unisex-buffalo-avec-organisateur-zippee#primaryimage"},"thumbnailUrl":"https:\/\/www.mancinileather.com\/wp-content\/uploads\/2024\/08\/99-5409_Brown_1.jpg","datePublished":"2024-08-08T16:23:47+00:00","dateModified":"2025-07-24T06:23:29+00:00","breadcrumb":{"@id":"https:\/\/www.mancinileather.com\/fr\/produit\/sac-unisex-buffalo-avec-organisateur-zippee#breadcrumb"},"inLanguage":"fr-FR","potentialAction":[{"@type":"ReadAction","target":["https:\/\/www.mancinileather.com\/fr\/produit\/sac-unisex-buffalo-avec-organisateur-zippee"]}]},{"@type":"ImageObject","inLanguage":"fr-FR","@id":"https:\/\/www.mancinileather.com\/fr\/produit\/sac-unisex-buffalo-avec-organisateur-zippee#primaryimage","url":"https:\/\/www.mancinileather.com\/wp-content\/uploads\/2024\/08\/99-5409_Brown_1.jpg","contentUrl":"https:\/\/www.mancinileather.com\/wp-content\/uploads\/2024\/08\/99-5409_Brown_1.jpg","width":2000,"height":2000},{"@type":"BreadcrumbList","@id":"https:\/\/www.mancinileather.com\/fr\/produit\/sac-unisex-buffalo-avec-organisateur-zippee#breadcrumb","itemListElement":[{"@type":"ListItem","position":1,"name":"Home","item":"https:\/\/www.mancinileather.com\/fr"},{"@type":"ListItem","position":2,"name":"Boutique","item":"https:\/\/www.mancinileather.com\/fr\/boutique"},{"@type":"ListItem","position":3,"name":"Sac unisex Buffalo avec organisateur zipp\u00e9e"}]},{"@type":"WebSite","@id":"https:\/\/www.mancinileather.com\/fr#website","url":"https:\/\/www.mancinileather.com\/fr","name":"Mancini","description":"Online Leather Store and Products","potentialAction":[{"@type":"SearchAction","target":{"@type":"EntryPoint","urlTemplate":"https:\/\/www.mancinileather.com\/fr?s={search_term_string}"},"query-input":{"@type":"PropertyValueSpecification","valueRequired":true,"valueName":"search_term_string"}}],"inLanguage":"fr-FR"}]}},"brands":[],"_links":{"self":[{"href":"https:\/\/www.mancinileather.com\/fr\/wp-json\/wp\/v2\/product\/63050","targetHints":{"allow":["GET"]}}],"collection":[{"href":"https:\/\/www.mancinileather.com\/fr\/wp-json\/wp\/v2\/product"}],"about":[{"href":"https:\/\/www.mancinileather.com\/fr\/wp-json\/wp\/v2\/types\/product"}],"replies":[{"embeddable":true,"href":"https:\/\/www.mancinileather.com\/fr\/wp-json\/wp\/v2\/comments?post=63050"}],"wp:featuredmedia":[{"embeddable":true,"href":"https:\/\/www.mancinileather.com\/fr\/wp-json\/wp\/v2\/media\/63049"}],"wp:attachment":[{"href":"https:\/\/www.mancinileather.com\/fr\/wp-json\/wp\/v2\/media?parent=63050"}],"wp:term":[{"taxonomy":"pwb-brand","embeddable":true,"href":"https:\/\/www.mancinileather.com\/fr\/wp-json\/wp\/v2\/pwb-brand?post=63050"},{"taxonomy":"product_brand","embeddable":true,"href":"https:\/\/www.mancinileather.com\/fr\/wp-json\/wp\/v2\/product_brand?post=63050"},{"taxonomy":"product_cat","embeddable":true,"href":"https:\/\/www.mancinileather.com\/fr\/wp-json\/wp\/v2\/product_cat?post=63050"},{"taxonomy":"product_tag","embeddable":true,"href":"https:\/\/www.mancinileather.com\/fr\/wp-json\/wp\/v2\/product_tag?post=63050"}],"curies":[{"name":"wp","href":"https:\/\/api.w.org\/{rel}","templated":true}]}}