{"id":63145,"date":"2024-08-08T14:19:42","date_gmt":"2024-08-08T18:19:42","guid":{"rendered":"https:\/\/www.mancinileather.com\/product\/buffalo-single-compartment-briefcase-with-rfid-secure-pocket-for-15-6-laptop-tablet-2"},"modified":"2025-07-24T02:23:29","modified_gmt":"2025-07-24T06:23:29","slug":"porte-documents-buffalo-a-un-compartiment-pour-portable-5-6-po-tablette-avec-poche-rfid","status":"publish","type":"product","link":"https:\/\/www.mancinileather.com\/fr\/produit\/porte-documents-buffalo-a-un-compartiment-pour-portable-5-6-po-tablette-avec-poche-rfid","title":{"rendered":"Porte-documents Buffalo \u00e0 un compartiment pour portable 15.6 po \/ tablette avec poche RFID"},"content":{"rendered":"<div class=\"fusion-fullwidth fullwidth-box fusion-builder-row-1 fusion-flex-container has-pattern-background has-mask-background nonhundred-percent-fullwidth non-hundred-percent-height-scrolling\" style=\"--awb-border-radius-top-left:0px;--awb-border-radius-top-right:0px;--awb-border-radius-bottom-right:0px;--awb-border-radius-bottom-left:0px;--awb-flex-wrap:wrap;\" ><div class=\"fusion-builder-row fusion-row fusion-flex-align-items-flex-start fusion-flex-content-wrap\" style=\"max-width:1430px;margin-left: calc(-4% \/ 2 );margin-right: calc(-4% \/ 2 );\"><div class=\"fusion-layout-column fusion_builder_column fusion-builder-column-0 fusion_builder_column_1_1 1_1 fusion-flex-column\" style=\"--awb-bg-size:cover;--awb-width-large:100%;--awb-margin-top-large:0px;--awb-spacing-right-large:1.92%;--awb-margin-bottom-large:20px;--awb-spacing-left-large:1.92%;--awb-width-medium:100%;--awb-order-medium:0;--awb-spacing-right-medium:1.92%;--awb-spacing-left-medium:1.92%;--awb-width-small:100%;--awb-order-small:0;--awb-spacing-right-small:1.92%;--awb-spacing-left-small:1.92%;\"><div class=\"fusion-column-wrapper fusion-column-has-shadow fusion-flex-justify-content-flex-start fusion-content-layout-column\"><div class=\"fusion-text fusion-text-1\"><p>Notre collection Buffalo repr\u00e9sente la fusion de style contemporain avec le look urbain brut. Dot\u00e9 de compartiments rembourr\u00e9s pour prot\u00e9ger votre tablette et portable, cette collection comblera tous vos besoins avec style. Articles fabriqu\u00e9s \u00e0 la main en cuir de buffle pleine fleure cire grasse.<\/p>\n<p>Cette mallette pour ordinateur portable \u00e0 compartiment unique comprend une pochette rembourr\u00e9e pour prot\u00e9ger votre ordinateur portable ou tablette. Une poche avant est dot\u00e9e de la derni\u00e8re technologie de blocage des ondes RFID pour garantir la s\u00e9curit\u00e9 de vos donn\u00e9es et cartes. \u00c0 l&#8217;arri\u00e8re, vous trouverez une poche zipp\u00e9e.<\/p>\n<\/div><\/div><\/div><\/div><\/div>\n","protected":false},"excerpt":{"rendered":"","protected":false},"featured_media":63132,"comment_status":"open","ping_status":"closed","template":"","meta":[],"pwb-brand":[],"product_brand":[],"product_cat":[1509,1467,1501,1630,1638,1592],"product_tag":[],"class_list":{"0":"post-63145","1":"product","2":"type-product","3":"status-publish","4":"has-post-thumbnail","6":"product_cat-porte-documents-cuir-pour-femmes","7":"product_cat-porte-documents-pour-laptop-tablette","8":"product_cat-solde-produits-en-cuir-promotion","9":"product_cat-femme","10":"product_cat-hommes","11":"product_cat-malettes","12":"pa_collection-buffalo-fr","13":"pa_color-brun","14":"pa_color-noir-fr","15":"pa_material-cuir-de-buffle-pleine-fleur-cire-grasse","17":"first","18":"instock","19":"sale","20":"taxable","21":"shipping-taxable","22":"purchasable","23":"product-type-variable"},"yoast_head":"<!-- This site is optimized with the Yoast SEO plugin v25.5 - https:\/\/yoast.com\/wordpress\/plugins\/seo\/ -->\n<title>Porte-documents Buffalo \u00e0 un compartiment pour portable 15.6 po \/ tablette avec poche RFID - Mancini<\/title>\n<meta name=\"robots\" content=\"index, follow, max-snippet:-1, max-image-preview:large, max-video-preview:-1\" \/>\n<link rel=\"canonical\" href=\"https:\/\/www.mancinileather.com\/fr\/produit\/porte-documents-buffalo-a-un-compartiment-pour-portable-5-6-po-tablette-avec-poche-rfid\" \/>\n<meta property=\"og:locale\" content=\"fr_FR\" \/>\n<meta property=\"og:type\" content=\"article\" \/>\n<meta property=\"og:title\" content=\"Porte-documents Buffalo \u00e0 un compartiment pour portable 15.6 po \/ tablette avec poche RFID - Mancini\" \/>\n<meta property=\"og:url\" content=\"https:\/\/www.mancinileather.com\/fr\/produit\/porte-documents-buffalo-a-un-compartiment-pour-portable-5-6-po-tablette-avec-poche-rfid\" \/>\n<meta property=\"og:site_name\" content=\"Mancini\" \/>\n<meta property=\"article:modified_time\" content=\"2025-07-24T06:23:29+00:00\" \/>\n<meta property=\"og:image\" content=\"https:\/\/www.mancinileather.com\/wp-content\/uploads\/2024\/08\/99-5487_Black_1.jpg\" \/>\n\t<meta property=\"og:image:width\" content=\"2000\" \/>\n\t<meta property=\"og:image:height\" content=\"2000\" \/>\n\t<meta property=\"og:image:type\" content=\"image\/jpeg\" \/>\n<meta name=\"twitter:card\" content=\"summary_large_image\" \/>\n<meta name=\"twitter:label1\" content=\"Est. reading time\" \/>\n\t<meta name=\"twitter:data1\" content=\"1 minute\" \/>\n<script type=\"application\/ld+json\" class=\"yoast-schema-graph\">{\"@context\":\"https:\/\/schema.org\",\"@graph\":[{\"@type\":\"WebPage\",\"@id\":\"https:\/\/www.mancinileather.com\/fr\/produit\/porte-documents-buffalo-a-un-compartiment-pour-portable-5-6-po-tablette-avec-poche-rfid\",\"url\":\"https:\/\/www.mancinileather.com\/fr\/produit\/porte-documents-buffalo-a-un-compartiment-pour-portable-5-6-po-tablette-avec-poche-rfid\",\"name\":\"Porte-documents Buffalo \u00e0 un compartiment pour portable 15.6 po \/ tablette avec poche RFID - Mancini\",\"isPartOf\":{\"@id\":\"https:\/\/www.mancinileather.com\/fr#website\"},\"primaryImageOfPage\":{\"@id\":\"https:\/\/www.mancinileather.com\/fr\/produit\/porte-documents-buffalo-a-un-compartiment-pour-portable-5-6-po-tablette-avec-poche-rfid#primaryimage\"},\"image\":{\"@id\":\"https:\/\/www.mancinileather.com\/fr\/produit\/porte-documents-buffalo-a-un-compartiment-pour-portable-5-6-po-tablette-avec-poche-rfid#primaryimage\"},\"thumbnailUrl\":\"https:\/\/www.mancinileather.com\/wp-content\/uploads\/2024\/08\/99-5487_Black_1.jpg\",\"datePublished\":\"2024-08-08T18:19:42+00:00\",\"dateModified\":\"2025-07-24T06:23:29+00:00\",\"breadcrumb\":{\"@id\":\"https:\/\/www.mancinileather.com\/fr\/produit\/porte-documents-buffalo-a-un-compartiment-pour-portable-5-6-po-tablette-avec-poche-rfid#breadcrumb\"},\"inLanguage\":\"fr-FR\",\"potentialAction\":[{\"@type\":\"ReadAction\",\"target\":[\"https:\/\/www.mancinileather.com\/fr\/produit\/porte-documents-buffalo-a-un-compartiment-pour-portable-5-6-po-tablette-avec-poche-rfid\"]}]},{\"@type\":\"ImageObject\",\"inLanguage\":\"fr-FR\",\"@id\":\"https:\/\/www.mancinileather.com\/fr\/produit\/porte-documents-buffalo-a-un-compartiment-pour-portable-5-6-po-tablette-avec-poche-rfid#primaryimage\",\"url\":\"https:\/\/www.mancinileather.com\/wp-content\/uploads\/2024\/08\/99-5487_Black_1.jpg\",\"contentUrl\":\"https:\/\/www.mancinileather.com\/wp-content\/uploads\/2024\/08\/99-5487_Black_1.jpg\",\"width\":2000,\"height\":2000},{\"@type\":\"BreadcrumbList\",\"@id\":\"https:\/\/www.mancinileather.com\/fr\/produit\/porte-documents-buffalo-a-un-compartiment-pour-portable-5-6-po-tablette-avec-poche-rfid#breadcrumb\",\"itemListElement\":[{\"@type\":\"ListItem\",\"position\":1,\"name\":\"Home\",\"item\":\"https:\/\/www.mancinileather.com\/fr\"},{\"@type\":\"ListItem\",\"position\":2,\"name\":\"Boutique\",\"item\":\"https:\/\/www.mancinileather.com\/fr\/boutique\"},{\"@type\":\"ListItem\",\"position\":3,\"name\":\"Porte-documents Buffalo \u00e0 un compartiment pour portable 15.6 po \/ tablette avec poche RFID\"}]},{\"@type\":\"WebSite\",\"@id\":\"https:\/\/www.mancinileather.com\/fr#website\",\"url\":\"https:\/\/www.mancinileather.com\/fr\",\"name\":\"Mancini\",\"description\":\"Online Leather Store and Products\",\"potentialAction\":[{\"@type\":\"SearchAction\",\"target\":{\"@type\":\"EntryPoint\",\"urlTemplate\":\"https:\/\/www.mancinileather.com\/fr?s={search_term_string}\"},\"query-input\":{\"@type\":\"PropertyValueSpecification\",\"valueRequired\":true,\"valueName\":\"search_term_string\"}}],\"inLanguage\":\"fr-FR\"}]}<\/script>\n<!-- \/ Yoast SEO plugin. -->","yoast_head_json":{"title":"Porte-documents Buffalo \u00e0 un compartiment pour portable 15.6 po \/ tablette avec poche RFID - Mancini","robots":{"index":"index","follow":"follow","max-snippet":"max-snippet:-1","max-image-preview":"max-image-preview:large","max-video-preview":"max-video-preview:-1"},"canonical":"https:\/\/www.mancinileather.com\/fr\/produit\/porte-documents-buffalo-a-un-compartiment-pour-portable-5-6-po-tablette-avec-poche-rfid","og_locale":"fr_FR","og_type":"article","og_title":"Porte-documents Buffalo \u00e0 un compartiment pour portable 15.6 po \/ tablette avec poche RFID - Mancini","og_url":"https:\/\/www.mancinileather.com\/fr\/produit\/porte-documents-buffalo-a-un-compartiment-pour-portable-5-6-po-tablette-avec-poche-rfid","og_site_name":"Mancini","article_modified_time":"2025-07-24T06:23:29+00:00","og_image":[{"width":2000,"height":2000,"url":"https:\/\/www.mancinileather.com\/wp-content\/uploads\/2024\/08\/99-5487_Black_1.jpg","type":"image\/jpeg"}],"twitter_card":"summary_large_image","twitter_misc":{"Est. reading time":"1 minute"},"schema":{"@context":"https:\/\/schema.org","@graph":[{"@type":"WebPage","@id":"https:\/\/www.mancinileather.com\/fr\/produit\/porte-documents-buffalo-a-un-compartiment-pour-portable-5-6-po-tablette-avec-poche-rfid","url":"https:\/\/www.mancinileather.com\/fr\/produit\/porte-documents-buffalo-a-un-compartiment-pour-portable-5-6-po-tablette-avec-poche-rfid","name":"Porte-documents Buffalo \u00e0 un compartiment pour portable 15.6 po \/ tablette avec poche RFID - Mancini","isPartOf":{"@id":"https:\/\/www.mancinileather.com\/fr#website"},"primaryImageOfPage":{"@id":"https:\/\/www.mancinileather.com\/fr\/produit\/porte-documents-buffalo-a-un-compartiment-pour-portable-5-6-po-tablette-avec-poche-rfid#primaryimage"},"image":{"@id":"https:\/\/www.mancinileather.com\/fr\/produit\/porte-documents-buffalo-a-un-compartiment-pour-portable-5-6-po-tablette-avec-poche-rfid#primaryimage"},"thumbnailUrl":"https:\/\/www.mancinileather.com\/wp-content\/uploads\/2024\/08\/99-5487_Black_1.jpg","datePublished":"2024-08-08T18:19:42+00:00","dateModified":"2025-07-24T06:23:29+00:00","breadcrumb":{"@id":"https:\/\/www.mancinileather.com\/fr\/produit\/porte-documents-buffalo-a-un-compartiment-pour-portable-5-6-po-tablette-avec-poche-rfid#breadcrumb"},"inLanguage":"fr-FR","potentialAction":[{"@type":"ReadAction","target":["https:\/\/www.mancinileather.com\/fr\/produit\/porte-documents-buffalo-a-un-compartiment-pour-portable-5-6-po-tablette-avec-poche-rfid"]}]},{"@type":"ImageObject","inLanguage":"fr-FR","@id":"https:\/\/www.mancinileather.com\/fr\/produit\/porte-documents-buffalo-a-un-compartiment-pour-portable-5-6-po-tablette-avec-poche-rfid#primaryimage","url":"https:\/\/www.mancinileather.com\/wp-content\/uploads\/2024\/08\/99-5487_Black_1.jpg","contentUrl":"https:\/\/www.mancinileather.com\/wp-content\/uploads\/2024\/08\/99-5487_Black_1.jpg","width":2000,"height":2000},{"@type":"BreadcrumbList","@id":"https:\/\/www.mancinileather.com\/fr\/produit\/porte-documents-buffalo-a-un-compartiment-pour-portable-5-6-po-tablette-avec-poche-rfid#breadcrumb","itemListElement":[{"@type":"ListItem","position":1,"name":"Home","item":"https:\/\/www.mancinileather.com\/fr"},{"@type":"ListItem","position":2,"name":"Boutique","item":"https:\/\/www.mancinileather.com\/fr\/boutique"},{"@type":"ListItem","position":3,"name":"Porte-documents Buffalo \u00e0 un compartiment pour portable 15.6 po \/ tablette avec poche RFID"}]},{"@type":"WebSite","@id":"https:\/\/www.mancinileather.com\/fr#website","url":"https:\/\/www.mancinileather.com\/fr","name":"Mancini","description":"Online Leather Store and Products","potentialAction":[{"@type":"SearchAction","target":{"@type":"EntryPoint","urlTemplate":"https:\/\/www.mancinileather.com\/fr?s={search_term_string}"},"query-input":{"@type":"PropertyValueSpecification","valueRequired":true,"valueName":"search_term_string"}}],"inLanguage":"fr-FR"}]}},"brands":[],"_links":{"self":[{"href":"https:\/\/www.mancinileather.com\/fr\/wp-json\/wp\/v2\/product\/63145","targetHints":{"allow":["GET"]}}],"collection":[{"href":"https:\/\/www.mancinileather.com\/fr\/wp-json\/wp\/v2\/product"}],"about":[{"href":"https:\/\/www.mancinileather.com\/fr\/wp-json\/wp\/v2\/types\/product"}],"replies":[{"embeddable":true,"href":"https:\/\/www.mancinileather.com\/fr\/wp-json\/wp\/v2\/comments?post=63145"}],"wp:featuredmedia":[{"embeddable":true,"href":"https:\/\/www.mancinileather.com\/fr\/wp-json\/wp\/v2\/media\/63132"}],"wp:attachment":[{"href":"https:\/\/www.mancinileather.com\/fr\/wp-json\/wp\/v2\/media?parent=63145"}],"wp:term":[{"taxonomy":"pwb-brand","embeddable":true,"href":"https:\/\/www.mancinileather.com\/fr\/wp-json\/wp\/v2\/pwb-brand?post=63145"},{"taxonomy":"product_brand","embeddable":true,"href":"https:\/\/www.mancinileather.com\/fr\/wp-json\/wp\/v2\/product_brand?post=63145"},{"taxonomy":"product_cat","embeddable":true,"href":"https:\/\/www.mancinileather.com\/fr\/wp-json\/wp\/v2\/product_cat?post=63145"},{"taxonomy":"product_tag","embeddable":true,"href":"https:\/\/www.mancinileather.com\/fr\/wp-json\/wp\/v2\/product_tag?post=63145"}],"curies":[{"name":"wp","href":"https:\/\/api.w.org\/{rel}","templated":true}]}}