{"id":63246,"date":"2024-08-15T13:49:57","date_gmt":"2024-08-15T17:49:57","guid":{"rendered":"https:\/\/www.mancinileather.com\/product\/bermuda-collection-expandable-polypropylene-spinner-luggage-2pc-set-2028"},"modified":"2025-07-24T02:23:28","modified_gmt":"2025-07-24T06:23:28","slug":"jeu-de-2-valises-20po28po-polypropylene-extensible-pivotants-a-4-roues-collection-bermuda","status":"publish","type":"product","link":"https:\/\/www.mancinileather.com\/fr\/produit\/jeu-de-2-valises-20po28po-polypropylene-extensible-pivotants-a-4-roues-collection-bermuda","title":{"rendered":"Jeu de 2 valises (20po + 28po) polypropylene extensible pivotants \u00e0 4 roues collection Bermuda"},"content":{"rendered":"<div class=\"fusion-fullwidth fullwidth-box fusion-builder-row-1 fusion-flex-container has-pattern-background has-mask-background nonhundred-percent-fullwidth non-hundred-percent-height-scrolling\" style=\"--awb-border-radius-top-left:0px;--awb-border-radius-top-right:0px;--awb-border-radius-bottom-right:0px;--awb-border-radius-bottom-left:0px;--awb-flex-wrap:wrap;\" ><div class=\"fusion-builder-row fusion-row fusion-flex-align-items-flex-start fusion-flex-content-wrap\" style=\"max-width:1430px;margin-left: calc(-4% \/ 2 );margin-right: calc(-4% \/ 2 );\"><div class=\"fusion-layout-column fusion_builder_column fusion-builder-column-0 fusion_builder_column_1_1 1_1 fusion-flex-column\" style=\"--awb-bg-size:cover;--awb-width-large:100%;--awb-margin-top-large:0px;--awb-spacing-right-large:1.92%;--awb-margin-bottom-large:20px;--awb-spacing-left-large:1.92%;--awb-width-medium:100%;--awb-order-medium:0;--awb-spacing-right-medium:1.92%;--awb-spacing-left-medium:1.92%;--awb-width-small:100%;--awb-order-small:0;--awb-spacing-right-small:1.92%;--awb-spacing-left-small:1.92%;\"><div class=\"fusion-column-wrapper fusion-column-has-shadow fusion-flex-justify-content-flex-start fusion-content-layout-column\"><div class=\"fusion-text fusion-text-1\"><p>Les valises de notre Collection\u00a0<strong>Bermuda<\/strong>\u00a0pivotants \u00e0 4 roues sont fabriqu\u00e9es pour fiabilit\u00e9, durabilit\u00e9 et l\u00e9g\u00e8ret\u00e9.<\/p>\n<p>Les 4 roues qui pivotent sur 360\u00b0 permettent aux utilisateurs de se d\u00e9placer dans toutes les directions sans effort. De plus, les sangles int\u00e9rieures au fond de la valise, ainsi que des poches en maille \u00e0 glissi\u00e8re fix\u00e9es au couvercle, gardent vos effets rang\u00e9s en toute s\u00e9curit\u00e9.<\/p>\n<\/div><\/div><\/div><\/div><\/div>\n","protected":false},"excerpt":{"rendered":"<p>Collection\u00a0<strong>Bermuda<\/strong><\/p>\n","protected":false},"featured_media":63214,"comment_status":"open","ping_status":"closed","template":"","meta":[],"pwb-brand":[],"product_brand":[],"product_cat":[1499],"product_tag":[],"class_list":{"0":"post-63246","1":"product","2":"type-product","3":"status-publish","4":"has-post-thumbnail","6":"product_cat-bagage-de-cabine","7":"pa_collection-bermuda-fr","8":"pa_color-ice-blue-fr","9":"pa_color-klevin-blue-fr","10":"pa_color-rose-gold-fr","11":"pa_color-bermuda-green-fr","12":"pa_material-polypropylene-fr","14":"first","15":"instock","16":"sale","17":"taxable","18":"shipping-taxable","19":"purchasable","20":"product-type-variable","21":"has-default-attributes"},"yoast_head":"<!-- This site is optimized with the Yoast SEO plugin v27.4 - https:\/\/yoast.com\/product\/yoast-seo-wordpress\/ -->\n<title>Jeu de 2 valises (20po + 28po) polypropylene extensible pivotants \u00e0 4 roues collection Bermuda - Mancini<\/title>\n<meta name=\"robots\" content=\"index, follow, max-snippet:-1, max-image-preview:large, max-video-preview:-1\" \/>\n<link rel=\"canonical\" href=\"https:\/\/www.mancinileather.com\/fr\/produit\/jeu-de-2-valises-20po28po-polypropylene-extensible-pivotants-a-4-roues-collection-bermuda\" \/>\n<meta property=\"og:locale\" content=\"fr_FR\" \/>\n<meta property=\"og:type\" content=\"article\" \/>\n<meta property=\"og:title\" content=\"Jeu de 2 valises (20po + 28po) polypropylene extensible pivotants \u00e0 4 roues collection Bermuda - Mancini\" \/>\n<meta property=\"og:description\" content=\"Collection\u00a0Bermuda\" \/>\n<meta property=\"og:url\" content=\"https:\/\/www.mancinileather.com\/fr\/produit\/jeu-de-2-valises-20po28po-polypropylene-extensible-pivotants-a-4-roues-collection-bermuda\" \/>\n<meta property=\"og:site_name\" content=\"Mancini\" \/>\n<meta property=\"article:modified_time\" content=\"2025-07-24T06:23:28+00:00\" \/>\n<meta property=\"og:image\" content=\"https:\/\/www.mancinileather.com\/wp-content\/uploads\/2024\/08\/LPP820_RoseGold_1.jpg\" \/>\n\t<meta property=\"og:image:width\" content=\"2000\" \/>\n\t<meta property=\"og:image:height\" content=\"2000\" \/>\n\t<meta property=\"og:image:type\" content=\"image\/jpeg\" \/>\n<meta name=\"twitter:card\" content=\"summary_large_image\" \/>\n<meta name=\"twitter:label1\" content=\"Est. reading time\" \/>\n\t<meta name=\"twitter:data1\" content=\"1 minute\" \/>\n<script type=\"application\/ld+json\" class=\"yoast-schema-graph\">{\"@context\":\"https:\\\/\\\/schema.org\",\"@graph\":[{\"@type\":\"WebPage\",\"@id\":\"https:\\\/\\\/www.mancinileather.com\\\/fr\\\/produit\\\/jeu-de-2-valises-20po28po-polypropylene-extensible-pivotants-a-4-roues-collection-bermuda\",\"url\":\"https:\\\/\\\/www.mancinileather.com\\\/fr\\\/produit\\\/jeu-de-2-valises-20po28po-polypropylene-extensible-pivotants-a-4-roues-collection-bermuda\",\"name\":\"Jeu de 2 valises (20po + 28po) polypropylene extensible pivotants \u00e0 4 roues collection Bermuda - Mancini\",\"isPartOf\":{\"@id\":\"https:\\\/\\\/www.mancinileather.com\\\/fr#website\"},\"primaryImageOfPage\":{\"@id\":\"https:\\\/\\\/www.mancinileather.com\\\/fr\\\/produit\\\/jeu-de-2-valises-20po28po-polypropylene-extensible-pivotants-a-4-roues-collection-bermuda#primaryimage\"},\"image\":{\"@id\":\"https:\\\/\\\/www.mancinileather.com\\\/fr\\\/produit\\\/jeu-de-2-valises-20po28po-polypropylene-extensible-pivotants-a-4-roues-collection-bermuda#primaryimage\"},\"thumbnailUrl\":\"https:\\\/\\\/www.mancinileather.com\\\/wp-content\\\/uploads\\\/2024\\\/08\\\/LPP820_RoseGold_1.jpg\",\"datePublished\":\"2024-08-15T17:49:57+00:00\",\"dateModified\":\"2025-07-24T06:23:28+00:00\",\"breadcrumb\":{\"@id\":\"https:\\\/\\\/www.mancinileather.com\\\/fr\\\/produit\\\/jeu-de-2-valises-20po28po-polypropylene-extensible-pivotants-a-4-roues-collection-bermuda#breadcrumb\"},\"inLanguage\":\"fr-FR\",\"potentialAction\":[{\"@type\":\"ReadAction\",\"target\":[\"https:\\\/\\\/www.mancinileather.com\\\/fr\\\/produit\\\/jeu-de-2-valises-20po28po-polypropylene-extensible-pivotants-a-4-roues-collection-bermuda\"]}]},{\"@type\":\"ImageObject\",\"inLanguage\":\"fr-FR\",\"@id\":\"https:\\\/\\\/www.mancinileather.com\\\/fr\\\/produit\\\/jeu-de-2-valises-20po28po-polypropylene-extensible-pivotants-a-4-roues-collection-bermuda#primaryimage\",\"url\":\"https:\\\/\\\/www.mancinileather.com\\\/wp-content\\\/uploads\\\/2024\\\/08\\\/LPP820_RoseGold_1.jpg\",\"contentUrl\":\"https:\\\/\\\/www.mancinileather.com\\\/wp-content\\\/uploads\\\/2024\\\/08\\\/LPP820_RoseGold_1.jpg\",\"width\":2000,\"height\":2000},{\"@type\":\"BreadcrumbList\",\"@id\":\"https:\\\/\\\/www.mancinileather.com\\\/fr\\\/produit\\\/jeu-de-2-valises-20po28po-polypropylene-extensible-pivotants-a-4-roues-collection-bermuda#breadcrumb\",\"itemListElement\":[{\"@type\":\"ListItem\",\"position\":1,\"name\":\"Home\",\"item\":\"https:\\\/\\\/www.mancinileather.com\\\/fr\"},{\"@type\":\"ListItem\",\"position\":2,\"name\":\"Boutique\",\"item\":\"https:\\\/\\\/www.mancinileather.com\\\/fr\\\/boutique\"},{\"@type\":\"ListItem\",\"position\":3,\"name\":\"Jeu de 2 valises (20po + 28po) polypropylene extensible pivotants \u00e0 4 roues collection Bermuda\"}]},{\"@type\":\"WebSite\",\"@id\":\"https:\\\/\\\/www.mancinileather.com\\\/fr#website\",\"url\":\"https:\\\/\\\/www.mancinileather.com\\\/fr\",\"name\":\"Mancini\",\"description\":\"Online Leather Store and Products\",\"potentialAction\":[{\"@type\":\"SearchAction\",\"target\":{\"@type\":\"EntryPoint\",\"urlTemplate\":\"https:\\\/\\\/www.mancinileather.com\\\/fr?s={search_term_string}\"},\"query-input\":{\"@type\":\"PropertyValueSpecification\",\"valueRequired\":true,\"valueName\":\"search_term_string\"}}],\"inLanguage\":\"fr-FR\"}]}<\/script>\n<!-- \/ Yoast SEO plugin. -->","yoast_head_json":{"title":"Jeu de 2 valises (20po + 28po) polypropylene extensible pivotants \u00e0 4 roues collection Bermuda - Mancini","robots":{"index":"index","follow":"follow","max-snippet":"max-snippet:-1","max-image-preview":"max-image-preview:large","max-video-preview":"max-video-preview:-1"},"canonical":"https:\/\/www.mancinileather.com\/fr\/produit\/jeu-de-2-valises-20po28po-polypropylene-extensible-pivotants-a-4-roues-collection-bermuda","og_locale":"fr_FR","og_type":"article","og_title":"Jeu de 2 valises (20po + 28po) polypropylene extensible pivotants \u00e0 4 roues collection Bermuda - Mancini","og_description":"Collection\u00a0Bermuda","og_url":"https:\/\/www.mancinileather.com\/fr\/produit\/jeu-de-2-valises-20po28po-polypropylene-extensible-pivotants-a-4-roues-collection-bermuda","og_site_name":"Mancini","article_modified_time":"2025-07-24T06:23:28+00:00","og_image":[{"width":2000,"height":2000,"url":"https:\/\/www.mancinileather.com\/wp-content\/uploads\/2024\/08\/LPP820_RoseGold_1.jpg","type":"image\/jpeg"}],"twitter_card":"summary_large_image","twitter_misc":{"Est. reading time":"1 minute"},"schema":{"@context":"https:\/\/schema.org","@graph":[{"@type":"WebPage","@id":"https:\/\/www.mancinileather.com\/fr\/produit\/jeu-de-2-valises-20po28po-polypropylene-extensible-pivotants-a-4-roues-collection-bermuda","url":"https:\/\/www.mancinileather.com\/fr\/produit\/jeu-de-2-valises-20po28po-polypropylene-extensible-pivotants-a-4-roues-collection-bermuda","name":"Jeu de 2 valises (20po + 28po) polypropylene extensible pivotants \u00e0 4 roues collection Bermuda - Mancini","isPartOf":{"@id":"https:\/\/www.mancinileather.com\/fr#website"},"primaryImageOfPage":{"@id":"https:\/\/www.mancinileather.com\/fr\/produit\/jeu-de-2-valises-20po28po-polypropylene-extensible-pivotants-a-4-roues-collection-bermuda#primaryimage"},"image":{"@id":"https:\/\/www.mancinileather.com\/fr\/produit\/jeu-de-2-valises-20po28po-polypropylene-extensible-pivotants-a-4-roues-collection-bermuda#primaryimage"},"thumbnailUrl":"https:\/\/www.mancinileather.com\/wp-content\/uploads\/2024\/08\/LPP820_RoseGold_1.jpg","datePublished":"2024-08-15T17:49:57+00:00","dateModified":"2025-07-24T06:23:28+00:00","breadcrumb":{"@id":"https:\/\/www.mancinileather.com\/fr\/produit\/jeu-de-2-valises-20po28po-polypropylene-extensible-pivotants-a-4-roues-collection-bermuda#breadcrumb"},"inLanguage":"fr-FR","potentialAction":[{"@type":"ReadAction","target":["https:\/\/www.mancinileather.com\/fr\/produit\/jeu-de-2-valises-20po28po-polypropylene-extensible-pivotants-a-4-roues-collection-bermuda"]}]},{"@type":"ImageObject","inLanguage":"fr-FR","@id":"https:\/\/www.mancinileather.com\/fr\/produit\/jeu-de-2-valises-20po28po-polypropylene-extensible-pivotants-a-4-roues-collection-bermuda#primaryimage","url":"https:\/\/www.mancinileather.com\/wp-content\/uploads\/2024\/08\/LPP820_RoseGold_1.jpg","contentUrl":"https:\/\/www.mancinileather.com\/wp-content\/uploads\/2024\/08\/LPP820_RoseGold_1.jpg","width":2000,"height":2000},{"@type":"BreadcrumbList","@id":"https:\/\/www.mancinileather.com\/fr\/produit\/jeu-de-2-valises-20po28po-polypropylene-extensible-pivotants-a-4-roues-collection-bermuda#breadcrumb","itemListElement":[{"@type":"ListItem","position":1,"name":"Home","item":"https:\/\/www.mancinileather.com\/fr"},{"@type":"ListItem","position":2,"name":"Boutique","item":"https:\/\/www.mancinileather.com\/fr\/boutique"},{"@type":"ListItem","position":3,"name":"Jeu de 2 valises (20po + 28po) polypropylene extensible pivotants \u00e0 4 roues collection Bermuda"}]},{"@type":"WebSite","@id":"https:\/\/www.mancinileather.com\/fr#website","url":"https:\/\/www.mancinileather.com\/fr","name":"Mancini","description":"Online Leather Store and Products","potentialAction":[{"@type":"SearchAction","target":{"@type":"EntryPoint","urlTemplate":"https:\/\/www.mancinileather.com\/fr?s={search_term_string}"},"query-input":{"@type":"PropertyValueSpecification","valueRequired":true,"valueName":"search_term_string"}}],"inLanguage":"fr-FR"}]}},"brands":[],"_links":{"self":[{"href":"https:\/\/www.mancinileather.com\/fr\/wp-json\/wp\/v2\/product\/63246","targetHints":{"allow":["GET"]}}],"collection":[{"href":"https:\/\/www.mancinileather.com\/fr\/wp-json\/wp\/v2\/product"}],"about":[{"href":"https:\/\/www.mancinileather.com\/fr\/wp-json\/wp\/v2\/types\/product"}],"replies":[{"embeddable":true,"href":"https:\/\/www.mancinileather.com\/fr\/wp-json\/wp\/v2\/comments?post=63246"}],"wp:featuredmedia":[{"embeddable":true,"href":"https:\/\/www.mancinileather.com\/fr\/wp-json\/wp\/v2\/media\/63214"}],"wp:attachment":[{"href":"https:\/\/www.mancinileather.com\/fr\/wp-json\/wp\/v2\/media?parent=63246"}],"wp:term":[{"taxonomy":"pwb-brand","embeddable":true,"href":"https:\/\/www.mancinileather.com\/fr\/wp-json\/wp\/v2\/pwb-brand?post=63246"},{"taxonomy":"product_brand","embeddable":true,"href":"https:\/\/www.mancinileather.com\/fr\/wp-json\/wp\/v2\/product_brand?post=63246"},{"taxonomy":"product_cat","embeddable":true,"href":"https:\/\/www.mancinileather.com\/fr\/wp-json\/wp\/v2\/product_cat?post=63246"},{"taxonomy":"product_tag","embeddable":true,"href":"https:\/\/www.mancinileather.com\/fr\/wp-json\/wp\/v2\/product_tag?post=63246"}],"curies":[{"name":"wp","href":"https:\/\/api.w.org\/{rel}","templated":true}]}}