{"id":67937,"date":"2025-05-13T14:54:12","date_gmt":"2025-05-13T18:54:12","guid":{"rendered":"https:\/\/www.mancinileather.com\/product\/melanie-large-convertible-shoulder-bag"},"modified":"2025-08-08T10:07:13","modified_gmt":"2025-08-08T14:07:13","slug":"grand-sac-a-epaule-convertible-melanie","status":"publish","type":"product","link":"https:\/\/www.mancinileather.com\/fr\/produit\/grand-sac-a-epaule-convertible-melanie","title":{"rendered":"Grand Sac \u00e0 \u00c9paule Convertible Melanie"},"content":{"rendered":"<div class=\"fusion-fullwidth fullwidth-box fusion-builder-row-1 fusion-flex-container has-pattern-background has-mask-background nonhundred-percent-fullwidth non-hundred-percent-height-scrolling\" style=\"--awb-border-radius-top-left:0px;--awb-border-radius-top-right:0px;--awb-border-radius-bottom-right:0px;--awb-border-radius-bottom-left:0px;--awb-flex-wrap:wrap;\" ><div class=\"fusion-builder-row fusion-row fusion-flex-align-items-flex-start fusion-flex-content-wrap\" style=\"max-width:1430px;margin-left: calc(-4% \/ 2 );margin-right: calc(-4% \/ 2 );\"><div class=\"fusion-layout-column fusion_builder_column fusion-builder-column-0 fusion_builder_column_1_1 1_1 fusion-flex-column\" style=\"--awb-bg-size:cover;--awb-width-large:100%;--awb-margin-top-large:0px;--awb-spacing-right-large:1.92%;--awb-margin-bottom-large:20px;--awb-spacing-left-large:1.92%;--awb-width-medium:100%;--awb-order-medium:0;--awb-spacing-right-medium:1.92%;--awb-spacing-left-medium:1.92%;--awb-width-small:100%;--awb-order-small:0;--awb-spacing-right-small:1.92%;--awb-spacing-left-small:1.92%;\"><div class=\"fusion-column-wrapper fusion-column-has-shadow fusion-flex-justify-content-flex-start fusion-content-layout-column\"><div class=\"fusion-text fusion-text-1\"><p>Notre collection <strong>Pebbled <\/strong>est fabriqu\u00e9e \u00e0 partir de cuir de vachette pleine fleur souple, emboss\u00e9 d\u2019un grain de galet. Chaque pi\u00e8ce est fabriqu\u00e9e avec un soin impeccable jusque dans les moindres d\u00e9tails, avec notre doublure sign\u00e9e Mancini et des garnitures de la plus haute qualit\u00e9.<\/p>\n<p>D\u00e9couvrez le grand sac \u00e0 \u00e9paule convertible Melanie, o\u00f9 le design intemporel rencontre la polyvalence du quotidien.<br \/>\nConfectionn\u00e9 en cuir de vachette pleine fleur souple avec une finition grain\u00e9e raffin\u00e9e, ce sac \u00e9l\u00e9gant de notre collection Pebbled allie parfaitement sophistication et fonctionnalit\u00e9. Le mod\u00e8le Melanie dispose d\u2019un compartiment principal spacieux, id\u00e9al pour vos essentiels de tous les jours, avec une poche int\u00e9rieure zipp\u00e9e sur la paroi arri\u00e8re pour garder vos petits objets bien rang\u00e9s et en s\u00e9curit\u00e9.<\/p>\n<p>Pens\u00e9 pour s\u2019adapter \u00e0 votre mode de vie, sa bandouli\u00e8re convertible vous permet de le porter confortablement \u00e0 l\u2019\u00e9paule ou comme un sac \u00e0 main classique. Avec ses lignes \u00e9pur\u00e9es et sa silhouette moderne, le Melanie est le compagnon id\u00e9al pour vos journ\u00e9es charg\u00e9es au bureau comme pour vos week-ends d\u00e9tendus. Magnifiquement con\u00e7u pour la femme contemporaine, ce sac allie style sans effort et praticit\u00e9.<\/p>\n<\/div><\/div><\/div><\/div><\/div>\n","protected":false},"excerpt":{"rendered":"","protected":false},"featured_media":67928,"comment_status":"open","ping_status":"closed","template":"","meta":[],"pwb-brand":[],"product_brand":[],"product_cat":[1505,1630,1588],"product_tag":[],"class_list":{"0":"post-67937","1":"product","2":"type-product","3":"status-publish","4":"has-post-thumbnail","6":"product_cat-sac-a-main-femme","7":"product_cat-femme","8":"product_cat-sacs-cuir-mancini","9":"pa_collection-pebble-fr","10":"pa_color-noir-fr","11":"pa_material-cuir-de-vachette-pleine-fleur-souple-avec-gaufrage-grain-de-galet","13":"first","14":"instock","15":"taxable","16":"shipping-taxable","17":"purchasable","18":"product-type-variable","19":"has-default-attributes"},"yoast_head":"<!-- This site is optimized with the Yoast SEO plugin v25.5 - https:\/\/yoast.com\/wordpress\/plugins\/seo\/ -->\n<title>Grand Sac \u00e0 \u00c9paule Convertible Melanie - Mancini<\/title>\n<meta name=\"robots\" content=\"index, follow, max-snippet:-1, max-image-preview:large, max-video-preview:-1\" \/>\n<link rel=\"canonical\" href=\"https:\/\/www.mancinileather.com\/fr\/produit\/grand-sac-a-epaule-convertible-melanie\" \/>\n<meta property=\"og:locale\" content=\"fr_FR\" \/>\n<meta property=\"og:type\" content=\"article\" \/>\n<meta property=\"og:title\" content=\"Grand Sac \u00e0 \u00c9paule Convertible Melanie - Mancini\" \/>\n<meta property=\"og:url\" content=\"https:\/\/www.mancinileather.com\/fr\/produit\/grand-sac-a-epaule-convertible-melanie\" \/>\n<meta property=\"og:site_name\" content=\"Mancini\" \/>\n<meta property=\"article:modified_time\" content=\"2025-08-08T14:07:13+00:00\" \/>\n<meta property=\"og:image\" content=\"https:\/\/www.mancinileather.com\/wp-content\/uploads\/2025\/05\/HBP-1090-Black-01.jpg\" \/>\n\t<meta property=\"og:image:width\" content=\"2000\" \/>\n\t<meta property=\"og:image:height\" content=\"2000\" \/>\n\t<meta property=\"og:image:type\" content=\"image\/jpeg\" \/>\n<meta name=\"twitter:card\" content=\"summary_large_image\" \/>\n<meta name=\"twitter:label1\" content=\"Est. reading time\" \/>\n\t<meta name=\"twitter:data1\" content=\"2 minutes\" \/>\n<script type=\"application\/ld+json\" class=\"yoast-schema-graph\">{\"@context\":\"https:\/\/schema.org\",\"@graph\":[{\"@type\":\"WebPage\",\"@id\":\"https:\/\/www.mancinileather.com\/fr\/produit\/grand-sac-a-epaule-convertible-melanie\",\"url\":\"https:\/\/www.mancinileather.com\/fr\/produit\/grand-sac-a-epaule-convertible-melanie\",\"name\":\"Grand Sac \u00e0 \u00c9paule Convertible Melanie - Mancini\",\"isPartOf\":{\"@id\":\"https:\/\/www.mancinileather.com\/fr#website\"},\"primaryImageOfPage\":{\"@id\":\"https:\/\/www.mancinileather.com\/fr\/produit\/grand-sac-a-epaule-convertible-melanie#primaryimage\"},\"image\":{\"@id\":\"https:\/\/www.mancinileather.com\/fr\/produit\/grand-sac-a-epaule-convertible-melanie#primaryimage\"},\"thumbnailUrl\":\"https:\/\/www.mancinileather.com\/wp-content\/uploads\/2025\/05\/HBP-1090-Black-01.jpg\",\"datePublished\":\"2025-05-13T18:54:12+00:00\",\"dateModified\":\"2025-08-08T14:07:13+00:00\",\"breadcrumb\":{\"@id\":\"https:\/\/www.mancinileather.com\/fr\/produit\/grand-sac-a-epaule-convertible-melanie#breadcrumb\"},\"inLanguage\":\"fr-FR\",\"potentialAction\":[{\"@type\":\"ReadAction\",\"target\":[\"https:\/\/www.mancinileather.com\/fr\/produit\/grand-sac-a-epaule-convertible-melanie\"]}]},{\"@type\":\"ImageObject\",\"inLanguage\":\"fr-FR\",\"@id\":\"https:\/\/www.mancinileather.com\/fr\/produit\/grand-sac-a-epaule-convertible-melanie#primaryimage\",\"url\":\"https:\/\/www.mancinileather.com\/wp-content\/uploads\/2025\/05\/HBP-1090-Black-01.jpg\",\"contentUrl\":\"https:\/\/www.mancinileather.com\/wp-content\/uploads\/2025\/05\/HBP-1090-Black-01.jpg\",\"width\":2000,\"height\":2000},{\"@type\":\"BreadcrumbList\",\"@id\":\"https:\/\/www.mancinileather.com\/fr\/produit\/grand-sac-a-epaule-convertible-melanie#breadcrumb\",\"itemListElement\":[{\"@type\":\"ListItem\",\"position\":1,\"name\":\"Home\",\"item\":\"https:\/\/www.mancinileather.com\/fr\"},{\"@type\":\"ListItem\",\"position\":2,\"name\":\"Boutique\",\"item\":\"https:\/\/www.mancinileather.com\/fr\/boutique\"},{\"@type\":\"ListItem\",\"position\":3,\"name\":\"Grand Sac \u00e0 \u00c9paule Convertible Melanie\"}]},{\"@type\":\"WebSite\",\"@id\":\"https:\/\/www.mancinileather.com\/fr#website\",\"url\":\"https:\/\/www.mancinileather.com\/fr\",\"name\":\"Mancini\",\"description\":\"Online Leather Store and Products\",\"potentialAction\":[{\"@type\":\"SearchAction\",\"target\":{\"@type\":\"EntryPoint\",\"urlTemplate\":\"https:\/\/www.mancinileather.com\/fr?s={search_term_string}\"},\"query-input\":{\"@type\":\"PropertyValueSpecification\",\"valueRequired\":true,\"valueName\":\"search_term_string\"}}],\"inLanguage\":\"fr-FR\"}]}<\/script>\n<!-- \/ Yoast SEO plugin. -->","yoast_head_json":{"title":"Grand Sac \u00e0 \u00c9paule Convertible Melanie - Mancini","robots":{"index":"index","follow":"follow","max-snippet":"max-snippet:-1","max-image-preview":"max-image-preview:large","max-video-preview":"max-video-preview:-1"},"canonical":"https:\/\/www.mancinileather.com\/fr\/produit\/grand-sac-a-epaule-convertible-melanie","og_locale":"fr_FR","og_type":"article","og_title":"Grand Sac \u00e0 \u00c9paule Convertible Melanie - Mancini","og_url":"https:\/\/www.mancinileather.com\/fr\/produit\/grand-sac-a-epaule-convertible-melanie","og_site_name":"Mancini","article_modified_time":"2025-08-08T14:07:13+00:00","og_image":[{"width":2000,"height":2000,"url":"https:\/\/www.mancinileather.com\/wp-content\/uploads\/2025\/05\/HBP-1090-Black-01.jpg","type":"image\/jpeg"}],"twitter_card":"summary_large_image","twitter_misc":{"Est. reading time":"2 minutes"},"schema":{"@context":"https:\/\/schema.org","@graph":[{"@type":"WebPage","@id":"https:\/\/www.mancinileather.com\/fr\/produit\/grand-sac-a-epaule-convertible-melanie","url":"https:\/\/www.mancinileather.com\/fr\/produit\/grand-sac-a-epaule-convertible-melanie","name":"Grand Sac \u00e0 \u00c9paule Convertible Melanie - Mancini","isPartOf":{"@id":"https:\/\/www.mancinileather.com\/fr#website"},"primaryImageOfPage":{"@id":"https:\/\/www.mancinileather.com\/fr\/produit\/grand-sac-a-epaule-convertible-melanie#primaryimage"},"image":{"@id":"https:\/\/www.mancinileather.com\/fr\/produit\/grand-sac-a-epaule-convertible-melanie#primaryimage"},"thumbnailUrl":"https:\/\/www.mancinileather.com\/wp-content\/uploads\/2025\/05\/HBP-1090-Black-01.jpg","datePublished":"2025-05-13T18:54:12+00:00","dateModified":"2025-08-08T14:07:13+00:00","breadcrumb":{"@id":"https:\/\/www.mancinileather.com\/fr\/produit\/grand-sac-a-epaule-convertible-melanie#breadcrumb"},"inLanguage":"fr-FR","potentialAction":[{"@type":"ReadAction","target":["https:\/\/www.mancinileather.com\/fr\/produit\/grand-sac-a-epaule-convertible-melanie"]}]},{"@type":"ImageObject","inLanguage":"fr-FR","@id":"https:\/\/www.mancinileather.com\/fr\/produit\/grand-sac-a-epaule-convertible-melanie#primaryimage","url":"https:\/\/www.mancinileather.com\/wp-content\/uploads\/2025\/05\/HBP-1090-Black-01.jpg","contentUrl":"https:\/\/www.mancinileather.com\/wp-content\/uploads\/2025\/05\/HBP-1090-Black-01.jpg","width":2000,"height":2000},{"@type":"BreadcrumbList","@id":"https:\/\/www.mancinileather.com\/fr\/produit\/grand-sac-a-epaule-convertible-melanie#breadcrumb","itemListElement":[{"@type":"ListItem","position":1,"name":"Home","item":"https:\/\/www.mancinileather.com\/fr"},{"@type":"ListItem","position":2,"name":"Boutique","item":"https:\/\/www.mancinileather.com\/fr\/boutique"},{"@type":"ListItem","position":3,"name":"Grand Sac \u00e0 \u00c9paule Convertible Melanie"}]},{"@type":"WebSite","@id":"https:\/\/www.mancinileather.com\/fr#website","url":"https:\/\/www.mancinileather.com\/fr","name":"Mancini","description":"Online Leather Store and Products","potentialAction":[{"@type":"SearchAction","target":{"@type":"EntryPoint","urlTemplate":"https:\/\/www.mancinileather.com\/fr?s={search_term_string}"},"query-input":{"@type":"PropertyValueSpecification","valueRequired":true,"valueName":"search_term_string"}}],"inLanguage":"fr-FR"}]}},"brands":[],"_links":{"self":[{"href":"https:\/\/www.mancinileather.com\/fr\/wp-json\/wp\/v2\/product\/67937","targetHints":{"allow":["GET"]}}],"collection":[{"href":"https:\/\/www.mancinileather.com\/fr\/wp-json\/wp\/v2\/product"}],"about":[{"href":"https:\/\/www.mancinileather.com\/fr\/wp-json\/wp\/v2\/types\/product"}],"replies":[{"embeddable":true,"href":"https:\/\/www.mancinileather.com\/fr\/wp-json\/wp\/v2\/comments?post=67937"}],"wp:featuredmedia":[{"embeddable":true,"href":"https:\/\/www.mancinileather.com\/fr\/wp-json\/wp\/v2\/media\/67928"}],"wp:attachment":[{"href":"https:\/\/www.mancinileather.com\/fr\/wp-json\/wp\/v2\/media?parent=67937"}],"wp:term":[{"taxonomy":"pwb-brand","embeddable":true,"href":"https:\/\/www.mancinileather.com\/fr\/wp-json\/wp\/v2\/pwb-brand?post=67937"},{"taxonomy":"product_brand","embeddable":true,"href":"https:\/\/www.mancinileather.com\/fr\/wp-json\/wp\/v2\/product_brand?post=67937"},{"taxonomy":"product_cat","embeddable":true,"href":"https:\/\/www.mancinileather.com\/fr\/wp-json\/wp\/v2\/product_cat?post=67937"},{"taxonomy":"product_tag","embeddable":true,"href":"https:\/\/www.mancinileather.com\/fr\/wp-json\/wp\/v2\/product_tag?post=67937"}],"curies":[{"name":"wp","href":"https:\/\/api.w.org\/{rel}","templated":true}]}}