{"id":70621,"date":"2025-08-08T13:56:23","date_gmt":"2025-08-08T17:56:23","guid":{"rendered":"https:\/\/www.mancinileather.com\/product\/fifth-avenue-rfid-zippered-billfold-with-removable-passcase"},"modified":"2025-08-08T14:00:50","modified_gmt":"2025-08-08T18:00:50","slug":"portefeuille-securise-rfid-fifth-avenue-zippe-avec-etui-amovible","status":"publish","type":"product","link":"https:\/\/www.mancinileather.com\/fr\/produit\/portefeuille-securise-rfid-fifth-avenue-zippe-avec-etui-amovible","title":{"rendered":"Portefeuille s\u00e9curis\u00e9 RFID Fifth Avenue zipp\u00e9 avec \u00e9tui amovible"},"content":{"rendered":"<div class=\"fusion-fullwidth fullwidth-box fusion-builder-row-1 fusion-flex-container has-pattern-background has-mask-background nonhundred-percent-fullwidth non-hundred-percent-height-scrolling\" style=\"--awb-border-radius-top-left:0px;--awb-border-radius-top-right:0px;--awb-border-radius-bottom-right:0px;--awb-border-radius-bottom-left:0px;--awb-flex-wrap:wrap;\" ><div class=\"fusion-builder-row fusion-row fusion-flex-align-items-flex-start fusion-flex-content-wrap\" style=\"max-width:1430px;margin-left: calc(-4% \/ 2 );margin-right: calc(-4% \/ 2 );\"><div class=\"fusion-layout-column fusion_builder_column fusion-builder-column-0 fusion_builder_column_1_1 1_1 fusion-flex-column\" style=\"--awb-bg-size:cover;--awb-width-large:100%;--awb-margin-top-large:0px;--awb-spacing-right-large:1.92%;--awb-margin-bottom-large:20px;--awb-spacing-left-large:1.92%;--awb-width-medium:100%;--awb-order-medium:0;--awb-spacing-right-medium:1.92%;--awb-spacing-left-medium:1.92%;--awb-width-small:100%;--awb-order-small:0;--awb-spacing-right-small:1.92%;--awb-spacing-left-small:1.92%;\"><div class=\"fusion-column-wrapper fusion-column-has-shadow fusion-flex-justify-content-flex-start fusion-content-layout-column\"><div class=\"fusion-text fusion-text-1\"><p>D\u00e9couvrez notre nouvelle collection de portefeuilles Fifth Avenue, fabriqu\u00e9e \u00e0 partir de cuir grain\u00e9 semi-v\u00e9g\u00e9tal de qualit\u00e9 sup\u00e9rieure, offrant une durabilit\u00e9 et une \u00e9l\u00e9gance exceptionnelles. Inspir\u00e9s par l&#8217;\u00e9l\u00e9gance intemporelle de la c\u00e9l\u00e8bre avenue, ces portefeuilles allient design classique et sophistication moderne. La texture riche et la patine unique du cuir se d\u00e9veloppent avec le temps, rehaussant sa beaut\u00e9 et son caract\u00e8re. Con\u00e7us avec soin pour allier style et fonctionnalit\u00e9, chaque portefeuille incarne un luxe discret et raffin\u00e9.<\/p>\n<p>Ce portefeuille unique est dot\u00e9 d&#8217;une fermeture \u00e9clair int\u00e9grale pour garder le contenu en toute s\u00e9curit\u00e9. Il est \u00e9quip\u00e9 de plusieurs fentes pour cartes de cr\u00e9dit et d\u2019un \u00e9tui amovible, parfait pour les occasions o\u00f9 vous souhaitez ne transporter que quelques cartes.<\/p>\n<p>&nbsp;<\/p>\n<\/div><\/div><\/div><\/div><\/div>\n","protected":false},"excerpt":{"rendered":"","protected":false},"featured_media":70620,"comment_status":"open","ping_status":"closed","template":"","meta":[],"pwb-brand":[],"product_brand":[],"product_cat":[1457,1826,1638],"product_tag":[],"class_list":{"0":"post-70621","1":"product","2":"type-product","3":"status-publish","4":"has-post-thumbnail","6":"product_cat-portefeuilles-en-cuir-homme","7":"product_cat-portefeuilles-en-cuir-rfid","8":"product_cat-hommes","9":"pa_collection-fifth-avenue-fr","10":"pa_color-brun","11":"pa_color-noir-fr","12":"pa_material-cuir-de-vachette-pleine-fleur-teint-au-tambour","14":"first","15":"instock","16":"taxable","17":"shipping-taxable","18":"purchasable","19":"product-type-variable","20":"has-default-attributes"},"yoast_head":"<!-- This site is optimized with the Yoast SEO plugin v25.5 - https:\/\/yoast.com\/wordpress\/plugins\/seo\/ -->\n<title>Portefeuille s\u00e9curis\u00e9 RFID Fifth Avenue zipp\u00e9 avec \u00e9tui amovible - Mancini<\/title>\n<meta name=\"robots\" content=\"index, follow, max-snippet:-1, max-image-preview:large, max-video-preview:-1\" \/>\n<link rel=\"canonical\" href=\"https:\/\/www.mancinileather.com\/fr\/produit\/portefeuille-securise-rfid-fifth-avenue-zippe-avec-etui-amovible\" \/>\n<meta property=\"og:locale\" content=\"fr_FR\" \/>\n<meta property=\"og:type\" content=\"article\" \/>\n<meta property=\"og:title\" content=\"Portefeuille s\u00e9curis\u00e9 RFID Fifth Avenue zipp\u00e9 avec \u00e9tui amovible - Mancini\" \/>\n<meta property=\"og:url\" content=\"https:\/\/www.mancinileather.com\/fr\/produit\/portefeuille-securise-rfid-fifth-avenue-zippe-avec-etui-amovible\" \/>\n<meta property=\"og:site_name\" content=\"Mancini\" \/>\n<meta property=\"article:modified_time\" content=\"2025-08-08T18:00:50+00:00\" \/>\n<meta property=\"og:image\" content=\"https:\/\/www.mancinileather.com\/wp-content\/uploads\/2025\/08\/2025159_BN_1-1024x1024.jpg\" \/>\n\t<meta property=\"og:image:width\" content=\"1024\" \/>\n\t<meta property=\"og:image:height\" content=\"1024\" \/>\n\t<meta property=\"og:image:type\" content=\"image\/jpeg\" \/>\n<meta name=\"twitter:card\" content=\"summary_large_image\" \/>\n<meta name=\"twitter:label1\" content=\"Est. reading time\" \/>\n\t<meta name=\"twitter:data1\" content=\"1 minute\" \/>\n<script type=\"application\/ld+json\" class=\"yoast-schema-graph\">{\"@context\":\"https:\/\/schema.org\",\"@graph\":[{\"@type\":\"WebPage\",\"@id\":\"https:\/\/www.mancinileather.com\/fr\/produit\/portefeuille-securise-rfid-fifth-avenue-zippe-avec-etui-amovible\",\"url\":\"https:\/\/www.mancinileather.com\/fr\/produit\/portefeuille-securise-rfid-fifth-avenue-zippe-avec-etui-amovible\",\"name\":\"Portefeuille s\u00e9curis\u00e9 RFID Fifth Avenue zipp\u00e9 avec \u00e9tui amovible - Mancini\",\"isPartOf\":{\"@id\":\"https:\/\/www.mancinileather.com\/fr#website\"},\"primaryImageOfPage\":{\"@id\":\"https:\/\/www.mancinileather.com\/fr\/produit\/portefeuille-securise-rfid-fifth-avenue-zippe-avec-etui-amovible#primaryimage\"},\"image\":{\"@id\":\"https:\/\/www.mancinileather.com\/fr\/produit\/portefeuille-securise-rfid-fifth-avenue-zippe-avec-etui-amovible#primaryimage\"},\"thumbnailUrl\":\"https:\/\/www.mancinileather.com\/wp-content\/uploads\/2025\/08\/2025159_BN_1.jpg\",\"datePublished\":\"2025-08-08T17:56:23+00:00\",\"dateModified\":\"2025-08-08T18:00:50+00:00\",\"breadcrumb\":{\"@id\":\"https:\/\/www.mancinileather.com\/fr\/produit\/portefeuille-securise-rfid-fifth-avenue-zippe-avec-etui-amovible#breadcrumb\"},\"inLanguage\":\"fr-FR\",\"potentialAction\":[{\"@type\":\"ReadAction\",\"target\":[\"https:\/\/www.mancinileather.com\/fr\/produit\/portefeuille-securise-rfid-fifth-avenue-zippe-avec-etui-amovible\"]}]},{\"@type\":\"ImageObject\",\"inLanguage\":\"fr-FR\",\"@id\":\"https:\/\/www.mancinileather.com\/fr\/produit\/portefeuille-securise-rfid-fifth-avenue-zippe-avec-etui-amovible#primaryimage\",\"url\":\"https:\/\/www.mancinileather.com\/wp-content\/uploads\/2025\/08\/2025159_BN_1.jpg\",\"contentUrl\":\"https:\/\/www.mancinileather.com\/wp-content\/uploads\/2025\/08\/2025159_BN_1.jpg\",\"width\":2000,\"height\":2000},{\"@type\":\"BreadcrumbList\",\"@id\":\"https:\/\/www.mancinileather.com\/fr\/produit\/portefeuille-securise-rfid-fifth-avenue-zippe-avec-etui-amovible#breadcrumb\",\"itemListElement\":[{\"@type\":\"ListItem\",\"position\":1,\"name\":\"Home\",\"item\":\"https:\/\/www.mancinileather.com\/fr\"},{\"@type\":\"ListItem\",\"position\":2,\"name\":\"Boutique\",\"item\":\"https:\/\/www.mancinileather.com\/fr\/boutique\"},{\"@type\":\"ListItem\",\"position\":3,\"name\":\"Portefeuille s\u00e9curis\u00e9 RFID Fifth Avenue zipp\u00e9 avec \u00e9tui amovible\"}]},{\"@type\":\"WebSite\",\"@id\":\"https:\/\/www.mancinileather.com\/fr#website\",\"url\":\"https:\/\/www.mancinileather.com\/fr\",\"name\":\"Mancini\",\"description\":\"Online Leather Store and Products\",\"potentialAction\":[{\"@type\":\"SearchAction\",\"target\":{\"@type\":\"EntryPoint\",\"urlTemplate\":\"https:\/\/www.mancinileather.com\/fr?s={search_term_string}\"},\"query-input\":{\"@type\":\"PropertyValueSpecification\",\"valueRequired\":true,\"valueName\":\"search_term_string\"}}],\"inLanguage\":\"fr-FR\"}]}<\/script>\n<!-- \/ Yoast SEO plugin. -->","yoast_head_json":{"title":"Portefeuille s\u00e9curis\u00e9 RFID Fifth Avenue zipp\u00e9 avec \u00e9tui amovible - Mancini","robots":{"index":"index","follow":"follow","max-snippet":"max-snippet:-1","max-image-preview":"max-image-preview:large","max-video-preview":"max-video-preview:-1"},"canonical":"https:\/\/www.mancinileather.com\/fr\/produit\/portefeuille-securise-rfid-fifth-avenue-zippe-avec-etui-amovible","og_locale":"fr_FR","og_type":"article","og_title":"Portefeuille s\u00e9curis\u00e9 RFID Fifth Avenue zipp\u00e9 avec \u00e9tui amovible - Mancini","og_url":"https:\/\/www.mancinileather.com\/fr\/produit\/portefeuille-securise-rfid-fifth-avenue-zippe-avec-etui-amovible","og_site_name":"Mancini","article_modified_time":"2025-08-08T18:00:50+00:00","og_image":[{"width":1024,"height":1024,"url":"https:\/\/www.mancinileather.com\/wp-content\/uploads\/2025\/08\/2025159_BN_1-1024x1024.jpg","type":"image\/jpeg"}],"twitter_card":"summary_large_image","twitter_misc":{"Est. reading time":"1 minute"},"schema":{"@context":"https:\/\/schema.org","@graph":[{"@type":"WebPage","@id":"https:\/\/www.mancinileather.com\/fr\/produit\/portefeuille-securise-rfid-fifth-avenue-zippe-avec-etui-amovible","url":"https:\/\/www.mancinileather.com\/fr\/produit\/portefeuille-securise-rfid-fifth-avenue-zippe-avec-etui-amovible","name":"Portefeuille s\u00e9curis\u00e9 RFID Fifth Avenue zipp\u00e9 avec \u00e9tui amovible - Mancini","isPartOf":{"@id":"https:\/\/www.mancinileather.com\/fr#website"},"primaryImageOfPage":{"@id":"https:\/\/www.mancinileather.com\/fr\/produit\/portefeuille-securise-rfid-fifth-avenue-zippe-avec-etui-amovible#primaryimage"},"image":{"@id":"https:\/\/www.mancinileather.com\/fr\/produit\/portefeuille-securise-rfid-fifth-avenue-zippe-avec-etui-amovible#primaryimage"},"thumbnailUrl":"https:\/\/www.mancinileather.com\/wp-content\/uploads\/2025\/08\/2025159_BN_1.jpg","datePublished":"2025-08-08T17:56:23+00:00","dateModified":"2025-08-08T18:00:50+00:00","breadcrumb":{"@id":"https:\/\/www.mancinileather.com\/fr\/produit\/portefeuille-securise-rfid-fifth-avenue-zippe-avec-etui-amovible#breadcrumb"},"inLanguage":"fr-FR","potentialAction":[{"@type":"ReadAction","target":["https:\/\/www.mancinileather.com\/fr\/produit\/portefeuille-securise-rfid-fifth-avenue-zippe-avec-etui-amovible"]}]},{"@type":"ImageObject","inLanguage":"fr-FR","@id":"https:\/\/www.mancinileather.com\/fr\/produit\/portefeuille-securise-rfid-fifth-avenue-zippe-avec-etui-amovible#primaryimage","url":"https:\/\/www.mancinileather.com\/wp-content\/uploads\/2025\/08\/2025159_BN_1.jpg","contentUrl":"https:\/\/www.mancinileather.com\/wp-content\/uploads\/2025\/08\/2025159_BN_1.jpg","width":2000,"height":2000},{"@type":"BreadcrumbList","@id":"https:\/\/www.mancinileather.com\/fr\/produit\/portefeuille-securise-rfid-fifth-avenue-zippe-avec-etui-amovible#breadcrumb","itemListElement":[{"@type":"ListItem","position":1,"name":"Home","item":"https:\/\/www.mancinileather.com\/fr"},{"@type":"ListItem","position":2,"name":"Boutique","item":"https:\/\/www.mancinileather.com\/fr\/boutique"},{"@type":"ListItem","position":3,"name":"Portefeuille s\u00e9curis\u00e9 RFID Fifth Avenue zipp\u00e9 avec \u00e9tui amovible"}]},{"@type":"WebSite","@id":"https:\/\/www.mancinileather.com\/fr#website","url":"https:\/\/www.mancinileather.com\/fr","name":"Mancini","description":"Online Leather Store and Products","potentialAction":[{"@type":"SearchAction","target":{"@type":"EntryPoint","urlTemplate":"https:\/\/www.mancinileather.com\/fr?s={search_term_string}"},"query-input":{"@type":"PropertyValueSpecification","valueRequired":true,"valueName":"search_term_string"}}],"inLanguage":"fr-FR"}]}},"brands":[],"_links":{"self":[{"href":"https:\/\/www.mancinileather.com\/fr\/wp-json\/wp\/v2\/product\/70621","targetHints":{"allow":["GET"]}}],"collection":[{"href":"https:\/\/www.mancinileather.com\/fr\/wp-json\/wp\/v2\/product"}],"about":[{"href":"https:\/\/www.mancinileather.com\/fr\/wp-json\/wp\/v2\/types\/product"}],"replies":[{"embeddable":true,"href":"https:\/\/www.mancinileather.com\/fr\/wp-json\/wp\/v2\/comments?post=70621"}],"wp:featuredmedia":[{"embeddable":true,"href":"https:\/\/www.mancinileather.com\/fr\/wp-json\/wp\/v2\/media\/70620"}],"wp:attachment":[{"href":"https:\/\/www.mancinileather.com\/fr\/wp-json\/wp\/v2\/media?parent=70621"}],"wp:term":[{"taxonomy":"pwb-brand","embeddable":true,"href":"https:\/\/www.mancinileather.com\/fr\/wp-json\/wp\/v2\/pwb-brand?post=70621"},{"taxonomy":"product_brand","embeddable":true,"href":"https:\/\/www.mancinileather.com\/fr\/wp-json\/wp\/v2\/product_brand?post=70621"},{"taxonomy":"product_cat","embeddable":true,"href":"https:\/\/www.mancinileather.com\/fr\/wp-json\/wp\/v2\/product_cat?post=70621"},{"taxonomy":"product_tag","embeddable":true,"href":"https:\/\/www.mancinileather.com\/fr\/wp-json\/wp\/v2\/product_tag?post=70621"}],"curies":[{"name":"wp","href":"https:\/\/api.w.org\/{rel}","templated":true}]}}