{"id":71343,"date":"2025-10-02T13:53:27","date_gmt":"2025-10-02T17:53:27","guid":{"rendered":"https:\/\/www.mancinileather.com\/product\/pelle-doro-15-laptop-tablet-messenger-bag"},"modified":"2025-10-02T13:57:02","modified_gmt":"2025-10-02T17:57:02","slug":"sac-messager-pour-portable-15-po-tablette-pelle-doro","status":"publish","type":"product","link":"https:\/\/www.mancinileather.com\/fr\/produit\/sac-messager-pour-portable-15-po-tablette-pelle-doro","title":{"rendered":"Sac messager pour portable 15 po. \/ tablette Pelle D\u2019oro"},"content":{"rendered":"<div class=\"fusion-fullwidth fullwidth-box fusion-builder-row-1 fusion-flex-container has-pattern-background has-mask-background nonhundred-percent-fullwidth non-hundred-percent-height-scrolling\" style=\"--awb-border-radius-top-left:0px;--awb-border-radius-top-right:0px;--awb-border-radius-bottom-right:0px;--awb-border-radius-bottom-left:0px;--awb-flex-wrap:wrap;\" ><div class=\"fusion-builder-row fusion-row fusion-flex-align-items-flex-start fusion-flex-content-wrap\" style=\"max-width:1430px;margin-left: calc(-4% \/ 2 );margin-right: calc(-4% \/ 2 );\"><div class=\"fusion-layout-column fusion_builder_column fusion-builder-column-0 fusion_builder_column_1_1 1_1 fusion-flex-column\" style=\"--awb-bg-size:cover;--awb-width-large:100%;--awb-margin-top-large:0px;--awb-spacing-right-large:1.92%;--awb-margin-bottom-large:20px;--awb-spacing-left-large:1.92%;--awb-width-medium:100%;--awb-order-medium:0;--awb-spacing-right-medium:1.92%;--awb-spacing-left-medium:1.92%;--awb-width-small:100%;--awb-order-small:0;--awb-spacing-right-small:1.92%;--awb-spacing-left-small:1.92%;\"><div class=\"fusion-column-wrapper fusion-column-has-shadow fusion-flex-justify-content-flex-start fusion-content-layout-column\"><div class=\"fusion-text fusion-text-1\"><p>Cette Collezione Pelle D\u2019oro est fabriqu\u00e9e \u00e0 partir du meilleur cuir v\u00e9g\u00e9tal tann\u00e9 italien, t\u00e9moignant de notre engagement envers la qualit\u00e9 et la durabilit\u00e9. La protection de notre environnement \u00e9tant au c\u0153ur de nos valeurs, nous avons int\u00e9gr\u00e9 des m\u00e9thodes durables \u00e0 chaque \u00e9tape de la production, en commen\u00e7ant par le processus de tannage \u00e9cologique. Nous n&#8217;utilisons que des accessoires de la plus haute qualit\u00e9, garantissant que chaque d\u00e9tail est con\u00e7u avec soin. Chaque pi\u00e8ce est fabriqu\u00e9e \u00e0 la main par des artisans ma\u00eetres, dont l&#8217;attention incomparable aux d\u00e9tails assure que chaque produit n&#8217;est pas seulement un article en cuir, mais une v\u00e9ritable \u0153uvre d&#8217;art. Nous esp\u00e9rons que vous appr\u00e9cierez votre achat et que vous reconnaitrez le soin que nous apportons \u00e0 la cr\u00e9ation des articles en cuir de la plus haute qualit\u00e9.<\/p>\n<p>Ce sac messager est muni d\u2019\u00e9tuis rembourr\u00e9s pour garder votre tablette\/ordinateur portable en toute s\u00e9curit\u00e9. Il est muni d\u2019un grand compartiment principal, deux poches s\u00e9par\u00e9es et une poche sur le dos. L\u2019organisateur de la poche gauche du front est\u00a0\u00e9quip\u00e9 de la derni\u00e8re technologie de blocage d\u2019ondes RFID\u00a0pour assurer que vos donn\u00e9es et vos cartes sont s\u00e9curitaires.<\/p>\n<\/div><\/div><\/div><\/div><\/div>\n","protected":false},"excerpt":{"rendered":"","protected":false},"featured_media":71316,"comment_status":"open","ping_status":"closed","template":"","meta":[],"pwb-brand":[],"product_brand":[],"product_cat":[1461,1467],"product_tag":[],"class_list":{"0":"post-71343","1":"product","2":"type-product","3":"status-publish","4":"has-post-thumbnail","6":"product_cat-sac-messager-cuir-pour-hommes","7":"product_cat-porte-documents-pour-laptop-tablette","8":"pa_collection-pelle-doro-fr","9":"pa_color-brun","10":"pa_color-cognac-fr","11":"pa_color-noir-fr","12":"pa_material-meilleur-cuir-pleine-fleur-vegetal-tanne-italien","14":"first","15":"instock","16":"featured","17":"taxable","18":"shipping-taxable","19":"purchasable","20":"product-type-variable","21":"has-default-attributes"},"yoast_head":"<!-- This site is optimized with the Yoast SEO plugin v25.5 - https:\/\/yoast.com\/wordpress\/plugins\/seo\/ -->\n<title>Sac messager pour portable 15 po. \/ tablette Pelle D\u2019oro - Mancini<\/title>\n<meta name=\"robots\" content=\"index, follow, max-snippet:-1, max-image-preview:large, max-video-preview:-1\" \/>\n<link rel=\"canonical\" href=\"https:\/\/www.mancinileather.com\/fr\/produit\/sac-messager-pour-portable-15-po-tablette-pelle-doro\" \/>\n<meta property=\"og:locale\" content=\"fr_FR\" \/>\n<meta property=\"og:type\" content=\"article\" \/>\n<meta property=\"og:title\" content=\"Sac messager pour portable 15 po. \/ tablette Pelle D\u2019oro - Mancini\" \/>\n<meta property=\"og:url\" content=\"https:\/\/www.mancinileather.com\/fr\/produit\/sac-messager-pour-portable-15-po-tablette-pelle-doro\" \/>\n<meta property=\"og:site_name\" content=\"Mancini\" \/>\n<meta property=\"article:modified_time\" content=\"2025-10-02T17:57:02+00:00\" \/>\n<meta property=\"og:image\" content=\"https:\/\/www.mancinileather.com\/wp-content\/uploads\/2025\/10\/500-54801_Brown_1.jpg\" \/>\n\t<meta property=\"og:image:width\" content=\"2000\" \/>\n\t<meta property=\"og:image:height\" content=\"2000\" \/>\n\t<meta property=\"og:image:type\" content=\"image\/jpeg\" \/>\n<meta name=\"twitter:card\" content=\"summary_large_image\" \/>\n<meta name=\"twitter:label1\" content=\"Est. reading time\" \/>\n\t<meta name=\"twitter:data1\" content=\"1 minute\" \/>\n<script type=\"application\/ld+json\" class=\"yoast-schema-graph\">{\"@context\":\"https:\/\/schema.org\",\"@graph\":[{\"@type\":\"WebPage\",\"@id\":\"https:\/\/www.mancinileather.com\/fr\/produit\/sac-messager-pour-portable-15-po-tablette-pelle-doro\",\"url\":\"https:\/\/www.mancinileather.com\/fr\/produit\/sac-messager-pour-portable-15-po-tablette-pelle-doro\",\"name\":\"Sac messager pour portable 15 po. \/ tablette Pelle D\u2019oro - Mancini\",\"isPartOf\":{\"@id\":\"https:\/\/www.mancinileather.com\/fr#website\"},\"primaryImageOfPage\":{\"@id\":\"https:\/\/www.mancinileather.com\/fr\/produit\/sac-messager-pour-portable-15-po-tablette-pelle-doro#primaryimage\"},\"image\":{\"@id\":\"https:\/\/www.mancinileather.com\/fr\/produit\/sac-messager-pour-portable-15-po-tablette-pelle-doro#primaryimage\"},\"thumbnailUrl\":\"https:\/\/www.mancinileather.com\/wp-content\/uploads\/2025\/10\/500-54801_Brown_1.jpg\",\"datePublished\":\"2025-10-02T17:53:27+00:00\",\"dateModified\":\"2025-10-02T17:57:02+00:00\",\"breadcrumb\":{\"@id\":\"https:\/\/www.mancinileather.com\/fr\/produit\/sac-messager-pour-portable-15-po-tablette-pelle-doro#breadcrumb\"},\"inLanguage\":\"fr-FR\",\"potentialAction\":[{\"@type\":\"ReadAction\",\"target\":[\"https:\/\/www.mancinileather.com\/fr\/produit\/sac-messager-pour-portable-15-po-tablette-pelle-doro\"]}]},{\"@type\":\"ImageObject\",\"inLanguage\":\"fr-FR\",\"@id\":\"https:\/\/www.mancinileather.com\/fr\/produit\/sac-messager-pour-portable-15-po-tablette-pelle-doro#primaryimage\",\"url\":\"https:\/\/www.mancinileather.com\/wp-content\/uploads\/2025\/10\/500-54801_Brown_1.jpg\",\"contentUrl\":\"https:\/\/www.mancinileather.com\/wp-content\/uploads\/2025\/10\/500-54801_Brown_1.jpg\",\"width\":2000,\"height\":2000},{\"@type\":\"BreadcrumbList\",\"@id\":\"https:\/\/www.mancinileather.com\/fr\/produit\/sac-messager-pour-portable-15-po-tablette-pelle-doro#breadcrumb\",\"itemListElement\":[{\"@type\":\"ListItem\",\"position\":1,\"name\":\"Home\",\"item\":\"https:\/\/www.mancinileather.com\/fr\"},{\"@type\":\"ListItem\",\"position\":2,\"name\":\"Boutique\",\"item\":\"https:\/\/www.mancinileather.com\/fr\/boutique\"},{\"@type\":\"ListItem\",\"position\":3,\"name\":\"Sac messager pour portable 15 po. \/ tablette Pelle D\u2019oro\"}]},{\"@type\":\"WebSite\",\"@id\":\"https:\/\/www.mancinileather.com\/fr#website\",\"url\":\"https:\/\/www.mancinileather.com\/fr\",\"name\":\"Mancini\",\"description\":\"Online Leather Store and Products\",\"potentialAction\":[{\"@type\":\"SearchAction\",\"target\":{\"@type\":\"EntryPoint\",\"urlTemplate\":\"https:\/\/www.mancinileather.com\/fr?s={search_term_string}\"},\"query-input\":{\"@type\":\"PropertyValueSpecification\",\"valueRequired\":true,\"valueName\":\"search_term_string\"}}],\"inLanguage\":\"fr-FR\"}]}<\/script>\n<!-- \/ Yoast SEO plugin. -->","yoast_head_json":{"title":"Sac messager pour portable 15 po. \/ tablette Pelle D\u2019oro - Mancini","robots":{"index":"index","follow":"follow","max-snippet":"max-snippet:-1","max-image-preview":"max-image-preview:large","max-video-preview":"max-video-preview:-1"},"canonical":"https:\/\/www.mancinileather.com\/fr\/produit\/sac-messager-pour-portable-15-po-tablette-pelle-doro","og_locale":"fr_FR","og_type":"article","og_title":"Sac messager pour portable 15 po. \/ tablette Pelle D\u2019oro - Mancini","og_url":"https:\/\/www.mancinileather.com\/fr\/produit\/sac-messager-pour-portable-15-po-tablette-pelle-doro","og_site_name":"Mancini","article_modified_time":"2025-10-02T17:57:02+00:00","og_image":[{"width":2000,"height":2000,"url":"https:\/\/www.mancinileather.com\/wp-content\/uploads\/2025\/10\/500-54801_Brown_1.jpg","type":"image\/jpeg"}],"twitter_card":"summary_large_image","twitter_misc":{"Est. reading time":"1 minute"},"schema":{"@context":"https:\/\/schema.org","@graph":[{"@type":"WebPage","@id":"https:\/\/www.mancinileather.com\/fr\/produit\/sac-messager-pour-portable-15-po-tablette-pelle-doro","url":"https:\/\/www.mancinileather.com\/fr\/produit\/sac-messager-pour-portable-15-po-tablette-pelle-doro","name":"Sac messager pour portable 15 po. \/ tablette Pelle D\u2019oro - Mancini","isPartOf":{"@id":"https:\/\/www.mancinileather.com\/fr#website"},"primaryImageOfPage":{"@id":"https:\/\/www.mancinileather.com\/fr\/produit\/sac-messager-pour-portable-15-po-tablette-pelle-doro#primaryimage"},"image":{"@id":"https:\/\/www.mancinileather.com\/fr\/produit\/sac-messager-pour-portable-15-po-tablette-pelle-doro#primaryimage"},"thumbnailUrl":"https:\/\/www.mancinileather.com\/wp-content\/uploads\/2025\/10\/500-54801_Brown_1.jpg","datePublished":"2025-10-02T17:53:27+00:00","dateModified":"2025-10-02T17:57:02+00:00","breadcrumb":{"@id":"https:\/\/www.mancinileather.com\/fr\/produit\/sac-messager-pour-portable-15-po-tablette-pelle-doro#breadcrumb"},"inLanguage":"fr-FR","potentialAction":[{"@type":"ReadAction","target":["https:\/\/www.mancinileather.com\/fr\/produit\/sac-messager-pour-portable-15-po-tablette-pelle-doro"]}]},{"@type":"ImageObject","inLanguage":"fr-FR","@id":"https:\/\/www.mancinileather.com\/fr\/produit\/sac-messager-pour-portable-15-po-tablette-pelle-doro#primaryimage","url":"https:\/\/www.mancinileather.com\/wp-content\/uploads\/2025\/10\/500-54801_Brown_1.jpg","contentUrl":"https:\/\/www.mancinileather.com\/wp-content\/uploads\/2025\/10\/500-54801_Brown_1.jpg","width":2000,"height":2000},{"@type":"BreadcrumbList","@id":"https:\/\/www.mancinileather.com\/fr\/produit\/sac-messager-pour-portable-15-po-tablette-pelle-doro#breadcrumb","itemListElement":[{"@type":"ListItem","position":1,"name":"Home","item":"https:\/\/www.mancinileather.com\/fr"},{"@type":"ListItem","position":2,"name":"Boutique","item":"https:\/\/www.mancinileather.com\/fr\/boutique"},{"@type":"ListItem","position":3,"name":"Sac messager pour portable 15 po. \/ tablette Pelle D\u2019oro"}]},{"@type":"WebSite","@id":"https:\/\/www.mancinileather.com\/fr#website","url":"https:\/\/www.mancinileather.com\/fr","name":"Mancini","description":"Online Leather Store and Products","potentialAction":[{"@type":"SearchAction","target":{"@type":"EntryPoint","urlTemplate":"https:\/\/www.mancinileather.com\/fr?s={search_term_string}"},"query-input":{"@type":"PropertyValueSpecification","valueRequired":true,"valueName":"search_term_string"}}],"inLanguage":"fr-FR"}]}},"brands":[],"_links":{"self":[{"href":"https:\/\/www.mancinileather.com\/fr\/wp-json\/wp\/v2\/product\/71343","targetHints":{"allow":["GET"]}}],"collection":[{"href":"https:\/\/www.mancinileather.com\/fr\/wp-json\/wp\/v2\/product"}],"about":[{"href":"https:\/\/www.mancinileather.com\/fr\/wp-json\/wp\/v2\/types\/product"}],"replies":[{"embeddable":true,"href":"https:\/\/www.mancinileather.com\/fr\/wp-json\/wp\/v2\/comments?post=71343"}],"wp:featuredmedia":[{"embeddable":true,"href":"https:\/\/www.mancinileather.com\/fr\/wp-json\/wp\/v2\/media\/71316"}],"wp:attachment":[{"href":"https:\/\/www.mancinileather.com\/fr\/wp-json\/wp\/v2\/media?parent=71343"}],"wp:term":[{"taxonomy":"pwb-brand","embeddable":true,"href":"https:\/\/www.mancinileather.com\/fr\/wp-json\/wp\/v2\/pwb-brand?post=71343"},{"taxonomy":"product_brand","embeddable":true,"href":"https:\/\/www.mancinileather.com\/fr\/wp-json\/wp\/v2\/product_brand?post=71343"},{"taxonomy":"product_cat","embeddable":true,"href":"https:\/\/www.mancinileather.com\/fr\/wp-json\/wp\/v2\/product_cat?post=71343"},{"taxonomy":"product_tag","embeddable":true,"href":"https:\/\/www.mancinileather.com\/fr\/wp-json\/wp\/v2\/product_tag?post=71343"}],"curies":[{"name":"wp","href":"https:\/\/api.w.org\/{rel}","templated":true}]}}