{"id":71900,"date":"2025-10-06T14:01:35","date_gmt":"2025-10-06T18:01:35","guid":{"rendered":"https:\/\/www.mancinileather.com\/product\/buffalo-unisex-bag-with-zippered-organizer-pocket-2"},"modified":"2025-10-06T14:12:26","modified_gmt":"2025-10-06T18:12:26","slug":"sac-unisex-buffalo-avec-organisateur-zippee-2","status":"publish","type":"product","link":"https:\/\/www.mancinileather.com\/fr\/produit\/sac-unisex-buffalo-avec-organisateur-zippee-2","title":{"rendered":"Sac unisex Buffalo avec organisateur zipp\u00e9e"},"content":{"rendered":"<div class=\"fusion-fullwidth fullwidth-box fusion-builder-row-1 fusion-flex-container has-pattern-background has-mask-background nonhundred-percent-fullwidth non-hundred-percent-height-scrolling\" style=\"--awb-border-radius-top-left:0px;--awb-border-radius-top-right:0px;--awb-border-radius-bottom-right:0px;--awb-border-radius-bottom-left:0px;--awb-flex-wrap:wrap;\" ><div class=\"fusion-builder-row fusion-row fusion-flex-align-items-flex-start fusion-flex-content-wrap\" style=\"max-width:1430px;margin-left: calc(-4% \/ 2 );margin-right: calc(-4% \/ 2 );\"><div class=\"fusion-layout-column fusion_builder_column fusion-builder-column-0 fusion_builder_column_1_1 1_1 fusion-flex-column\" style=\"--awb-bg-size:cover;--awb-width-large:100%;--awb-margin-top-large:0px;--awb-spacing-right-large:1.92%;--awb-margin-bottom-large:20px;--awb-spacing-left-large:1.92%;--awb-width-medium:100%;--awb-order-medium:0;--awb-spacing-right-medium:1.92%;--awb-spacing-left-medium:1.92%;--awb-width-small:100%;--awb-order-small:0;--awb-spacing-right-small:1.92%;--awb-spacing-left-small:1.92%;\"><div class=\"fusion-column-wrapper fusion-column-has-shadow fusion-flex-justify-content-flex-start fusion-content-layout-column\"><div class=\"fusion-text fusion-text-1\"><p style=\"margin: 0cm 0cm 15.0pt 0cm;\"><span style=\"font-family: 'Arial',sans-serif; color: black;\">Notre collection\u00a0<b>Buffalo<\/b>\u00a0repr\u00e9sente la fusion de style contemporain avec le look urbain brut. Dot\u00e9 de compartiments rembourr\u00e9s pour prot\u00e9ger votre tablette et portable, cette collection comblera tous vos besoins avec style. Articles fabriqu\u00e9s \u00e0 la main en cuir de buffle pleine fleure cire grasse.<\/span><\/p>\n<p style=\"margin: 0cm 0cm 15.0pt 0cm;\"><span style=\"font-family: 'Arial',sans-serif; color: black;\">Ce sac unisexe comprend un compartiment principal zipp\u00e9, un organiseur arri\u00e8re avec plusieurs emplacements pour cartes de cr\u00e9dit et des poches pratiques \u00e0 l&#8217;avant et \u00e0 l&#8217;arri\u00e8re. Il est \u00e9galement dot\u00e9 d&#8217;une dragonne et d&#8217;une bandouli\u00e8re amovibles.<\/span><\/p>\n<\/div><\/div><\/div><\/div><\/div>\n","protected":false},"excerpt":{"rendered":"","protected":false},"featured_media":71885,"comment_status":"open","ping_status":"closed","template":"","meta":[],"pwb-brand":[],"product_brand":[],"product_cat":[1477,1630,1638,1794],"product_tag":[],"class_list":{"0":"post-71900","1":"product","2":"type-product","3":"status-publish","4":"has-post-thumbnail","6":"product_cat-sacs-unisex","7":"product_cat-femme","8":"product_cat-hommes","9":"product_cat-nouveautes","10":"pa_collection-buffalo-fr","11":"pa_color-brun","12":"pa_color-noir-fr","13":"pa_material-cuir-de-buffle-pleine-fleur-cire-grasse","15":"first","16":"instock","17":"taxable","18":"shipping-taxable","19":"purchasable","20":"product-type-variable","21":"has-default-attributes"},"yoast_head":"<!-- This site is optimized with the Yoast SEO plugin v25.5 - https:\/\/yoast.com\/wordpress\/plugins\/seo\/ -->\n<title>Sac unisex Buffalo avec organisateur zipp\u00e9e - Mancini<\/title>\n<meta name=\"robots\" content=\"index, follow, max-snippet:-1, max-image-preview:large, max-video-preview:-1\" \/>\n<link rel=\"canonical\" href=\"https:\/\/www.mancinileather.com\/fr\/produit\/sac-unisex-buffalo-avec-organisateur-zippee-2\" \/>\n<meta property=\"og:locale\" content=\"fr_FR\" \/>\n<meta property=\"og:type\" content=\"article\" \/>\n<meta property=\"og:title\" content=\"Sac unisex Buffalo avec organisateur zipp\u00e9e - Mancini\" \/>\n<meta property=\"og:url\" content=\"https:\/\/www.mancinileather.com\/fr\/produit\/sac-unisex-buffalo-avec-organisateur-zippee-2\" \/>\n<meta property=\"og:site_name\" content=\"Mancini\" \/>\n<meta property=\"article:modified_time\" content=\"2025-10-06T18:12:26+00:00\" \/>\n<meta property=\"og:image\" content=\"https:\/\/www.mancinileather.com\/wp-content\/uploads\/2025\/10\/99-5419_Brown_1.jpg\" \/>\n\t<meta property=\"og:image:width\" content=\"2000\" \/>\n\t<meta property=\"og:image:height\" content=\"2000\" \/>\n\t<meta property=\"og:image:type\" content=\"image\/jpeg\" \/>\n<meta name=\"twitter:card\" content=\"summary_large_image\" \/>\n<meta name=\"twitter:label1\" content=\"Est. reading time\" \/>\n\t<meta name=\"twitter:data1\" content=\"1 minute\" \/>\n<script type=\"application\/ld+json\" class=\"yoast-schema-graph\">{\"@context\":\"https:\/\/schema.org\",\"@graph\":[{\"@type\":\"WebPage\",\"@id\":\"https:\/\/www.mancinileather.com\/fr\/produit\/sac-unisex-buffalo-avec-organisateur-zippee-2\",\"url\":\"https:\/\/www.mancinileather.com\/fr\/produit\/sac-unisex-buffalo-avec-organisateur-zippee-2\",\"name\":\"Sac unisex Buffalo avec organisateur zipp\u00e9e - Mancini\",\"isPartOf\":{\"@id\":\"https:\/\/www.mancinileather.com\/fr#website\"},\"primaryImageOfPage\":{\"@id\":\"https:\/\/www.mancinileather.com\/fr\/produit\/sac-unisex-buffalo-avec-organisateur-zippee-2#primaryimage\"},\"image\":{\"@id\":\"https:\/\/www.mancinileather.com\/fr\/produit\/sac-unisex-buffalo-avec-organisateur-zippee-2#primaryimage\"},\"thumbnailUrl\":\"https:\/\/www.mancinileather.com\/wp-content\/uploads\/2025\/10\/99-5419_Brown_1.jpg\",\"datePublished\":\"2025-10-06T18:01:35+00:00\",\"dateModified\":\"2025-10-06T18:12:26+00:00\",\"breadcrumb\":{\"@id\":\"https:\/\/www.mancinileather.com\/fr\/produit\/sac-unisex-buffalo-avec-organisateur-zippee-2#breadcrumb\"},\"inLanguage\":\"fr-FR\",\"potentialAction\":[{\"@type\":\"ReadAction\",\"target\":[\"https:\/\/www.mancinileather.com\/fr\/produit\/sac-unisex-buffalo-avec-organisateur-zippee-2\"]}]},{\"@type\":\"ImageObject\",\"inLanguage\":\"fr-FR\",\"@id\":\"https:\/\/www.mancinileather.com\/fr\/produit\/sac-unisex-buffalo-avec-organisateur-zippee-2#primaryimage\",\"url\":\"https:\/\/www.mancinileather.com\/wp-content\/uploads\/2025\/10\/99-5419_Brown_1.jpg\",\"contentUrl\":\"https:\/\/www.mancinileather.com\/wp-content\/uploads\/2025\/10\/99-5419_Brown_1.jpg\",\"width\":2000,\"height\":2000},{\"@type\":\"BreadcrumbList\",\"@id\":\"https:\/\/www.mancinileather.com\/fr\/produit\/sac-unisex-buffalo-avec-organisateur-zippee-2#breadcrumb\",\"itemListElement\":[{\"@type\":\"ListItem\",\"position\":1,\"name\":\"Home\",\"item\":\"https:\/\/www.mancinileather.com\/fr\"},{\"@type\":\"ListItem\",\"position\":2,\"name\":\"Boutique\",\"item\":\"https:\/\/www.mancinileather.com\/fr\/boutique\"},{\"@type\":\"ListItem\",\"position\":3,\"name\":\"Sac unisex Buffalo avec organisateur zipp\u00e9e\"}]},{\"@type\":\"WebSite\",\"@id\":\"https:\/\/www.mancinileather.com\/fr#website\",\"url\":\"https:\/\/www.mancinileather.com\/fr\",\"name\":\"Mancini\",\"description\":\"Online Leather Store and Products\",\"potentialAction\":[{\"@type\":\"SearchAction\",\"target\":{\"@type\":\"EntryPoint\",\"urlTemplate\":\"https:\/\/www.mancinileather.com\/fr?s={search_term_string}\"},\"query-input\":{\"@type\":\"PropertyValueSpecification\",\"valueRequired\":true,\"valueName\":\"search_term_string\"}}],\"inLanguage\":\"fr-FR\"}]}<\/script>\n<!-- \/ Yoast SEO plugin. -->","yoast_head_json":{"title":"Sac unisex Buffalo avec organisateur zipp\u00e9e - Mancini","robots":{"index":"index","follow":"follow","max-snippet":"max-snippet:-1","max-image-preview":"max-image-preview:large","max-video-preview":"max-video-preview:-1"},"canonical":"https:\/\/www.mancinileather.com\/fr\/produit\/sac-unisex-buffalo-avec-organisateur-zippee-2","og_locale":"fr_FR","og_type":"article","og_title":"Sac unisex Buffalo avec organisateur zipp\u00e9e - Mancini","og_url":"https:\/\/www.mancinileather.com\/fr\/produit\/sac-unisex-buffalo-avec-organisateur-zippee-2","og_site_name":"Mancini","article_modified_time":"2025-10-06T18:12:26+00:00","og_image":[{"width":2000,"height":2000,"url":"https:\/\/www.mancinileather.com\/wp-content\/uploads\/2025\/10\/99-5419_Brown_1.jpg","type":"image\/jpeg"}],"twitter_card":"summary_large_image","twitter_misc":{"Est. reading time":"1 minute"},"schema":{"@context":"https:\/\/schema.org","@graph":[{"@type":"WebPage","@id":"https:\/\/www.mancinileather.com\/fr\/produit\/sac-unisex-buffalo-avec-organisateur-zippee-2","url":"https:\/\/www.mancinileather.com\/fr\/produit\/sac-unisex-buffalo-avec-organisateur-zippee-2","name":"Sac unisex Buffalo avec organisateur zipp\u00e9e - Mancini","isPartOf":{"@id":"https:\/\/www.mancinileather.com\/fr#website"},"primaryImageOfPage":{"@id":"https:\/\/www.mancinileather.com\/fr\/produit\/sac-unisex-buffalo-avec-organisateur-zippee-2#primaryimage"},"image":{"@id":"https:\/\/www.mancinileather.com\/fr\/produit\/sac-unisex-buffalo-avec-organisateur-zippee-2#primaryimage"},"thumbnailUrl":"https:\/\/www.mancinileather.com\/wp-content\/uploads\/2025\/10\/99-5419_Brown_1.jpg","datePublished":"2025-10-06T18:01:35+00:00","dateModified":"2025-10-06T18:12:26+00:00","breadcrumb":{"@id":"https:\/\/www.mancinileather.com\/fr\/produit\/sac-unisex-buffalo-avec-organisateur-zippee-2#breadcrumb"},"inLanguage":"fr-FR","potentialAction":[{"@type":"ReadAction","target":["https:\/\/www.mancinileather.com\/fr\/produit\/sac-unisex-buffalo-avec-organisateur-zippee-2"]}]},{"@type":"ImageObject","inLanguage":"fr-FR","@id":"https:\/\/www.mancinileather.com\/fr\/produit\/sac-unisex-buffalo-avec-organisateur-zippee-2#primaryimage","url":"https:\/\/www.mancinileather.com\/wp-content\/uploads\/2025\/10\/99-5419_Brown_1.jpg","contentUrl":"https:\/\/www.mancinileather.com\/wp-content\/uploads\/2025\/10\/99-5419_Brown_1.jpg","width":2000,"height":2000},{"@type":"BreadcrumbList","@id":"https:\/\/www.mancinileather.com\/fr\/produit\/sac-unisex-buffalo-avec-organisateur-zippee-2#breadcrumb","itemListElement":[{"@type":"ListItem","position":1,"name":"Home","item":"https:\/\/www.mancinileather.com\/fr"},{"@type":"ListItem","position":2,"name":"Boutique","item":"https:\/\/www.mancinileather.com\/fr\/boutique"},{"@type":"ListItem","position":3,"name":"Sac unisex Buffalo avec organisateur zipp\u00e9e"}]},{"@type":"WebSite","@id":"https:\/\/www.mancinileather.com\/fr#website","url":"https:\/\/www.mancinileather.com\/fr","name":"Mancini","description":"Online Leather Store and Products","potentialAction":[{"@type":"SearchAction","target":{"@type":"EntryPoint","urlTemplate":"https:\/\/www.mancinileather.com\/fr?s={search_term_string}"},"query-input":{"@type":"PropertyValueSpecification","valueRequired":true,"valueName":"search_term_string"}}],"inLanguage":"fr-FR"}]}},"brands":[],"_links":{"self":[{"href":"https:\/\/www.mancinileather.com\/fr\/wp-json\/wp\/v2\/product\/71900","targetHints":{"allow":["GET"]}}],"collection":[{"href":"https:\/\/www.mancinileather.com\/fr\/wp-json\/wp\/v2\/product"}],"about":[{"href":"https:\/\/www.mancinileather.com\/fr\/wp-json\/wp\/v2\/types\/product"}],"replies":[{"embeddable":true,"href":"https:\/\/www.mancinileather.com\/fr\/wp-json\/wp\/v2\/comments?post=71900"}],"wp:featuredmedia":[{"embeddable":true,"href":"https:\/\/www.mancinileather.com\/fr\/wp-json\/wp\/v2\/media\/71885"}],"wp:attachment":[{"href":"https:\/\/www.mancinileather.com\/fr\/wp-json\/wp\/v2\/media?parent=71900"}],"wp:term":[{"taxonomy":"pwb-brand","embeddable":true,"href":"https:\/\/www.mancinileather.com\/fr\/wp-json\/wp\/v2\/pwb-brand?post=71900"},{"taxonomy":"product_brand","embeddable":true,"href":"https:\/\/www.mancinileather.com\/fr\/wp-json\/wp\/v2\/product_brand?post=71900"},{"taxonomy":"product_cat","embeddable":true,"href":"https:\/\/www.mancinileather.com\/fr\/wp-json\/wp\/v2\/product_cat?post=71900"},{"taxonomy":"product_tag","embeddable":true,"href":"https:\/\/www.mancinileather.com\/fr\/wp-json\/wp\/v2\/product_tag?post=71900"}],"curies":[{"name":"wp","href":"https:\/\/api.w.org\/{rel}","templated":true}]}}