{"id":72097,"date":"2025-10-07T12:58:01","date_gmt":"2025-10-07T16:58:01","guid":{"rendered":"https:\/\/www.mancinileather.com\/product\/classic-black-leather-duffel-bag-with-shoulder-strap"},"modified":"2026-04-01T10:46:58","modified_gmt":"2026-04-01T14:46:58","slug":"sac-de-voyage-classique-en-cuir-noir-avec-bandouliere","status":"publish","type":"product","link":"https:\/\/www.mancinileather.com\/fr\/produit\/sac-de-voyage-classique-en-cuir-noir-avec-bandouliere","title":{"rendered":"Sac de voyage classique"},"content":{"rendered":"<div class=\"fusion-fullwidth fullwidth-box fusion-builder-row-1 fusion-flex-container has-pattern-background has-mask-background nonhundred-percent-fullwidth non-hundred-percent-height-scrolling\" style=\"--awb-border-radius-top-left:0px;--awb-border-radius-top-right:0px;--awb-border-radius-bottom-right:0px;--awb-border-radius-bottom-left:0px;--awb-flex-wrap:wrap;\" ><div class=\"fusion-builder-row fusion-row fusion-flex-align-items-flex-start fusion-flex-content-wrap\" style=\"max-width:1430px;margin-left: calc(-4% \/ 2 );margin-right: calc(-4% \/ 2 );\"><div class=\"fusion-layout-column fusion_builder_column fusion-builder-column-0 fusion_builder_column_1_1 1_1 fusion-flex-column\" style=\"--awb-bg-size:cover;--awb-width-large:100%;--awb-margin-top-large:0px;--awb-spacing-right-large:1.92%;--awb-margin-bottom-large:20px;--awb-spacing-left-large:1.92%;--awb-width-medium:100%;--awb-order-medium:0;--awb-spacing-right-medium:1.92%;--awb-spacing-left-medium:1.92%;--awb-width-small:100%;--awb-order-small:0;--awb-spacing-right-small:1.92%;--awb-spacing-left-small:1.92%;\"><div class=\"fusion-column-wrapper fusion-column-has-shadow fusion-flex-justify-content-flex-start fusion-content-layout-column\"><div class=\"fusion-text fusion-text-1\"><p>Notre collection\u00a0<strong>Buffalo<\/strong>\u00a0repr\u00e9sente la fusion de style contemporain avec le look urbain brut. Articles fabriqu\u00e9s \u00e0 la main en cuir de buffle pleine fleure cire grasse.<\/p>\n<p>Ce sac de voyage luxueux et polyvalent de format cabine comprend un grand compartiment principal ainsi que plusieurs poches zipp\u00e9es et fendues. L\u2019arri\u00e8re est muni d\u2019une sangle pour l\u2019attacher facilement \u00e0 un autre bagage.<\/p>\n<\/div><\/div><\/div><\/div><\/div>\n","protected":false},"excerpt":{"rendered":"","protected":false},"featured_media":72086,"comment_status":"open","ping_status":"closed","template":"","meta":[],"pwb-brand":[],"product_brand":[],"product_cat":[1479,1630,1638,1794,1588],"product_tag":[],"class_list":{"0":"post-72097","1":"product","2":"type-product","3":"status-publish","4":"has-post-thumbnail","6":"product_cat-sacs-de-voyage","7":"product_cat-femme","8":"product_cat-hommes","9":"product_cat-nouveautes","10":"product_cat-sacs-cuir-mancini","11":"pa_collection-buffalo-fr","12":"pa_color-brun","13":"pa_color-noir-fr","14":"pa_material-cuir-de-buffle-pleine-fleur-cire-grasse","16":"first","17":"instock","18":"taxable","19":"shipping-taxable","20":"purchasable","21":"product-type-variable","22":"has-default-attributes"},"yoast_head":"<!-- This site is optimized with the Yoast SEO plugin v25.5 - https:\/\/yoast.com\/wordpress\/plugins\/seo\/ -->\n<title>Sac de voyage classique - Mancini<\/title>\n<meta name=\"robots\" content=\"index, follow, max-snippet:-1, max-image-preview:large, max-video-preview:-1\" \/>\n<link rel=\"canonical\" href=\"https:\/\/www.mancinileather.com\/fr\/produit\/sac-de-voyage-classique-en-cuir-noir-avec-bandouliere\" \/>\n<meta property=\"og:locale\" content=\"fr_FR\" \/>\n<meta property=\"og:type\" content=\"article\" \/>\n<meta property=\"og:title\" content=\"Sac de voyage classique - Mancini\" \/>\n<meta property=\"og:url\" content=\"https:\/\/www.mancinileather.com\/fr\/produit\/sac-de-voyage-classique-en-cuir-noir-avec-bandouliere\" \/>\n<meta property=\"og:site_name\" content=\"Mancini\" \/>\n<meta property=\"article:modified_time\" content=\"2026-04-01T14:46:58+00:00\" \/>\n<meta property=\"og:image\" content=\"https:\/\/www.mancinileather.com\/wp-content\/uploads\/2025\/10\/99-54816_Black_1.jpg\" \/>\n\t<meta property=\"og:image:width\" content=\"2000\" \/>\n\t<meta property=\"og:image:height\" content=\"2000\" \/>\n\t<meta property=\"og:image:type\" content=\"image\/jpeg\" \/>\n<meta name=\"twitter:card\" content=\"summary_large_image\" \/>\n<meta name=\"twitter:label1\" content=\"Est. reading time\" \/>\n\t<meta name=\"twitter:data1\" content=\"1 minute\" \/>\n<script type=\"application\/ld+json\" class=\"yoast-schema-graph\">{\"@context\":\"https:\/\/schema.org\",\"@graph\":[{\"@type\":\"WebPage\",\"@id\":\"https:\/\/www.mancinileather.com\/fr\/produit\/sac-de-voyage-classique-en-cuir-noir-avec-bandouliere\",\"url\":\"https:\/\/www.mancinileather.com\/fr\/produit\/sac-de-voyage-classique-en-cuir-noir-avec-bandouliere\",\"name\":\"Sac de voyage classique - Mancini\",\"isPartOf\":{\"@id\":\"https:\/\/www.mancinileather.com\/fr#website\"},\"primaryImageOfPage\":{\"@id\":\"https:\/\/www.mancinileather.com\/fr\/produit\/sac-de-voyage-classique-en-cuir-noir-avec-bandouliere#primaryimage\"},\"image\":{\"@id\":\"https:\/\/www.mancinileather.com\/fr\/produit\/sac-de-voyage-classique-en-cuir-noir-avec-bandouliere#primaryimage\"},\"thumbnailUrl\":\"https:\/\/www.mancinileather.com\/wp-content\/uploads\/2025\/10\/99-54816_Black_1.jpg\",\"datePublished\":\"2025-10-07T16:58:01+00:00\",\"dateModified\":\"2026-04-01T14:46:58+00:00\",\"breadcrumb\":{\"@id\":\"https:\/\/www.mancinileather.com\/fr\/produit\/sac-de-voyage-classique-en-cuir-noir-avec-bandouliere#breadcrumb\"},\"inLanguage\":\"fr-FR\",\"potentialAction\":[{\"@type\":\"ReadAction\",\"target\":[\"https:\/\/www.mancinileather.com\/fr\/produit\/sac-de-voyage-classique-en-cuir-noir-avec-bandouliere\"]}]},{\"@type\":\"ImageObject\",\"inLanguage\":\"fr-FR\",\"@id\":\"https:\/\/www.mancinileather.com\/fr\/produit\/sac-de-voyage-classique-en-cuir-noir-avec-bandouliere#primaryimage\",\"url\":\"https:\/\/www.mancinileather.com\/wp-content\/uploads\/2025\/10\/99-54816_Black_1.jpg\",\"contentUrl\":\"https:\/\/www.mancinileather.com\/wp-content\/uploads\/2025\/10\/99-54816_Black_1.jpg\",\"width\":2000,\"height\":2000},{\"@type\":\"BreadcrumbList\",\"@id\":\"https:\/\/www.mancinileather.com\/fr\/produit\/sac-de-voyage-classique-en-cuir-noir-avec-bandouliere#breadcrumb\",\"itemListElement\":[{\"@type\":\"ListItem\",\"position\":1,\"name\":\"Home\",\"item\":\"https:\/\/www.mancinileather.com\/fr\"},{\"@type\":\"ListItem\",\"position\":2,\"name\":\"Boutique\",\"item\":\"https:\/\/www.mancinileather.com\/fr\/boutique\"},{\"@type\":\"ListItem\",\"position\":3,\"name\":\"Sac de voyage classique\"}]},{\"@type\":\"WebSite\",\"@id\":\"https:\/\/www.mancinileather.com\/fr#website\",\"url\":\"https:\/\/www.mancinileather.com\/fr\",\"name\":\"Mancini\",\"description\":\"Online Leather Store and Products\",\"potentialAction\":[{\"@type\":\"SearchAction\",\"target\":{\"@type\":\"EntryPoint\",\"urlTemplate\":\"https:\/\/www.mancinileather.com\/fr?s={search_term_string}\"},\"query-input\":{\"@type\":\"PropertyValueSpecification\",\"valueRequired\":true,\"valueName\":\"search_term_string\"}}],\"inLanguage\":\"fr-FR\"}]}<\/script>\n<!-- \/ Yoast SEO plugin. -->","yoast_head_json":{"title":"Sac de voyage classique - Mancini","robots":{"index":"index","follow":"follow","max-snippet":"max-snippet:-1","max-image-preview":"max-image-preview:large","max-video-preview":"max-video-preview:-1"},"canonical":"https:\/\/www.mancinileather.com\/fr\/produit\/sac-de-voyage-classique-en-cuir-noir-avec-bandouliere","og_locale":"fr_FR","og_type":"article","og_title":"Sac de voyage classique - Mancini","og_url":"https:\/\/www.mancinileather.com\/fr\/produit\/sac-de-voyage-classique-en-cuir-noir-avec-bandouliere","og_site_name":"Mancini","article_modified_time":"2026-04-01T14:46:58+00:00","og_image":[{"width":2000,"height":2000,"url":"https:\/\/www.mancinileather.com\/wp-content\/uploads\/2025\/10\/99-54816_Black_1.jpg","type":"image\/jpeg"}],"twitter_card":"summary_large_image","twitter_misc":{"Est. reading time":"1 minute"},"schema":{"@context":"https:\/\/schema.org","@graph":[{"@type":"WebPage","@id":"https:\/\/www.mancinileather.com\/fr\/produit\/sac-de-voyage-classique-en-cuir-noir-avec-bandouliere","url":"https:\/\/www.mancinileather.com\/fr\/produit\/sac-de-voyage-classique-en-cuir-noir-avec-bandouliere","name":"Sac de voyage classique - Mancini","isPartOf":{"@id":"https:\/\/www.mancinileather.com\/fr#website"},"primaryImageOfPage":{"@id":"https:\/\/www.mancinileather.com\/fr\/produit\/sac-de-voyage-classique-en-cuir-noir-avec-bandouliere#primaryimage"},"image":{"@id":"https:\/\/www.mancinileather.com\/fr\/produit\/sac-de-voyage-classique-en-cuir-noir-avec-bandouliere#primaryimage"},"thumbnailUrl":"https:\/\/www.mancinileather.com\/wp-content\/uploads\/2025\/10\/99-54816_Black_1.jpg","datePublished":"2025-10-07T16:58:01+00:00","dateModified":"2026-04-01T14:46:58+00:00","breadcrumb":{"@id":"https:\/\/www.mancinileather.com\/fr\/produit\/sac-de-voyage-classique-en-cuir-noir-avec-bandouliere#breadcrumb"},"inLanguage":"fr-FR","potentialAction":[{"@type":"ReadAction","target":["https:\/\/www.mancinileather.com\/fr\/produit\/sac-de-voyage-classique-en-cuir-noir-avec-bandouliere"]}]},{"@type":"ImageObject","inLanguage":"fr-FR","@id":"https:\/\/www.mancinileather.com\/fr\/produit\/sac-de-voyage-classique-en-cuir-noir-avec-bandouliere#primaryimage","url":"https:\/\/www.mancinileather.com\/wp-content\/uploads\/2025\/10\/99-54816_Black_1.jpg","contentUrl":"https:\/\/www.mancinileather.com\/wp-content\/uploads\/2025\/10\/99-54816_Black_1.jpg","width":2000,"height":2000},{"@type":"BreadcrumbList","@id":"https:\/\/www.mancinileather.com\/fr\/produit\/sac-de-voyage-classique-en-cuir-noir-avec-bandouliere#breadcrumb","itemListElement":[{"@type":"ListItem","position":1,"name":"Home","item":"https:\/\/www.mancinileather.com\/fr"},{"@type":"ListItem","position":2,"name":"Boutique","item":"https:\/\/www.mancinileather.com\/fr\/boutique"},{"@type":"ListItem","position":3,"name":"Sac de voyage classique"}]},{"@type":"WebSite","@id":"https:\/\/www.mancinileather.com\/fr#website","url":"https:\/\/www.mancinileather.com\/fr","name":"Mancini","description":"Online Leather Store and Products","potentialAction":[{"@type":"SearchAction","target":{"@type":"EntryPoint","urlTemplate":"https:\/\/www.mancinileather.com\/fr?s={search_term_string}"},"query-input":{"@type":"PropertyValueSpecification","valueRequired":true,"valueName":"search_term_string"}}],"inLanguage":"fr-FR"}]}},"brands":[],"_links":{"self":[{"href":"https:\/\/www.mancinileather.com\/fr\/wp-json\/wp\/v2\/product\/72097","targetHints":{"allow":["GET"]}}],"collection":[{"href":"https:\/\/www.mancinileather.com\/fr\/wp-json\/wp\/v2\/product"}],"about":[{"href":"https:\/\/www.mancinileather.com\/fr\/wp-json\/wp\/v2\/types\/product"}],"replies":[{"embeddable":true,"href":"https:\/\/www.mancinileather.com\/fr\/wp-json\/wp\/v2\/comments?post=72097"}],"wp:featuredmedia":[{"embeddable":true,"href":"https:\/\/www.mancinileather.com\/fr\/wp-json\/wp\/v2\/media\/72086"}],"wp:attachment":[{"href":"https:\/\/www.mancinileather.com\/fr\/wp-json\/wp\/v2\/media?parent=72097"}],"wp:term":[{"taxonomy":"pwb-brand","embeddable":true,"href":"https:\/\/www.mancinileather.com\/fr\/wp-json\/wp\/v2\/pwb-brand?post=72097"},{"taxonomy":"product_brand","embeddable":true,"href":"https:\/\/www.mancinileather.com\/fr\/wp-json\/wp\/v2\/product_brand?post=72097"},{"taxonomy":"product_cat","embeddable":true,"href":"https:\/\/www.mancinileather.com\/fr\/wp-json\/wp\/v2\/product_cat?post=72097"},{"taxonomy":"product_tag","embeddable":true,"href":"https:\/\/www.mancinileather.com\/fr\/wp-json\/wp\/v2\/product_tag?post=72097"}],"curies":[{"name":"wp","href":"https:\/\/api.w.org\/{rel}","templated":true}]}}