{"id":74129,"date":"2026-04-17T10:32:51","date_gmt":"2026-04-17T14:32:51","guid":{"rendered":"https:\/\/www.mancinileather.com\/product\/south-beach-ladies-rfid-secure-trifold-checkbook-wallet"},"modified":"2026-04-17T10:37:04","modified_gmt":"2026-04-17T14:37:04","slug":"south-beach-portefeuille-rfid-a-trois-volets-chequier-pour-dames","status":"publish","type":"product","link":"https:\/\/www.mancinileather.com\/fr\/produit\/south-beach-portefeuille-rfid-a-trois-volets-chequier-pour-dames","title":{"rendered":"South Beach portefeuille RFID \u00e0 trois volets ch\u00e9quier pour dames"},"content":{"rendered":"<div class=\"fusion-fullwidth fullwidth-box fusion-builder-row-1 fusion-flex-container has-pattern-background has-mask-background nonhundred-percent-fullwidth non-hundred-percent-height-scrolling\" style=\"--awb-border-radius-top-left:0px;--awb-border-radius-top-right:0px;--awb-border-radius-bottom-right:0px;--awb-border-radius-bottom-left:0px;--awb-flex-wrap:wrap;\" ><div class=\"fusion-builder-row fusion-row fusion-flex-align-items-flex-start fusion-flex-content-wrap\" style=\"max-width:1430px;margin-left: calc(-4% \/ 2 );margin-right: calc(-4% \/ 2 );\"><div class=\"fusion-layout-column fusion_builder_column fusion-builder-column-0 fusion_builder_column_1_1 1_1 fusion-flex-column\" style=\"--awb-bg-size:cover;--awb-width-large:100%;--awb-margin-top-large:0px;--awb-spacing-right-large:1.92%;--awb-margin-bottom-large:20px;--awb-spacing-left-large:1.92%;--awb-width-medium:100%;--awb-order-medium:0;--awb-spacing-right-medium:1.92%;--awb-spacing-left-medium:1.92%;--awb-width-small:100%;--awb-order-small:0;--awb-spacing-right-small:1.92%;--awb-spacing-left-small:1.92%;\"><div class=\"fusion-column-wrapper fusion-column-has-shadow fusion-flex-justify-content-flex-start fusion-content-layout-column\"><div class=\"fusion-text fusion-text-1\"><p>Comme les b\u00e2timents aux couleurs vives et le magnifique sable blanc du terrain de jeu art d\u00e9co, notre collection\u00a0<strong>South Beach<\/strong>\u00a0est l\u2019incarnation de la mode.<\/p>\n<p>Ce portefeuille \u00e0 trois volets ch\u00e9quier pourra contenir tous vos documents. Il est dot\u00e9 de nombreuses fentes et pochettes pour ranger toutes vos cartes de cr\u00e9dit, papiers d\u2019identit\u00e9, billets et re\u00e7us. Ce portefeuille en cuir respire l\u2019\u00e9l\u00e9gance classique.<\/p>\n<\/div><\/div><\/div><\/div><\/div>\n","protected":false},"excerpt":{"rendered":"","protected":false},"featured_media":74090,"comment_status":"open","ping_status":"closed","template":"","meta":[],"pwb-brand":[],"product_brand":[],"product_cat":[1459,1826,1630],"product_tag":[],"class_list":{"0":"post-74129","1":"product","2":"type-product","3":"status-publish","4":"has-post-thumbnail","6":"product_cat-portefeuilles-en-cuir-femme","7":"product_cat-portefeuilles-en-cuir-rfid","8":"product_cat-femme","9":"pa_collection-south-beach-fr","10":"pa_color-bleu-fr","11":"pa_color-noir-fr","12":"pa_color-rose","13":"pa_color-rouge-fr","14":"pa_color-tan-fr-2","15":"pa_color-verte","16":"pa_material-cuir-de-vache-pleine-fleur-au-tannage-semi-vegetal","18":"first","19":"instock","20":"taxable","21":"shipping-taxable","22":"purchasable","23":"product-type-variable","24":"has-default-attributes"},"yoast_head":"<!-- This site is optimized with the Yoast SEO plugin v25.5 - https:\/\/yoast.com\/wordpress\/plugins\/seo\/ -->\n<title>South Beach portefeuille RFID \u00e0 trois volets ch\u00e9quier pour dames - Mancini<\/title>\n<meta name=\"robots\" content=\"index, follow, max-snippet:-1, max-image-preview:large, max-video-preview:-1\" \/>\n<link rel=\"canonical\" href=\"https:\/\/www.mancinileather.com\/fr\/produit\/south-beach-portefeuille-rfid-a-trois-volets-chequier-pour-dames\" \/>\n<meta property=\"og:locale\" content=\"fr_FR\" \/>\n<meta property=\"og:type\" content=\"article\" \/>\n<meta property=\"og:title\" content=\"South Beach portefeuille RFID \u00e0 trois volets ch\u00e9quier pour dames - Mancini\" \/>\n<meta property=\"og:url\" content=\"https:\/\/www.mancinileather.com\/fr\/produit\/south-beach-portefeuille-rfid-a-trois-volets-chequier-pour-dames\" \/>\n<meta property=\"og:site_name\" content=\"Mancini\" \/>\n<meta property=\"article:modified_time\" content=\"2026-04-17T14:37:04+00:00\" \/>\n<meta property=\"og:image\" content=\"https:\/\/www.mancinileather.com\/wp-content\/uploads\/2026\/04\/6700596_Green_A.jpg\" \/>\n\t<meta property=\"og:image:width\" content=\"2000\" \/>\n\t<meta property=\"og:image:height\" content=\"2000\" \/>\n\t<meta property=\"og:image:type\" content=\"image\/jpeg\" \/>\n<meta name=\"twitter:card\" content=\"summary_large_image\" \/>\n<meta name=\"twitter:label1\" content=\"Est. reading time\" \/>\n\t<meta name=\"twitter:data1\" content=\"1 minute\" \/>\n<script type=\"application\/ld+json\" class=\"yoast-schema-graph\">{\"@context\":\"https:\/\/schema.org\",\"@graph\":[{\"@type\":\"WebPage\",\"@id\":\"https:\/\/www.mancinileather.com\/fr\/produit\/south-beach-portefeuille-rfid-a-trois-volets-chequier-pour-dames\",\"url\":\"https:\/\/www.mancinileather.com\/fr\/produit\/south-beach-portefeuille-rfid-a-trois-volets-chequier-pour-dames\",\"name\":\"South Beach portefeuille RFID \u00e0 trois volets ch\u00e9quier pour dames - Mancini\",\"isPartOf\":{\"@id\":\"https:\/\/www.mancinileather.com\/fr#website\"},\"primaryImageOfPage\":{\"@id\":\"https:\/\/www.mancinileather.com\/fr\/produit\/south-beach-portefeuille-rfid-a-trois-volets-chequier-pour-dames#primaryimage\"},\"image\":{\"@id\":\"https:\/\/www.mancinileather.com\/fr\/produit\/south-beach-portefeuille-rfid-a-trois-volets-chequier-pour-dames#primaryimage\"},\"thumbnailUrl\":\"https:\/\/www.mancinileather.com\/wp-content\/uploads\/2026\/04\/6700596_Green_A.jpg\",\"datePublished\":\"2026-04-17T14:32:51+00:00\",\"dateModified\":\"2026-04-17T14:37:04+00:00\",\"breadcrumb\":{\"@id\":\"https:\/\/www.mancinileather.com\/fr\/produit\/south-beach-portefeuille-rfid-a-trois-volets-chequier-pour-dames#breadcrumb\"},\"inLanguage\":\"fr-FR\",\"potentialAction\":[{\"@type\":\"ReadAction\",\"target\":[\"https:\/\/www.mancinileather.com\/fr\/produit\/south-beach-portefeuille-rfid-a-trois-volets-chequier-pour-dames\"]}]},{\"@type\":\"ImageObject\",\"inLanguage\":\"fr-FR\",\"@id\":\"https:\/\/www.mancinileather.com\/fr\/produit\/south-beach-portefeuille-rfid-a-trois-volets-chequier-pour-dames#primaryimage\",\"url\":\"https:\/\/www.mancinileather.com\/wp-content\/uploads\/2026\/04\/6700596_Green_A.jpg\",\"contentUrl\":\"https:\/\/www.mancinileather.com\/wp-content\/uploads\/2026\/04\/6700596_Green_A.jpg\",\"width\":2000,\"height\":2000},{\"@type\":\"BreadcrumbList\",\"@id\":\"https:\/\/www.mancinileather.com\/fr\/produit\/south-beach-portefeuille-rfid-a-trois-volets-chequier-pour-dames#breadcrumb\",\"itemListElement\":[{\"@type\":\"ListItem\",\"position\":1,\"name\":\"Home\",\"item\":\"https:\/\/www.mancinileather.com\/fr\"},{\"@type\":\"ListItem\",\"position\":2,\"name\":\"Boutique\",\"item\":\"https:\/\/www.mancinileather.com\/fr\/boutique\"},{\"@type\":\"ListItem\",\"position\":3,\"name\":\"South Beach portefeuille RFID \u00e0 trois volets ch\u00e9quier pour dames\"}]},{\"@type\":\"WebSite\",\"@id\":\"https:\/\/www.mancinileather.com\/fr#website\",\"url\":\"https:\/\/www.mancinileather.com\/fr\",\"name\":\"Mancini\",\"description\":\"Online Leather Store and Products\",\"potentialAction\":[{\"@type\":\"SearchAction\",\"target\":{\"@type\":\"EntryPoint\",\"urlTemplate\":\"https:\/\/www.mancinileather.com\/fr?s={search_term_string}\"},\"query-input\":{\"@type\":\"PropertyValueSpecification\",\"valueRequired\":true,\"valueName\":\"search_term_string\"}}],\"inLanguage\":\"fr-FR\"}]}<\/script>\n<!-- \/ Yoast SEO plugin. -->","yoast_head_json":{"title":"South Beach portefeuille RFID \u00e0 trois volets ch\u00e9quier pour dames - Mancini","robots":{"index":"index","follow":"follow","max-snippet":"max-snippet:-1","max-image-preview":"max-image-preview:large","max-video-preview":"max-video-preview:-1"},"canonical":"https:\/\/www.mancinileather.com\/fr\/produit\/south-beach-portefeuille-rfid-a-trois-volets-chequier-pour-dames","og_locale":"fr_FR","og_type":"article","og_title":"South Beach portefeuille RFID \u00e0 trois volets ch\u00e9quier pour dames - Mancini","og_url":"https:\/\/www.mancinileather.com\/fr\/produit\/south-beach-portefeuille-rfid-a-trois-volets-chequier-pour-dames","og_site_name":"Mancini","article_modified_time":"2026-04-17T14:37:04+00:00","og_image":[{"width":2000,"height":2000,"url":"https:\/\/www.mancinileather.com\/wp-content\/uploads\/2026\/04\/6700596_Green_A.jpg","type":"image\/jpeg"}],"twitter_card":"summary_large_image","twitter_misc":{"Est. reading time":"1 minute"},"schema":{"@context":"https:\/\/schema.org","@graph":[{"@type":"WebPage","@id":"https:\/\/www.mancinileather.com\/fr\/produit\/south-beach-portefeuille-rfid-a-trois-volets-chequier-pour-dames","url":"https:\/\/www.mancinileather.com\/fr\/produit\/south-beach-portefeuille-rfid-a-trois-volets-chequier-pour-dames","name":"South Beach portefeuille RFID \u00e0 trois volets ch\u00e9quier pour dames - Mancini","isPartOf":{"@id":"https:\/\/www.mancinileather.com\/fr#website"},"primaryImageOfPage":{"@id":"https:\/\/www.mancinileather.com\/fr\/produit\/south-beach-portefeuille-rfid-a-trois-volets-chequier-pour-dames#primaryimage"},"image":{"@id":"https:\/\/www.mancinileather.com\/fr\/produit\/south-beach-portefeuille-rfid-a-trois-volets-chequier-pour-dames#primaryimage"},"thumbnailUrl":"https:\/\/www.mancinileather.com\/wp-content\/uploads\/2026\/04\/6700596_Green_A.jpg","datePublished":"2026-04-17T14:32:51+00:00","dateModified":"2026-04-17T14:37:04+00:00","breadcrumb":{"@id":"https:\/\/www.mancinileather.com\/fr\/produit\/south-beach-portefeuille-rfid-a-trois-volets-chequier-pour-dames#breadcrumb"},"inLanguage":"fr-FR","potentialAction":[{"@type":"ReadAction","target":["https:\/\/www.mancinileather.com\/fr\/produit\/south-beach-portefeuille-rfid-a-trois-volets-chequier-pour-dames"]}]},{"@type":"ImageObject","inLanguage":"fr-FR","@id":"https:\/\/www.mancinileather.com\/fr\/produit\/south-beach-portefeuille-rfid-a-trois-volets-chequier-pour-dames#primaryimage","url":"https:\/\/www.mancinileather.com\/wp-content\/uploads\/2026\/04\/6700596_Green_A.jpg","contentUrl":"https:\/\/www.mancinileather.com\/wp-content\/uploads\/2026\/04\/6700596_Green_A.jpg","width":2000,"height":2000},{"@type":"BreadcrumbList","@id":"https:\/\/www.mancinileather.com\/fr\/produit\/south-beach-portefeuille-rfid-a-trois-volets-chequier-pour-dames#breadcrumb","itemListElement":[{"@type":"ListItem","position":1,"name":"Home","item":"https:\/\/www.mancinileather.com\/fr"},{"@type":"ListItem","position":2,"name":"Boutique","item":"https:\/\/www.mancinileather.com\/fr\/boutique"},{"@type":"ListItem","position":3,"name":"South Beach portefeuille RFID \u00e0 trois volets ch\u00e9quier pour dames"}]},{"@type":"WebSite","@id":"https:\/\/www.mancinileather.com\/fr#website","url":"https:\/\/www.mancinileather.com\/fr","name":"Mancini","description":"Online Leather Store and Products","potentialAction":[{"@type":"SearchAction","target":{"@type":"EntryPoint","urlTemplate":"https:\/\/www.mancinileather.com\/fr?s={search_term_string}"},"query-input":{"@type":"PropertyValueSpecification","valueRequired":true,"valueName":"search_term_string"}}],"inLanguage":"fr-FR"}]}},"brands":[],"_links":{"self":[{"href":"https:\/\/www.mancinileather.com\/fr\/wp-json\/wp\/v2\/product\/74129","targetHints":{"allow":["GET"]}}],"collection":[{"href":"https:\/\/www.mancinileather.com\/fr\/wp-json\/wp\/v2\/product"}],"about":[{"href":"https:\/\/www.mancinileather.com\/fr\/wp-json\/wp\/v2\/types\/product"}],"replies":[{"embeddable":true,"href":"https:\/\/www.mancinileather.com\/fr\/wp-json\/wp\/v2\/comments?post=74129"}],"wp:featuredmedia":[{"embeddable":true,"href":"https:\/\/www.mancinileather.com\/fr\/wp-json\/wp\/v2\/media\/74090"}],"wp:attachment":[{"href":"https:\/\/www.mancinileather.com\/fr\/wp-json\/wp\/v2\/media?parent=74129"}],"wp:term":[{"taxonomy":"pwb-brand","embeddable":true,"href":"https:\/\/www.mancinileather.com\/fr\/wp-json\/wp\/v2\/pwb-brand?post=74129"},{"taxonomy":"product_brand","embeddable":true,"href":"https:\/\/www.mancinileather.com\/fr\/wp-json\/wp\/v2\/product_brand?post=74129"},{"taxonomy":"product_cat","embeddable":true,"href":"https:\/\/www.mancinileather.com\/fr\/wp-json\/wp\/v2\/product_cat?post=74129"},{"taxonomy":"product_tag","embeddable":true,"href":"https:\/\/www.mancinileather.com\/fr\/wp-json\/wp\/v2\/product_tag?post=74129"}],"curies":[{"name":"wp","href":"https:\/\/api.w.org\/{rel}","templated":true}]}}